{"id":34780,"date":"2026-04-19T10:23:39","date_gmt":"2026-04-19T07:23:39","guid":{"rendered":"https:\/\/www.indonesianmarket.fi\/product\/karangsari-bumbu-gado-gado-pedas-180-g\/"},"modified":"2026-04-19T10:25:45","modified_gmt":"2026-04-19T07:25:45","slug":"karangsari-bumbu-gado-gado-pedas-180-g","status":"publish","type":"product","link":"https:\/\/www.indonesianmarket.fi\/id\/product\/karangsari-bumbu-gado-gado-pedas-180-g\/","title":{"rendered":"Karangsari bumbu GADO-GADO pedas 180 g"},"content":{"rendered":"<p>HOT GADO-GADO<br \/>\n<strong>Maap\u00e4hkin\u00e4kastiketiiviste \/ Jordn\u00f6tss\u00e5skoncentrat<\/strong><\/p>\n<p>Nettopaino \/ Nettovikt: 180 g<\/p>\n<p>Ainesosat: <strong>Maap\u00e4hkin\u00e4<\/strong> (89%), palmusokeri, chili, suola, valkosipuli, tamarindi. Liuota kuumaan veteen. S\u00e4ilyt\u00e4 viile\u00e4ss\u00e4 ja pime\u00e4ss\u00e4. Avaamisen j\u00e4lkeen s\u00e4ilyt\u00e4 j\u00e4\u00e4kaapissa.<\/p>\n<p>Ingredienser: <strong>Jordn\u00f6tter<\/strong> (89%), palmsocker, chili, salt, vitl\u00f6k, tamarind. L\u00f6s upp i varmt vatten. F\u00f6rvara svalt och m\u00f6rkt. N\u00e4r den \u00f6ppnats, f\u00f6rvara i kyl.<\/p>\n<p>Ravintosis\u00e4lt\u00f6\/ N\u00e4ringsinneh\u00e5ll 50 g: Energiaa\/Energi 962 kJ (230 kcal), Rasvaa\/Fett 14 g, josta tyydyttynyt\u00e4\/varav m\u00e4ttat 3 g, Hiilihydraatteja\/Kolhydrater 18 g, josta sokereita\/varav sockerarter 14 g, Proteiinia\/Protein 9 g, Suola\/Salt 0,58 g.<\/p>\n<p>Alkuper\u00e4maa \/ Ursprungsland: Indonesia\/Indonesien<\/p>\n<p>Maahantuoja \/ Import\u00f6r: JK Alho, PL 18, 20251 Turku \/ \u00c5bo www.indonesianmarket.fi<\/p>\n<p>P\u00e4ivit\u00e4mme tuotetietoja aktiivisesti. Suosittelemme kuitenkin tarkistamaan ainesosat aina my\u00f6s myyntipakkauksesta.<\/p>\n","protected":false},"excerpt":{"rendered":"<p>HOT GADO-GADO Maap\u00e4hkin\u00e4kastiketiiviste \/ Jordn\u00f6tss\u00e5skoncentrat Nettopaino \/ Nettovikt: 180 g Ainesosat: Maap\u00e4hkin\u00e4 (89%), palmusokeri, chili, suola, valkosipuli, tamarindi. Liuota kuumaan veteen. S\u00e4ilyt\u00e4 viile\u00e4ss\u00e4 ja pime\u00e4ss\u00e4. Avaamisen j\u00e4lkeen s\u00e4ilyt\u00e4 j\u00e4\u00e4kaapissa. Ingredienser: Jordn\u00f6tter (89%), palmsocker, chili, salt, vitl\u00f6k, tamarind. L\u00f6s upp i varmt vatten. F\u00f6rvara svalt och m\u00f6rkt. N\u00e4r den \u00f6ppnats, f\u00f6rvara i kyl. Ravintosis\u00e4lt\u00f6\/ N\u00e4ringsinneh\u00e5ll 50<\/p>\n<div class=\"klb-readmore entry-button\"><a class=\"button\" href=\"https:\/\/www.indonesianmarket.fi\/id\/product\/karangsari-bumbu-gado-gado-pedas-180-g\/\">Read More<\/a><\/div>\n","protected":false},"featured_media":34781,"template":"","meta":[],"product_brand":[2275],"product_cat":[1708,1645],"product_tag":[2179],"class_list":{"0":"post-34780","1":"product","2":"type-product","3":"status-publish","4":"has-post-thumbnail","6":"product_brand-karangsari","7":"product_cat-bumbu-masak-instant","8":"product_cat-sambal-dan-saus-cabai","9":"product_tag-new","11":"first","12":"instock","13":"taxable","14":"shipping-taxable","15":"purchasable","16":"product-type-simple"},"_links":{"self":[{"href":"https:\/\/www.indonesianmarket.fi\/id\/wp-json\/wp\/v2\/product\/34780","targetHints":{"allow":["GET"]}}],"collection":[{"href":"https:\/\/www.indonesianmarket.fi\/id\/wp-json\/wp\/v2\/product"}],"about":[{"href":"https:\/\/www.indonesianmarket.fi\/id\/wp-json\/wp\/v2\/types\/product"}],"version-history":[{"count":0,"href":"https:\/\/www.indonesianmarket.fi\/id\/wp-json\/wp\/v2\/product\/34780\/revisions"}],"wp:featuredmedia":[{"embeddable":true,"href":"https:\/\/www.indonesianmarket.fi\/id\/wp-json\/wp\/v2\/media\/34781"}],"wp:attachment":[{"href":"https:\/\/www.indonesianmarket.fi\/id\/wp-json\/wp\/v2\/media?parent=34780"}],"wp:term":[{"taxonomy":"product_brand","embeddable":true,"href":"https:\/\/www.indonesianmarket.fi\/id\/wp-json\/wp\/v2\/product_brand?post=34780"},{"taxonomy":"product_cat","embeddable":true,"href":"https:\/\/www.indonesianmarket.fi\/id\/wp-json\/wp\/v2\/product_cat?post=34780"},{"taxonomy":"product_tag","embeddable":true,"href":"https:\/\/www.indonesianmarket.fi\/id\/wp-json\/wp\/v2\/product_tag?post=34780"}],"curies":[{"name":"wp","href":"https:\/\/api.w.org\/{rel}","templated":true}]}}