{"id":34650,"date":"2026-03-22T22:44:26","date_gmt":"2026-03-22T20:44:26","guid":{"rendered":"https:\/\/www.indonesianmarket.fi\/product\/koepoe-koepoe-sirup-gula-aren-340-ml\/"},"modified":"2026-04-17T14:11:41","modified_gmt":"2026-04-17T11:11:41","slug":"koepoe-koepoe-sirup-gula-aren-340-ml","status":"publish","type":"product","link":"https:\/\/www.indonesianmarket.fi\/id\/product\/koepoe-koepoe-sirup-gula-aren-340-ml\/","title":{"rendered":"Koepoe-Koepoe sirup gula aren 340 ml"},"content":{"rendered":"<p>Palmusokeri siirappi \/ Palmsocker sirap<\/p>\n<p>Nettopaino \/ Nettovikt: 340 ml<\/p>\n<p>Ainesosat: palmusokeri (65 %), vesi, glukoosisiirappi (sis\u00e4lt\u00e4\u00e4 s\u00e4il\u00f6nt\u00e4aineena<strong> SULFIITTIA<\/strong>), s\u00e4il\u00f6nt\u00e4aineet (kaliumsorbaatti (E202), natriumbentsoaatti (E211)).<\/p>\n<p>Ingredienser: palmsocker (65 %), vatten, glukossirap (inneh\u00e5ller konserveringsmedel <strong>SULFITER<\/strong>), konserveringsmedel (kaliumsorbat (E202), natriumbensoat (E211)).<\/p>\n<p>Ravintosis\u00e4lt\u00f6\/ N\u00e4ringsinneh\u00e5ll 100 ml: Energiaa\/Energi 310 kcal, Rasvaa\/Fett 0 g, josta tyydyttynyt\u00e4\/varav m\u00e4ttat 0 g, Hiilihydraatteja\/Kolhydrater 77 g, josta sokereita\/varav sockerarter 66 g, Proteiinia\/Protein, Suola\/Salt 0,02 g.<\/p>\n<p>Alkuper\u00e4maa \/ Ursprungsland: Indonesia\/Indonesien<\/p>\n<p>Maahantuoja \/ Import\u00f6r: JK Alho, PL 18, 20251 Turku \/ \u00c5bo www.indonesianmarket.fi<\/p>\n<p>P\u00e4ivit\u00e4mme tuotetietoja aktiivisesti. Suosittelemme kuitenkin tarkistamaan ainesosat aina my\u00f6s myyntipakkauksesta.<\/p>\n","protected":false},"excerpt":{"rendered":"<p>Palmusokeri siirappi \/ Palmsocker sirap Nettopaino \/ Nettovikt: 340 ml Ainesosat: palmusokeri (65 %), vesi, glukoosisiirappi (sis\u00e4lt\u00e4\u00e4 s\u00e4il\u00f6nt\u00e4aineena SULFIITTIA), s\u00e4il\u00f6nt\u00e4aineet (kaliumsorbaatti (E202), natriumbentsoaatti (E211)). Ingredienser: palmsocker (65 %), vatten, glukossirap (inneh\u00e5ller konserveringsmedel SULFITER), konserveringsmedel (kaliumsorbat (E202), natriumbensoat (E211)). Ravintosis\u00e4lt\u00f6\/ N\u00e4ringsinneh\u00e5ll 100 ml: Energiaa\/Energi 310 kcal, Rasvaa\/Fett 0 g, josta tyydyttynyt\u00e4\/varav m\u00e4ttat 0 g, Hiilihydraatteja\/Kolhydrater 77<\/p>\n<div class=\"klb-readmore entry-button\"><a class=\"button\" href=\"https:\/\/www.indonesianmarket.fi\/id\/product\/koepoe-koepoe-sirup-gula-aren-340-ml\/\">Read More<\/a><\/div>\n","protected":false},"featured_media":34651,"template":"","meta":[],"product_brand":[2281],"product_cat":[1666],"product_tag":[2179],"class_list":{"0":"post-34650","1":"product","2":"type-product","3":"status-publish","4":"has-post-thumbnail","6":"product_brand-koepoe-koepoe","7":"product_cat-juomat-kahvit-ja-teet-1","8":"product_tag-new","10":"first","11":"instock","12":"taxable","13":"shipping-taxable","14":"purchasable","15":"product-type-simple"},"_links":{"self":[{"href":"https:\/\/www.indonesianmarket.fi\/id\/wp-json\/wp\/v2\/product\/34650","targetHints":{"allow":["GET"]}}],"collection":[{"href":"https:\/\/www.indonesianmarket.fi\/id\/wp-json\/wp\/v2\/product"}],"about":[{"href":"https:\/\/www.indonesianmarket.fi\/id\/wp-json\/wp\/v2\/types\/product"}],"version-history":[{"count":0,"href":"https:\/\/www.indonesianmarket.fi\/id\/wp-json\/wp\/v2\/product\/34650\/revisions"}],"wp:featuredmedia":[{"embeddable":true,"href":"https:\/\/www.indonesianmarket.fi\/id\/wp-json\/wp\/v2\/media\/34651"}],"wp:attachment":[{"href":"https:\/\/www.indonesianmarket.fi\/id\/wp-json\/wp\/v2\/media?parent=34650"}],"wp:term":[{"taxonomy":"product_brand","embeddable":true,"href":"https:\/\/www.indonesianmarket.fi\/id\/wp-json\/wp\/v2\/product_brand?post=34650"},{"taxonomy":"product_cat","embeddable":true,"href":"https:\/\/www.indonesianmarket.fi\/id\/wp-json\/wp\/v2\/product_cat?post=34650"},{"taxonomy":"product_tag","embeddable":true,"href":"https:\/\/www.indonesianmarket.fi\/id\/wp-json\/wp\/v2\/product_tag?post=34650"}],"curies":[{"name":"wp","href":"https:\/\/api.w.org\/{rel}","templated":true}]}}