{"id":34076,"date":"2026-03-22T22:44:26","date_gmt":"2026-03-22T20:44:26","guid":{"rendered":"https:\/\/www.indonesianmarket.fi\/product\/dua-kuali-bumbu-bali-50-g\/"},"modified":"2026-04-16T19:19:29","modified_gmt":"2026-04-16T16:19:29","slug":"dua-kuali-bumbu-bali-50-g","status":"publish","type":"product","link":"https:\/\/www.indonesianmarket.fi\/id\/product\/dua-kuali-bumbu-bali-50-g\/","title":{"rendered":"Dua kuali bumbu BALI 50 g"},"content":{"rendered":"<p>Bali maustetahna \/ kryddig pasta<\/p>\n<p>Nettopaino \/ Nettovikt: 50 g<\/p>\n<p>Ainesosat:chili (40 %), sokeri, suola, salottisipuli (15,4 %), valkosipuli (9 %), palmu\u00f6ljy, inkiv\u00e4\u00e4ri (2,3 %),<strong> p\u00e4hkin\u00e4 (kemiri)<\/strong> (2,7 %), <strong>soijakastike<\/strong> (0,5 %), happamuudens\u00e4\u00e4t\u00f6aine sitruunahappo (E330), antioksidantti (E321), s\u00e4il\u00f6nt\u00e4aine (E211).<\/p>\n<p>Ingredienser: chili (40 %), socker, salt, schalottenl\u00f6k (15,4 %), vitl\u00f6k (9 %), palmolja, ingef\u00e4ra (2,3 %), <strong>kemirin\u00f6t<\/strong> (2,7 %),<strong> sojas\u00e5s<\/strong> (0,5 %), surhetsreglerande medel citronsyra (E330), antioxidant (E321), konserveringsmedel (E211).<\/p>\n<p>S\u00e4ilytysohjeet\/ F\u00f6rvaringsr\u00e5d:S\u00e4ilyt\u00e4 kuivassa ja viile\u00e4ss\u00e4\/F\u00f6rvaras torrt och svalt.<\/p>\n<p>Alkuper\u00e4maa \/ Ursprungsland: Indonesia\/Indonesien<\/p>\n<p>Ravintosis\u00e4lt\u00f6\/ N\u00e4ringsinneh\u00e5ll 100 g: Energiaa\/Energi 853 kJ (203 kcal), Rasvaa\/Fett 9,1 g, josta tyydyttynyt\u00e4\/varav m\u00e4ttat 3,1 g, Hiilihydraatteja\/Kolhydrater 28 g, josta sokereita\/varav sockerarter 17 g, Proteiinia\/Protein 2,6 g, Suola\/Salt 4,5 g.<\/p>\n<p>Maahantuoja \/ Import\u00f6r: JK Alho, PL 18, 20251 Turku \/ \u00c5bo www.indonesianmarket.fi<\/p>\n<p>P\u00e4ivit\u00e4mme tuotetietoja aktiivisesti. Suosittelemme kuitenkin tarkistamaan ainesosat aina my\u00f6s myyntipakkauksesta.<\/p>\n","protected":false},"excerpt":{"rendered":"<p>Bali maustetahna \/ kryddig pasta Nettopaino \/ Nettovikt: 50 g Ainesosat:chili (40 %), sokeri, suola, salottisipuli (15,4 %), valkosipuli (9 %), palmu\u00f6ljy, inkiv\u00e4\u00e4ri (2,3 %), p\u00e4hkin\u00e4 (kemiri) (2,7 %), soijakastike (0,5 %), happamuudens\u00e4\u00e4t\u00f6aine sitruunahappo (E330), antioksidantti (E321), s\u00e4il\u00f6nt\u00e4aine (E211). Ingredienser: chili (40 %), socker, salt, schalottenl\u00f6k (15,4 %), vitl\u00f6k (9 %), palmolja, ingef\u00e4ra (2,3 %),<\/p>\n<div class=\"klb-readmore entry-button\"><a class=\"button\" href=\"https:\/\/www.indonesianmarket.fi\/id\/product\/dua-kuali-bumbu-bali-50-g\/\">Read More<\/a><\/div>\n","protected":false},"featured_media":34074,"template":"","meta":[],"product_brand":[2257],"product_cat":[1708],"product_tag":[2179],"class_list":{"0":"post-34076","1":"product","2":"type-product","3":"status-publish","4":"has-post-thumbnail","6":"product_brand-dua-kuali","7":"product_cat-bumbu-masak-instant","8":"product_tag-new","10":"first","11":"instock","12":"taxable","13":"shipping-taxable","14":"purchasable","15":"product-type-simple"},"_links":{"self":[{"href":"https:\/\/www.indonesianmarket.fi\/id\/wp-json\/wp\/v2\/product\/34076","targetHints":{"allow":["GET"]}}],"collection":[{"href":"https:\/\/www.indonesianmarket.fi\/id\/wp-json\/wp\/v2\/product"}],"about":[{"href":"https:\/\/www.indonesianmarket.fi\/id\/wp-json\/wp\/v2\/types\/product"}],"version-history":[{"count":2,"href":"https:\/\/www.indonesianmarket.fi\/id\/wp-json\/wp\/v2\/product\/34076\/revisions"}],"predecessor-version":[{"id":34588,"href":"https:\/\/www.indonesianmarket.fi\/id\/wp-json\/wp\/v2\/product\/34076\/revisions\/34588"}],"wp:featuredmedia":[{"embeddable":true,"href":"https:\/\/www.indonesianmarket.fi\/id\/wp-json\/wp\/v2\/media\/34074"}],"wp:attachment":[{"href":"https:\/\/www.indonesianmarket.fi\/id\/wp-json\/wp\/v2\/media?parent=34076"}],"wp:term":[{"taxonomy":"product_brand","embeddable":true,"href":"https:\/\/www.indonesianmarket.fi\/id\/wp-json\/wp\/v2\/product_brand?post=34076"},{"taxonomy":"product_cat","embeddable":true,"href":"https:\/\/www.indonesianmarket.fi\/id\/wp-json\/wp\/v2\/product_cat?post=34076"},{"taxonomy":"product_tag","embeddable":true,"href":"https:\/\/www.indonesianmarket.fi\/id\/wp-json\/wp\/v2\/product_tag?post=34076"}],"curies":[{"name":"wp","href":"https:\/\/api.w.org\/{rel}","templated":true}]}}