{"id":31840,"date":"2025-09-27T13:27:57","date_gmt":"2025-09-27T10:27:57","guid":{"rendered":"https:\/\/www.indonesianmarket.fi\/product\/bucket-5l-goreng-krupuk-kaleng-200-g\/"},"modified":"2026-04-13T16:16:13","modified_gmt":"2026-04-13T13:16:13","slug":"bucket-5l-goreng-krupuk-kaleng-200-g","status":"publish","type":"product","link":"https:\/\/www.indonesianmarket.fi\/id\/product\/bucket-5l-goreng-krupuk-kaleng-200-g\/","title":{"rendered":"Bucket 5L goreng krupuk KALENG 200 G"},"content":{"rendered":"<p>BUCKET KRUPUK GORENG KALENG\/BLEK<br \/>\n<strong>Paistettut tapiokalastut\/Stekt tapiokachips<\/strong><\/p>\n<p><strong>Nettopaino\/nettovikt: <\/strong>200g (noin 15 kpl)<\/p>\n<p><strong>Ainesosat:<\/strong><br \/>\nIndonesialainen tapiokalastut (tapiokajauho, valkosipuli, sokeri, suola, arominvahvenne (E621), nostatusaine (E500ii)), rapsi\u00f6ljy.<br \/>\n<strong>Ingredienser:<\/strong><br \/>\nIndonesiskt tapiokachips (tapiokamj\u00f6l, vitl\u00f6k, socker, salt, smakf\u00f6rst\u00e4rkare (E621), j\u00e4smedel (E500ii)), rapsolja.<\/p>\n<p><strong>Ravintosis\u00e4lt\u00f6 \/ N\u00e4ringsdeklaration per 100g:<\/strong> Energia\/Energi 1972kJ\/471 kcal, Rasva\/Fett 24,1 g, -josta tyydyttynytt\u00e4\/-varav m\u00e4ttade 1,4g, Hiilihydraatit\/Kolhydrater 63,7g, -josta sokereita\/- varav sockerarter 5,3g, Proteiini\/Protein 0,8g, Suola\/Salt 1,5 g.<\/p>\n<p>Paistettu suomessa, tapiokalastu alkuper\u00e4maa: Indonesia<\/p>\n","protected":false},"excerpt":{"rendered":"<p>BUCKET KRUPUK GORENG KALENG\/BLEK Paistettut tapiokalastut\/Stekt tapiokachips Nettopaino\/nettovikt: 200g (noin 15 kpl) Ainesosat: Indonesialainen tapiokalastut (tapiokajauho, valkosipuli, sokeri, suola, arominvahvenne (E621), nostatusaine (E500ii)), rapsi\u00f6ljy. Ingredienser: Indonesiskt tapiokachips (tapiokamj\u00f6l, vitl\u00f6k, socker, salt, smakf\u00f6rst\u00e4rkare (E621), j\u00e4smedel (E500ii)), rapsolja. Ravintosis\u00e4lt\u00f6 \/ N\u00e4ringsdeklaration per 100g: Energia\/Energi 1972kJ\/471 kcal, Rasva\/Fett 24,1 g, -josta tyydyttynytt\u00e4\/-varav m\u00e4ttade 1,4g, Hiilihydraatit\/Kolhydrater 63,7g, -josta sokereita\/-<\/p>\n<div class=\"klb-readmore entry-button\"><a class=\"button\" href=\"https:\/\/www.indonesianmarket.fi\/id\/product\/bucket-5l-goreng-krupuk-kaleng-200-g\/\">Read More<\/a><\/div>\n","protected":false},"featured_media":31831,"template":"","meta":[],"product_brand":[2189],"product_cat":[1723],"product_tag":[],"class_list":{"0":"post-31840","1":"product","2":"type-product","3":"status-publish","4":"has-post-thumbnail","6":"product_brand-in-house","7":"product_cat-krupuk-goreng","9":"first","10":"instock","11":"taxable","12":"shipping-taxable","13":"purchasable","14":"product-type-simple"},"_links":{"self":[{"href":"https:\/\/www.indonesianmarket.fi\/id\/wp-json\/wp\/v2\/product\/31840","targetHints":{"allow":["GET"]}}],"collection":[{"href":"https:\/\/www.indonesianmarket.fi\/id\/wp-json\/wp\/v2\/product"}],"about":[{"href":"https:\/\/www.indonesianmarket.fi\/id\/wp-json\/wp\/v2\/types\/product"}],"version-history":[{"count":3,"href":"https:\/\/www.indonesianmarket.fi\/id\/wp-json\/wp\/v2\/product\/31840\/revisions"}],"predecessor-version":[{"id":34470,"href":"https:\/\/www.indonesianmarket.fi\/id\/wp-json\/wp\/v2\/product\/31840\/revisions\/34470"}],"wp:featuredmedia":[{"embeddable":true,"href":"https:\/\/www.indonesianmarket.fi\/id\/wp-json\/wp\/v2\/media\/31831"}],"wp:attachment":[{"href":"https:\/\/www.indonesianmarket.fi\/id\/wp-json\/wp\/v2\/media?parent=31840"}],"wp:term":[{"taxonomy":"product_brand","embeddable":true,"href":"https:\/\/www.indonesianmarket.fi\/id\/wp-json\/wp\/v2\/product_brand?post=31840"},{"taxonomy":"product_cat","embeddable":true,"href":"https:\/\/www.indonesianmarket.fi\/id\/wp-json\/wp\/v2\/product_cat?post=31840"},{"taxonomy":"product_tag","embeddable":true,"href":"https:\/\/www.indonesianmarket.fi\/id\/wp-json\/wp\/v2\/product_tag?post=31840"}],"curies":[{"name":"wp","href":"https:\/\/api.w.org\/{rel}","templated":true}]}}