{"id":31432,"date":"2025-09-03T23:44:37","date_gmt":"2025-09-03T20:44:37","guid":{"rendered":"https:\/\/www.indonesianmarket.fi\/product\/tanam-jagung-bihun-jagung-320-g\/"},"modified":"2026-03-27T02:58:03","modified_gmt":"2026-03-27T00:58:03","slug":"tanam-jagung-bihun-jagung-320-g","status":"publish","type":"product","link":"https:\/\/www.indonesianmarket.fi\/id\/product\/tanam-jagung-bihun-jagung-320-g\/","title":{"rendered":"Tanam Jagung bihun jagung 320 g"},"content":{"rendered":"<p>Maissinuudeli \/ majsnudlar.<\/p>\n<p>Nettopaino\/Nettovikt: 320 g<\/p>\n<p>Ainesosat: Maissit\u00e4rkkelys (99,8 %), kasviper\u00e4inen sakeuttamisaine, fosfaattistabilointiaine.<\/p>\n<p>Ingredienser: Majsst\u00e4rkelse (99,8 %), vegetabiliskt f\u00f6rtjockningsmedel, fosfatstabiliseringsmedel.<\/p>\n<p>Alkuper\u00e4maa \/ Ursprungsland: Indonesia \/ Indonesia.<\/p>\n<p>Ravintosis\u00e4lt\u00f6\/ N\u00e4ringsinneh\u00e5ll 70 g: Energiaa\/Energi 250 kcal, Rasvaa\/Fett 0 g, josta tyydyttynyt\u00e4\/varav m\u00e4ttat 0 g, Hiilihydraatteja\/Kolhydrater 62 g, josta sokereita\/varav sockerarter 0 g, Proteiinia\/Protein 0 g, Suola\/Salt 0,040 g.<\/p>\n<p>Maahantuoja \/ Importir: JK Alho, PL 18, 20251 Turku \/ \u00c5bo www.indonesianmarket.fi<\/p>\n<p>P\u00e4ivit\u00e4mme tuotetietoja aktiivisesti. Suosittelemme kuitenkin tarkistamaan ainesosat aina my\u00f6s myyntipakkauksesta. <\/p>\n","protected":false},"excerpt":{"rendered":"<p>Maissinuudeli \/ majsnudlar. Nettopaino\/Nettovikt: 320 g Ainesosat: Maissit\u00e4rkkelys (99,8 %), kasviper\u00e4inen sakeuttamisaine, fosfaattistabilointiaine. Ingredienser: Majsst\u00e4rkelse (99,8 %), vegetabiliskt f\u00f6rtjockningsmedel, fosfatstabiliseringsmedel. Alkuper\u00e4maa \/ Ursprungsland: Indonesia \/ Indonesia. Ravintosis\u00e4lt\u00f6\/ N\u00e4ringsinneh\u00e5ll 70 g: Energiaa\/Energi 250 kcal, Rasvaa\/Fett 0 g, josta tyydyttynyt\u00e4\/varav m\u00e4ttat 0 g, Hiilihydraatteja\/Kolhydrater 62 g, josta sokereita\/varav sockerarter 0 g, Proteiinia\/Protein 0 g, Suola\/Salt 0,040 g.<\/p>\n<div class=\"klb-readmore entry-button\"><a class=\"button\" href=\"https:\/\/www.indonesianmarket.fi\/id\/product\/tanam-jagung-bihun-jagung-320-g\/\">Read More<\/a><\/div>\n","protected":false},"featured_media":31377,"template":"","meta":[],"product_brand":[],"product_cat":[1684],"product_tag":[],"class_list":{"0":"post-31432","1":"product","2":"type-product","3":"status-publish","4":"has-post-thumbnail","6":"product_cat-mie-beras-dan-terigu","8":"first","9":"instock","10":"taxable","11":"shipping-taxable","12":"purchasable","13":"product-type-simple"},"_links":{"self":[{"href":"https:\/\/www.indonesianmarket.fi\/id\/wp-json\/wp\/v2\/product\/31432","targetHints":{"allow":["GET"]}}],"collection":[{"href":"https:\/\/www.indonesianmarket.fi\/id\/wp-json\/wp\/v2\/product"}],"about":[{"href":"https:\/\/www.indonesianmarket.fi\/id\/wp-json\/wp\/v2\/types\/product"}],"version-history":[{"count":2,"href":"https:\/\/www.indonesianmarket.fi\/id\/wp-json\/wp\/v2\/product\/31432\/revisions"}],"predecessor-version":[{"id":34098,"href":"https:\/\/www.indonesianmarket.fi\/id\/wp-json\/wp\/v2\/product\/31432\/revisions\/34098"}],"wp:featuredmedia":[{"embeddable":true,"href":"https:\/\/www.indonesianmarket.fi\/id\/wp-json\/wp\/v2\/media\/31377"}],"wp:attachment":[{"href":"https:\/\/www.indonesianmarket.fi\/id\/wp-json\/wp\/v2\/media?parent=31432"}],"wp:term":[{"taxonomy":"product_brand","embeddable":true,"href":"https:\/\/www.indonesianmarket.fi\/id\/wp-json\/wp\/v2\/product_brand?post=31432"},{"taxonomy":"product_cat","embeddable":true,"href":"https:\/\/www.indonesianmarket.fi\/id\/wp-json\/wp\/v2\/product_cat?post=31432"},{"taxonomy":"product_tag","embeddable":true,"href":"https:\/\/www.indonesianmarket.fi\/id\/wp-json\/wp\/v2\/product_tag?post=31432"}],"curies":[{"name":"wp","href":"https:\/\/api.w.org\/{rel}","templated":true}]}}