{"id":31359,"date":"2025-09-03T22:59:14","date_gmt":"2025-09-03T19:59:14","guid":{"rendered":"https:\/\/www.indonesianmarket.fi\/product\/kuda-menjangan-mie-terigu-kecil-200-g\/"},"modified":"2026-03-26T16:27:42","modified_gmt":"2026-03-26T14:27:42","slug":"kuda-menjangan-mie-terigu-kecil-200-g","status":"publish","type":"product","link":"https:\/\/www.indonesianmarket.fi\/id\/product\/kuda-menjangan-mie-terigu-kecil-200-g\/","title":{"rendered":"Kuda menjangan mie terigu KECIL 200 g"},"content":{"rendered":"<p><strong>Vehn\u00e4nuudeli\/Vetenudel<\/strong><\/p>\n<p>Nettopaino\/Nettovikt: 200 g<\/p>\n<p>Ainesosat: <strong>Vehn\u00e4jauho<\/strong>, suola, happamuudens\u00e4\u00e4t\u00f6aineet (kaliumkarbonaatti, natriumkarbonaatti).<\/p>\n<p>Ingredienser: <strong>Vetemj\u00f6l,<\/strong> salt, surhetsreglerande medel (kaliumkarbonat, natriumkarbonat).<\/p>\n<p>Alkuper\u00e4maa \/ Ursprungsland: Indonesia \/ Indonesia.<\/p>\n<p>Ravintosis\u00e4lt\u00f6\/ N\u00e4ringsinneh\u00e5ll 50 g: Energiaa\/Energi 180 kcal, Rasvaa\/Fett 0,5 g, josta tyydyttynyt\u00e4\/varav m\u00e4ttat 0 g, Hiilihydraatteja\/Kolhydrater 37 g, josta sokereita\/varav sockerarter 1 g, Proteiinia\/Protein 6 g, Suola\/Salt 0,6 g.<\/p>\n<p>Maahantuoja \/ Importir: JK Alho, PL 18, 20251 Turku \/ \u00c5bo www.indonesianmarket.fi<\/p>\n<p>P\u00e4ivit\u00e4mme tuotetietoja aktiivisesti. Suosittelemme kuitenkin tarkistamaan ainesosat aina my\u00f6s myyntipakkauksesta. <\/p>\n","protected":false},"excerpt":{"rendered":"<p>Vehn\u00e4nuudeli\/Vetenudel Nettopaino\/Nettovikt: 200 g Ainesosat: Vehn\u00e4jauho, suola, happamuudens\u00e4\u00e4t\u00f6aineet (kaliumkarbonaatti, natriumkarbonaatti). Ingredienser: Vetemj\u00f6l, salt, surhetsreglerande medel (kaliumkarbonat, natriumkarbonat). Alkuper\u00e4maa \/ Ursprungsland: Indonesia \/ Indonesia. Ravintosis\u00e4lt\u00f6\/ N\u00e4ringsinneh\u00e5ll 50 g: Energiaa\/Energi 180 kcal, Rasvaa\/Fett 0,5 g, josta tyydyttynyt\u00e4\/varav m\u00e4ttat 0 g, Hiilihydraatteja\/Kolhydrater 37 g, josta sokereita\/varav sockerarter 1 g, Proteiinia\/Protein 6 g, Suola\/Salt 0,6 g. Maahantuoja \/ Importir:<\/p>\n<div class=\"klb-readmore entry-button\"><a class=\"button\" href=\"https:\/\/www.indonesianmarket.fi\/id\/product\/kuda-menjangan-mie-terigu-kecil-200-g\/\">Read More<\/a><\/div>\n","protected":false},"featured_media":31356,"template":"","meta":[],"product_brand":[],"product_cat":[1684],"product_tag":[],"class_list":{"0":"post-31359","1":"product","2":"type-product","3":"status-publish","4":"has-post-thumbnail","6":"product_cat-mie-beras-dan-terigu","8":"first","9":"instock","10":"taxable","11":"shipping-taxable","12":"purchasable","13":"product-type-simple"},"_links":{"self":[{"href":"https:\/\/www.indonesianmarket.fi\/id\/wp-json\/wp\/v2\/product\/31359","targetHints":{"allow":["GET"]}}],"collection":[{"href":"https:\/\/www.indonesianmarket.fi\/id\/wp-json\/wp\/v2\/product"}],"about":[{"href":"https:\/\/www.indonesianmarket.fi\/id\/wp-json\/wp\/v2\/types\/product"}],"version-history":[{"count":3,"href":"https:\/\/www.indonesianmarket.fi\/id\/wp-json\/wp\/v2\/product\/31359\/revisions"}],"predecessor-version":[{"id":34024,"href":"https:\/\/www.indonesianmarket.fi\/id\/wp-json\/wp\/v2\/product\/31359\/revisions\/34024"}],"wp:featuredmedia":[{"embeddable":true,"href":"https:\/\/www.indonesianmarket.fi\/id\/wp-json\/wp\/v2\/media\/31356"}],"wp:attachment":[{"href":"https:\/\/www.indonesianmarket.fi\/id\/wp-json\/wp\/v2\/media?parent=31359"}],"wp:term":[{"taxonomy":"product_brand","embeddable":true,"href":"https:\/\/www.indonesianmarket.fi\/id\/wp-json\/wp\/v2\/product_brand?post=31359"},{"taxonomy":"product_cat","embeddable":true,"href":"https:\/\/www.indonesianmarket.fi\/id\/wp-json\/wp\/v2\/product_cat?post=31359"},{"taxonomy":"product_tag","embeddable":true,"href":"https:\/\/www.indonesianmarket.fi\/id\/wp-json\/wp\/v2\/product_tag?post=31359"}],"curies":[{"name":"wp","href":"https:\/\/api.w.org\/{rel}","templated":true}]}}