{"id":31345,"date":"2025-09-03T22:38:20","date_gmt":"2025-09-03T19:38:20","guid":{"rendered":"https:\/\/www.indonesianmarket.fi\/product\/dua-kemiri-minyak-kemiri-40-ml\/"},"modified":"2026-02-03T12:36:21","modified_gmt":"2026-02-03T10:36:21","slug":"dua-kemiri-minyak-kemiri-40-ml","status":"publish","type":"product","link":"https:\/\/www.indonesianmarket.fi\/id\/product\/dua-kemiri-minyak-kemiri-40-ml\/","title":{"rendered":"Dua kemiri &#8211; minyak rambut KEMIRI 40 ml"},"content":{"rendered":"<p><strong>Kemiri-hius\u00f6ljy\/Kemiri-h\u00e5rolja<\/strong><\/p>\n<p>Nettopaino\/Nettovikt: 40 ml<br \/>\nAinesosat: Mineraali\u00f6ljy, aleurites moluccana &#8211;<strong>p\u00e4hkin\u00e4\u00f6ljy<\/strong>, hajuste, CI 61565.<\/p>\n<p>Ingredienser: Mineralolja, Aleurites moluccana-<strong>n\u00f6tolja<\/strong>, parfym, CI 61565.<\/p>\n<p>Alkuper\u00e4maa \/ Ursprungsland: Indonesia\/Indonesien.<\/p>\n<p>Maahantuoja \/ Import\u00f6r: JK Alho, PL 18, 20251 Turku \/ \u00c5bo www.indonesianmarket.fi<\/p>\n<p>P\u00e4ivit\u00e4mme tuotetietoja aktiivisesti. Suosittelemme kuitenkin tarkistamaan ainesosat aina my\u00f6s myyntipakkauksesta.<\/p>\n","protected":false},"excerpt":{"rendered":"<p>Kemiri-hius\u00f6ljy\/Kemiri-h\u00e5rolja Nettopaino\/Nettovikt: 40 ml Ainesosat: Mineraali\u00f6ljy, aleurites moluccana &#8211;p\u00e4hkin\u00e4\u00f6ljy, hajuste, CI 61565. Ingredienser: Mineralolja, Aleurites moluccana-n\u00f6tolja, parfym, CI 61565. Alkuper\u00e4maa \/ Ursprungsland: Indonesia\/Indonesien. Maahantuoja \/ Import\u00f6r: JK Alho, PL 18, 20251 Turku \/ \u00c5bo www.indonesianmarket.fi P\u00e4ivit\u00e4mme tuotetietoja aktiivisesti. Suosittelemme kuitenkin tarkistamaan ainesosat aina my\u00f6s myyntipakkauksesta.<\/p>\n","protected":false},"featured_media":31342,"template":"","meta":[],"product_brand":[2213],"product_cat":[1777],"product_tag":[],"class_list":{"0":"post-31345","1":"product","2":"type-product","3":"status-publish","4":"has-post-thumbnail","6":"product_brand-dua-kemiri","7":"product_cat-non-food","9":"first","10":"instock","11":"taxable","12":"shipping-taxable","13":"purchasable","14":"product-type-simple"},"_links":{"self":[{"href":"https:\/\/www.indonesianmarket.fi\/id\/wp-json\/wp\/v2\/product\/31345","targetHints":{"allow":["GET"]}}],"collection":[{"href":"https:\/\/www.indonesianmarket.fi\/id\/wp-json\/wp\/v2\/product"}],"about":[{"href":"https:\/\/www.indonesianmarket.fi\/id\/wp-json\/wp\/v2\/types\/product"}],"version-history":[{"count":4,"href":"https:\/\/www.indonesianmarket.fi\/id\/wp-json\/wp\/v2\/product\/31345\/revisions"}],"predecessor-version":[{"id":31507,"href":"https:\/\/www.indonesianmarket.fi\/id\/wp-json\/wp\/v2\/product\/31345\/revisions\/31507"}],"wp:featuredmedia":[{"embeddable":true,"href":"https:\/\/www.indonesianmarket.fi\/id\/wp-json\/wp\/v2\/media\/31342"}],"wp:attachment":[{"href":"https:\/\/www.indonesianmarket.fi\/id\/wp-json\/wp\/v2\/media?parent=31345"}],"wp:term":[{"taxonomy":"product_brand","embeddable":true,"href":"https:\/\/www.indonesianmarket.fi\/id\/wp-json\/wp\/v2\/product_brand?post=31345"},{"taxonomy":"product_cat","embeddable":true,"href":"https:\/\/www.indonesianmarket.fi\/id\/wp-json\/wp\/v2\/product_cat?post=31345"},{"taxonomy":"product_tag","embeddable":true,"href":"https:\/\/www.indonesianmarket.fi\/id\/wp-json\/wp\/v2\/product_tag?post=31345"}],"curies":[{"name":"wp","href":"https:\/\/api.w.org\/{rel}","templated":true}]}}