{"id":31335,"date":"2025-09-03T21:52:51","date_gmt":"2025-09-03T18:52:51","guid":{"rendered":"https:\/\/www.indonesianmarket.fi\/product\/nutrijell-jelly-powder-serbuk-jeli-rasa-kurma-15-g\/"},"modified":"2026-03-20T12:28:24","modified_gmt":"2026-03-20T10:28:24","slug":"nutrijell-jelly-powder-serbuk-jeli-rasa-kurma-15-g","status":"publish","type":"product","link":"https:\/\/www.indonesianmarket.fi\/id\/product\/nutrijell-jelly-powder-serbuk-jeli-rasa-kurma-15-g\/","title":{"rendered":"Nutrijell jelly powder &#8211; serbuk jeli rasa KURMA 15 g"},"content":{"rendered":"<p>TAATELI-makuiset hyytel\u00f6jauhe\/ Gel\u00e9pulver med dadelsmak.<\/p>\n<p>Nettopaino\/Nettovikt: 15 g.<\/p>\n<p>Ainesosat: Sokeri, konjak-jauhe, suola, keinotekoinen aromi, karrageeni (5 %), kasviper\u00e4inen stabilointiaine (E410), kalsiumlaktaatti (E327), frukto-oligosakkaridit (FOS), palmusokeri, happamuudens\u00e4\u00e4t\u00f6aine, synteettinen elintarvikev\u00e4ri (E102, E122, E133), kanelijauhe, luonnollinen elintarvikev\u00e4ri \u2013 kasvipohjainen hiili (E153), D-vitamiini (sis\u00e4lt\u00e4\u00e4 antioksidanttia tokoferolia) 1,1415 \u00b5g.Varoitus: E102, E122, E133 ja E153 voivat heikent\u00e4\u00e4 lasten aktiivisuutta ja tarkkaavaisuutta.<\/p>\n<p>Ingredienser: Socker, konjakpulver, salt, artificiell arom, karrageenan (5 %), vegetabiliskt stabiliseringsmedel (E410), kalciumlaktat (E327), frukto-oligosackarider (FOS), palmsocker, surhetsreglerande medel, syntetiskt livsmedelsf\u00e4rg\u00e4mne (E102, E122, E133), kanelpulver, naturligt livsmedelsf\u00e4rg\u00e4mne \u2013 vegetabiliskt kol (E153), vitamin D (inneh\u00e5ller antioxidant tokoferol) 1,1415 \u00b5g.Varning: E102, E122, E133 och E153 kan p\u00e5verka barns aktivitet och koncentration negativt.<\/p>\n<p>Alkuper\u00e4maa \/ Ursprungsland: Indonesia\/Indonesien.<br \/>\nRavintosis\u00e4lt\u00f6\/ N\u00e4ringsinneh\u00e5ll 10 g: Energiaa\/Energi 30 kcal, Rasvaa\/Fett 0 g, josta tyydyttynyt\u00e4\/varav m\u00e4ttat 0 g, Hiilihydraatteja\/Kolhydrater 8 g, josta sokereita\/varav sockerarter 1 g, Proteiinia\/Protein 0 g, Suola\/Salt 0,1 g<\/p>\n<p>Maahantuoja \/ Import\u00f6r: JK Alho, PL 18, 20251 Turku \/ \u00c5bo www.indonesianmarket.fi<\/p>\n<p>P\u00e4ivit\u00e4mme tuotetietoja aktiivisesti. Suosittelemme kuitenkin tarkistamaan ainesosat aina my\u00f6s myyntipakkauksesta.<\/p>\n","protected":false},"excerpt":{"rendered":"<p>TAATELI-makuiset hyytel\u00f6jauhe\/ Gel\u00e9pulver med dadelsmak. Nettopaino\/Nettovikt: 15 g. Ainesosat: Sokeri, konjak-jauhe, suola, keinotekoinen aromi, karrageeni (5 %), kasviper\u00e4inen stabilointiaine (E410), kalsiumlaktaatti (E327), frukto-oligosakkaridit (FOS), palmusokeri, happamuudens\u00e4\u00e4t\u00f6aine, synteettinen elintarvikev\u00e4ri (E102, E122, E133), kanelijauhe, luonnollinen elintarvikev\u00e4ri \u2013 kasvipohjainen hiili (E153), D-vitamiini (sis\u00e4lt\u00e4\u00e4 antioksidanttia tokoferolia) 1,1415 \u00b5g.Varoitus: E102, E122, E133 ja E153 voivat heikent\u00e4\u00e4 lasten aktiivisuutta ja tarkkaavaisuutta.<\/p>\n<div class=\"klb-readmore entry-button\"><a class=\"button\" href=\"https:\/\/www.indonesianmarket.fi\/id\/product\/nutrijell-jelly-powder-serbuk-jeli-rasa-kurma-15-g\/\">Read More<\/a><\/div>\n","protected":false},"featured_media":31325,"template":"","meta":[],"product_brand":[],"product_cat":[1669],"product_tag":[],"class_list":{"0":"post-31335","1":"product","2":"type-product","3":"status-publish","4":"has-post-thumbnail","6":"product_cat-livonta-1","8":"first","9":"instock","10":"taxable","11":"shipping-taxable","12":"purchasable","13":"product-type-simple"},"_links":{"self":[{"href":"https:\/\/www.indonesianmarket.fi\/id\/wp-json\/wp\/v2\/product\/31335","targetHints":{"allow":["GET"]}}],"collection":[{"href":"https:\/\/www.indonesianmarket.fi\/id\/wp-json\/wp\/v2\/product"}],"about":[{"href":"https:\/\/www.indonesianmarket.fi\/id\/wp-json\/wp\/v2\/types\/product"}],"version-history":[{"count":3,"href":"https:\/\/www.indonesianmarket.fi\/id\/wp-json\/wp\/v2\/product\/31335\/revisions"}],"predecessor-version":[{"id":31519,"href":"https:\/\/www.indonesianmarket.fi\/id\/wp-json\/wp\/v2\/product\/31335\/revisions\/31519"}],"wp:featuredmedia":[{"embeddable":true,"href":"https:\/\/www.indonesianmarket.fi\/id\/wp-json\/wp\/v2\/media\/31325"}],"wp:attachment":[{"href":"https:\/\/www.indonesianmarket.fi\/id\/wp-json\/wp\/v2\/media?parent=31335"}],"wp:term":[{"taxonomy":"product_brand","embeddable":true,"href":"https:\/\/www.indonesianmarket.fi\/id\/wp-json\/wp\/v2\/product_brand?post=31335"},{"taxonomy":"product_cat","embeddable":true,"href":"https:\/\/www.indonesianmarket.fi\/id\/wp-json\/wp\/v2\/product_cat?post=31335"},{"taxonomy":"product_tag","embeddable":true,"href":"https:\/\/www.indonesianmarket.fi\/id\/wp-json\/wp\/v2\/product_tag?post=31335"}],"curies":[{"name":"wp","href":"https:\/\/api.w.org\/{rel}","templated":true}]}}