{"id":31274,"date":"2025-09-03T20:21:18","date_gmt":"2025-09-03T17:21:18","guid":{"rendered":"https:\/\/www.indonesianmarket.fi\/product\/kepala-djenggot-teh-melati-kantong-50-g\/"},"modified":"2026-03-20T13:03:50","modified_gmt":"2026-03-20T11:03:50","slug":"kepala-djenggot-teh-melati-kantong-50-g","status":"publish","type":"product","link":"https:\/\/www.indonesianmarket.fi\/id\/product\/kepala-djenggot-teh-melati-kantong-50-g\/","title":{"rendered":"Kepala Djenggot TEH MELATI kantong 50 g"},"content":{"rendered":"<p>Jasmiini teepussi \/ Jasmintep\u00e5se.<\/p>\n<p>Nettopaino\/Nettovikt: 50 g (25 x 2 g)<\/p>\n<p>Ainesosat: Teelehti, jasmiininkukka.<\/p>\n<p>Ingredienser: teblad, jasminblomma.<\/p>\n<p>Alkuper\u00e4maa \/ Ursprungsland: Indonesia \/ Indonesia.<\/p>\n<p>Maahantuoja \/ Importir: JK Alho, PL 18, 20251 Turku \/ \u00c5bo www.indonesianmarket.fi<\/p>\n<p>P\u00e4ivit\u00e4mme tuotetietoja aktiivisesti. Suosittelemme kuitenkin tarkistamaan ainesosat aina my\u00f6s myyntipakkauksesta. <\/p>\n","protected":false},"excerpt":{"rendered":"<p>Jasmiini teepussi \/ Jasmintep\u00e5se. Nettopaino\/Nettovikt: 50 g (25 x 2 g) Ainesosat: Teelehti, jasmiininkukka. Ingredienser: teblad, jasminblomma. Alkuper\u00e4maa \/ Ursprungsland: Indonesia \/ Indonesia. Maahantuoja \/ Importir: JK Alho, PL 18, 20251 Turku \/ \u00c5bo www.indonesianmarket.fi P\u00e4ivit\u00e4mme tuotetietoja aktiivisesti. Suosittelemme kuitenkin tarkistamaan ainesosat aina my\u00f6s myyntipakkauksesta.<\/p>\n","protected":false},"featured_media":31272,"template":"","meta":[],"product_brand":[],"product_cat":[1666],"product_tag":[],"class_list":{"0":"post-31274","1":"product","2":"type-product","3":"status-publish","4":"has-post-thumbnail","6":"product_cat-juomat-kahvit-ja-teet-1","8":"first","9":"instock","10":"taxable","11":"shipping-taxable","12":"purchasable","13":"product-type-simple"},"_links":{"self":[{"href":"https:\/\/www.indonesianmarket.fi\/id\/wp-json\/wp\/v2\/product\/31274","targetHints":{"allow":["GET"]}}],"collection":[{"href":"https:\/\/www.indonesianmarket.fi\/id\/wp-json\/wp\/v2\/product"}],"about":[{"href":"https:\/\/www.indonesianmarket.fi\/id\/wp-json\/wp\/v2\/types\/product"}],"version-history":[{"count":3,"href":"https:\/\/www.indonesianmarket.fi\/id\/wp-json\/wp\/v2\/product\/31274\/revisions"}],"predecessor-version":[{"id":33867,"href":"https:\/\/www.indonesianmarket.fi\/id\/wp-json\/wp\/v2\/product\/31274\/revisions\/33867"}],"wp:featuredmedia":[{"embeddable":true,"href":"https:\/\/www.indonesianmarket.fi\/id\/wp-json\/wp\/v2\/media\/31272"}],"wp:attachment":[{"href":"https:\/\/www.indonesianmarket.fi\/id\/wp-json\/wp\/v2\/media?parent=31274"}],"wp:term":[{"taxonomy":"product_brand","embeddable":true,"href":"https:\/\/www.indonesianmarket.fi\/id\/wp-json\/wp\/v2\/product_brand?post=31274"},{"taxonomy":"product_cat","embeddable":true,"href":"https:\/\/www.indonesianmarket.fi\/id\/wp-json\/wp\/v2\/product_cat?post=31274"},{"taxonomy":"product_tag","embeddable":true,"href":"https:\/\/www.indonesianmarket.fi\/id\/wp-json\/wp\/v2\/product_tag?post=31274"}],"curies":[{"name":"wp","href":"https:\/\/api.w.org\/{rel}","templated":true}]}}