{"id":31262,"date":"2025-09-03T20:08:39","date_gmt":"2025-09-03T17:08:39","guid":{"rendered":"https:\/\/www.indonesianmarket.fi\/?post_type=product&#038;p=31262"},"modified":"2026-03-27T03:00:52","modified_gmt":"2026-03-27T01:00:52","slug":"kepala-djenggot-teh-hijau-kantong-60-g","status":"publish","type":"product","link":"https:\/\/www.indonesianmarket.fi\/id\/product\/kepala-djenggot-teh-hijau-kantong-60-g\/","title":{"rendered":"Kepala Djenggot TEH HIJAU kantong 60 g"},"content":{"rendered":"<p>Vihre\u00e4 teepussi \/ Gr\u00f6n tep\u00e5se.<\/p>\n<p>Nettopaino\/Nettovikt: 60 g (2,4 x 2 g)<\/p>\n<p>Ainesosat: Teelehti.<\/p>\n<p>Ingredienser: teblad.<\/p>\n<p>Alkuper\u00e4maa \/ Ursprungsland: Indonesia \/ Indonesia.<\/p>\n<p>Maahantuoja \/ Importir: JK Alho, PL 18, 20251 Turku \/ \u00c5bo www.indonesianmarket.fi<\/p>\n<p>P\u00e4ivit\u00e4mme tuotetietoja aktiivisesti. Suosittelemme kuitenkin tarkistamaan ainesosat aina my\u00f6s myyntipakkauksesta. <\/p>\n","protected":false},"excerpt":{"rendered":"<p>Vihre\u00e4 teepussi \/ Gr\u00f6n tep\u00e5se. Nettopaino\/Nettovikt: 60 g (2,4 x 2 g) Ainesosat: Teelehti. Ingredienser: teblad. Alkuper\u00e4maa \/ Ursprungsland: Indonesia \/ Indonesia. Maahantuoja \/ Importir: JK Alho, PL 18, 20251 Turku \/ \u00c5bo www.indonesianmarket.fi P\u00e4ivit\u00e4mme tuotetietoja aktiivisesti. Suosittelemme kuitenkin tarkistamaan ainesosat aina my\u00f6s myyntipakkauksesta.<\/p>\n","protected":false},"featured_media":31265,"template":"","meta":[],"product_brand":[],"product_cat":[1666],"product_tag":[],"class_list":{"0":"post-31262","1":"product","2":"type-product","3":"status-publish","4":"has-post-thumbnail","6":"product_cat-juomat-kahvit-ja-teet-1","8":"first","9":"instock","10":"taxable","11":"shipping-taxable","12":"purchasable","13":"product-type-simple"},"_links":{"self":[{"href":"https:\/\/www.indonesianmarket.fi\/id\/wp-json\/wp\/v2\/product\/31262","targetHints":{"allow":["GET"]}}],"collection":[{"href":"https:\/\/www.indonesianmarket.fi\/id\/wp-json\/wp\/v2\/product"}],"about":[{"href":"https:\/\/www.indonesianmarket.fi\/id\/wp-json\/wp\/v2\/types\/product"}],"version-history":[{"count":3,"href":"https:\/\/www.indonesianmarket.fi\/id\/wp-json\/wp\/v2\/product\/31262\/revisions"}],"predecessor-version":[{"id":34103,"href":"https:\/\/www.indonesianmarket.fi\/id\/wp-json\/wp\/v2\/product\/31262\/revisions\/34103"}],"wp:featuredmedia":[{"embeddable":true,"href":"https:\/\/www.indonesianmarket.fi\/id\/wp-json\/wp\/v2\/media\/31265"}],"wp:attachment":[{"href":"https:\/\/www.indonesianmarket.fi\/id\/wp-json\/wp\/v2\/media?parent=31262"}],"wp:term":[{"taxonomy":"product_brand","embeddable":true,"href":"https:\/\/www.indonesianmarket.fi\/id\/wp-json\/wp\/v2\/product_brand?post=31262"},{"taxonomy":"product_cat","embeddable":true,"href":"https:\/\/www.indonesianmarket.fi\/id\/wp-json\/wp\/v2\/product_cat?post=31262"},{"taxonomy":"product_tag","embeddable":true,"href":"https:\/\/www.indonesianmarket.fi\/id\/wp-json\/wp\/v2\/product_tag?post=31262"}],"curies":[{"name":"wp","href":"https:\/\/api.w.org\/{rel}","templated":true}]}}