{"id":30422,"date":"2025-04-12T19:47:03","date_gmt":"2025-04-12T16:47:03","guid":{"rendered":"https:\/\/www.indonesianmarket.fi\/product\/ibu-jempol-saus-sambal-535-ml\/"},"modified":"2026-03-22T23:03:54","modified_gmt":"2026-03-22T21:03:54","slug":"ibu-jempol-saus-sambal-535-ml","status":"publish","type":"product","link":"https:\/\/www.indonesianmarket.fi\/id\/product\/ibu-jempol-saus-sambal-535-ml\/","title":{"rendered":"Ibu jempol saus sambal 535 ml"},"content":{"rendered":"<p>Chilikastike \/ Chilis\u00e5s.<\/p>\n<p>Nettopaino\/Nettovikt: 535 ml<\/p>\n<p>Ainesosat: Tuoreita chilej\u00e4 (45 %), vesi, sokeri (20 %), valkosipuli (6 %), suola, tapiokat\u00e4rkkelys, happamuudens\u00e4\u00e4t\u00f6aine (etikkahappo), s\u00e4il\u00f6nt\u00e4aine (natriumbentsoaatti).<\/p>\n<p>Ingredienser: F\u00e4rska chilipeppar (45 %), vatten, socker (20 %), vitl\u00f6k (6 %), salt, tapiokast\u00e4rkelse, surhetsreglerande medel (\u00e4ttiksyra), konserveringsmedel (natriumbensoat).<\/p>\n<p>Alkuper\u00e4maa \/ Ursprungsland: Indonesia \/ Indonesia.<\/p>\n<p>Ravintosis\u00e4lt\u00f6\/ N\u00e4ringsinneh\u00e5ll 10 g: Energiaa\/Energi 15 kcal, Rasvaa\/Fett 0 g, josta tyydyttynyt\u00e4\/varav m\u00e4ttat 0 g, Hiilihydraatteja\/Kolhydrater 3 g, josta sokereita\/varav sockerarter 2 g, Proteiinia\/Protein 0 g, Suola\/Salt 0,31 g.<\/p>\n<p>Maahantuoja \/ Importir: JK Alho, PL 18, 20251 Turku \/ \u00c5bo www.indonesianmarket.fi<\/p>\n<p>P\u00e4ivit\u00e4mme tuotetietoja aktiivisesti. Suosittelemme kuitenkin tarkistamaan ainesosat aina my\u00f6s myyntipakkauksesta. <\/p>\n","protected":false},"excerpt":{"rendered":"<p>Chilikastike \/ Chilis\u00e5s. Nettopaino\/Nettovikt: 535 ml Ainesosat: Tuoreita chilej\u00e4 (45 %), vesi, sokeri (20 %), valkosipuli (6 %), suola, tapiokat\u00e4rkkelys, happamuudens\u00e4\u00e4t\u00f6aine (etikkahappo), s\u00e4il\u00f6nt\u00e4aine (natriumbentsoaatti). Ingredienser: F\u00e4rska chilipeppar (45 %), vatten, socker (20 %), vitl\u00f6k (6 %), salt, tapiokast\u00e4rkelse, surhetsreglerande medel (\u00e4ttiksyra), konserveringsmedel (natriumbensoat). Alkuper\u00e4maa \/ Ursprungsland: Indonesia \/ Indonesia. Ravintosis\u00e4lt\u00f6\/ N\u00e4ringsinneh\u00e5ll 10 g: Energiaa\/Energi 15<\/p>\n<div class=\"klb-readmore entry-button\"><a class=\"button\" href=\"https:\/\/www.indonesianmarket.fi\/id\/product\/ibu-jempol-saus-sambal-535-ml\/\">Read More<\/a><\/div>\n","protected":false},"featured_media":30426,"template":"","meta":[],"product_brand":[],"product_cat":[1645],"product_tag":[],"class_list":{"0":"post-30422","1":"product","2":"type-product","3":"status-publish","4":"has-post-thumbnail","6":"product_cat-sambal-dan-saus-cabai","8":"first","9":"instock","10":"taxable","11":"shipping-taxable","12":"purchasable","13":"product-type-simple"},"_links":{"self":[{"href":"https:\/\/www.indonesianmarket.fi\/id\/wp-json\/wp\/v2\/product\/30422","targetHints":{"allow":["GET"]}}],"collection":[{"href":"https:\/\/www.indonesianmarket.fi\/id\/wp-json\/wp\/v2\/product"}],"about":[{"href":"https:\/\/www.indonesianmarket.fi\/id\/wp-json\/wp\/v2\/types\/product"}],"version-history":[{"count":3,"href":"https:\/\/www.indonesianmarket.fi\/id\/wp-json\/wp\/v2\/product\/30422\/revisions"}],"predecessor-version":[{"id":33705,"href":"https:\/\/www.indonesianmarket.fi\/id\/wp-json\/wp\/v2\/product\/30422\/revisions\/33705"}],"wp:featuredmedia":[{"embeddable":true,"href":"https:\/\/www.indonesianmarket.fi\/id\/wp-json\/wp\/v2\/media\/30426"}],"wp:attachment":[{"href":"https:\/\/www.indonesianmarket.fi\/id\/wp-json\/wp\/v2\/media?parent=30422"}],"wp:term":[{"taxonomy":"product_brand","embeddable":true,"href":"https:\/\/www.indonesianmarket.fi\/id\/wp-json\/wp\/v2\/product_brand?post=30422"},{"taxonomy":"product_cat","embeddable":true,"href":"https:\/\/www.indonesianmarket.fi\/id\/wp-json\/wp\/v2\/product_cat?post=30422"},{"taxonomy":"product_tag","embeddable":true,"href":"https:\/\/www.indonesianmarket.fi\/id\/wp-json\/wp\/v2\/product_tag?post=30422"}],"curies":[{"name":"wp","href":"https:\/\/api.w.org\/{rel}","templated":true}]}}