{"id":29972,"date":"2025-01-04T18:33:22","date_gmt":"2025-01-04T16:33:22","guid":{"rendered":"https:\/\/www.indonesianmarket.fi\/product\/indofood-racik-bumbu-tahu-tempe-goreng-20-g\/"},"modified":"2026-04-19T09:03:59","modified_gmt":"2026-04-19T06:03:59","slug":"indofood-racik-bumbu-tahu-tempe-goreng-20-g","status":"publish","type":"product","link":"https:\/\/www.indonesianmarket.fi\/id\/product\/indofood-racik-bumbu-tahu-tempe-goreng-20-g\/","title":{"rendered":"Indofood Racik BUMBU TAHU &#038; TEMPE GORENG 20 g"},"content":{"rendered":"<p>BUMBU TAHU &amp; TEMPE GORENG Mausteseos paistetulle tofulle ja tempeelle\/ Kryddblandning for stekt tofu &amp; tempe<\/p>\n<p>Nettopaino\/Nettovikt: 20 g<\/p>\n<p>Ainesosat: Suola, dekstriini, mausteet (sis\u00e4lt\u00e4\u00e4 korianteria 17%, kurkumaa 3%, valkosipulia 0,5% (sis\u00e4lt\u00e4\u00e4 <strong>gluteenia<\/strong>)), makuaineet (mononatriumglutamaatti, dinatriuminosinaatti ja guaylaatti), sokeri.<\/p>\n<p>Bahan-bahan: Garam, dekstrin, kryddor (ketumbar 17%, gurkmeja 3%, vitl\u00f6k 0,5% (inneh\u00e5ller <strong>gluten<\/strong>)), smakf\u00f6rst\u00e4rkare (mononatriumglutamat, dinatriuminosinat dan guaylat), socker.<\/p>\n<p>Alkuper\u00e4maa \/ Ursprungsland: Indonesia \/ Indonesia.<\/p>\n<p>Ravintosis\u00e4lt\u00f6 \/ N\u00e4ringsinneh\u00e5ll 4 g: Energiaa \/ Energi 10 kkal, Rasvaa \/ Lemak 0 g, josta tyydyttynyt\u00e4 \/ varav m\u00e4ttat 0 g, Hiilihydraatteja \/ Kolhidrater 1 g, josta sokereita \/ varav sockerarter 0 g, Proteiinia \/ Protein 0 g, Suola \/ Garam 0,56 mg.<\/p>\n<p>Maahantuoja \/ Importir: JK Alho, PL 18, 20251 Turku \/ \u00c5bo www.indonesianmarket.fi<\/p>\n<p>P\u00e4ivit\u00e4mme tuotetietoja aktiivisesti. Suosittelemme kuitenkin tarkistamaan ainesosat aina my\u00f6s myyntipakkauksesta.<\/p>\n","protected":false},"excerpt":{"rendered":"<p>BUMBU TAHU &amp; TEMPE GORENG Mausteseos paistetulle tofulle ja tempeelle\/ Kryddblandning for stekt tofu &amp; tempe Nettopaino\/Nettovikt: 20 g Ainesosat: Suola, dekstriini, mausteet (sis\u00e4lt\u00e4\u00e4 korianteria 17%, kurkumaa 3%, valkosipulia 0,5% (sis\u00e4lt\u00e4\u00e4 gluteenia)), makuaineet (mononatriumglutamaatti, dinatriuminosinaatti ja guaylaatti), sokeri. Bahan-bahan: Garam, dekstrin, kryddor (ketumbar 17%, gurkmeja 3%, vitl\u00f6k 0,5% (inneh\u00e5ller gluten)), smakf\u00f6rst\u00e4rkare (mononatriumglutamat, dinatriuminosinat dan guaylat),<\/p>\n<div class=\"klb-readmore entry-button\"><a class=\"button\" href=\"https:\/\/www.indonesianmarket.fi\/id\/product\/indofood-racik-bumbu-tahu-tempe-goreng-20-g\/\">Read More<\/a><\/div>\n","protected":false},"featured_media":30123,"template":"","meta":[],"product_brand":[2267],"product_cat":[1708],"product_tag":[2175],"class_list":{"0":"post-29972","1":"product","2":"type-product","3":"status-publish","4":"has-post-thumbnail","6":"product_brand-indofood","7":"product_cat-bumbu-masak-instant","8":"product_tag-restock","10":"first","11":"instock","12":"taxable","13":"shipping-taxable","14":"purchasable","15":"product-type-simple"},"_links":{"self":[{"href":"https:\/\/www.indonesianmarket.fi\/id\/wp-json\/wp\/v2\/product\/29972","targetHints":{"allow":["GET"]}}],"collection":[{"href":"https:\/\/www.indonesianmarket.fi\/id\/wp-json\/wp\/v2\/product"}],"about":[{"href":"https:\/\/www.indonesianmarket.fi\/id\/wp-json\/wp\/v2\/types\/product"}],"version-history":[{"count":4,"href":"https:\/\/www.indonesianmarket.fi\/id\/wp-json\/wp\/v2\/product\/29972\/revisions"}],"predecessor-version":[{"id":34753,"href":"https:\/\/www.indonesianmarket.fi\/id\/wp-json\/wp\/v2\/product\/29972\/revisions\/34753"}],"wp:featuredmedia":[{"embeddable":true,"href":"https:\/\/www.indonesianmarket.fi\/id\/wp-json\/wp\/v2\/media\/30123"}],"wp:attachment":[{"href":"https:\/\/www.indonesianmarket.fi\/id\/wp-json\/wp\/v2\/media?parent=29972"}],"wp:term":[{"taxonomy":"product_brand","embeddable":true,"href":"https:\/\/www.indonesianmarket.fi\/id\/wp-json\/wp\/v2\/product_brand?post=29972"},{"taxonomy":"product_cat","embeddable":true,"href":"https:\/\/www.indonesianmarket.fi\/id\/wp-json\/wp\/v2\/product_cat?post=29972"},{"taxonomy":"product_tag","embeddable":true,"href":"https:\/\/www.indonesianmarket.fi\/id\/wp-json\/wp\/v2\/product_tag?post=29972"}],"curies":[{"name":"wp","href":"https:\/\/api.w.org\/{rel}","templated":true}]}}