{"id":29752,"date":"2024-12-11T20:09:16","date_gmt":"2024-12-11T18:09:16","guid":{"rendered":"https:\/\/www.indonesianmarket.fi\/product\/dua-kuali-bumbu-pasta-ayam-bakar-kecap-50-g\/"},"modified":"2026-04-18T10:39:06","modified_gmt":"2026-04-18T07:39:06","slug":"dua-kuali-bumbu-pasta-ayam-bakar-kecap-50-g","status":"publish","type":"product","link":"https:\/\/www.indonesianmarket.fi\/id\/product\/dua-kuali-bumbu-pasta-ayam-bakar-kecap-50-g\/","title":{"rendered":"Dua Kuali bumbu pasta AYAM BAKAR KECAP 50 g"},"content":{"rendered":"<p>AYAM BAKAR KECAP<br \/>\nGrillattu kana maustetahna\/grillad kyckling med kryddpasta<\/p>\n<p>Nettopaino\/netvikt: 50 g<\/p>\n<p>Ainesosat: Salottisipuli, <strong>soijakastike<\/strong>, valkosipuli, sokeri, palmu\u00f6ljy, suola, <strong>bankulp\u00e4hkin\u00e4,<\/strong> inkiv\u00e4\u00e4ri, pippuri, sitruunahappo E330, antioksidantti E321, s\u00e4il\u00f6nt\u00e4aineet E211 .<\/p>\n<p>Ingrediensers: Schalottenl\u00f6k,<strong> sojas\u00e5s,<\/strong> vitl\u00f6k, socker, palmolja, salt, <strong>candlen\u00f6t<\/strong>, ingef\u00e4ra, peppar, citronsyra E330, antioxidant E321, konserveringsmedel E211.<\/p>\n<p>S\u00e4ilytysohjeet\/ F\u00f6rvaringsr\u00e5d: Huoneenl\u00e4mm\u00f6ss\u00e4\/Rumstemperatur<\/p>\n<p>Alkuper\u00e4maa \/ Ursprungsland: Indonesia\/Indonesien<\/p>\n<p>Ravintosis\u00e4lt\u00f6 \/ N\u00e4ringsdeklaration per 100 g: Energia\/energi 1161kJ\/276kcal, rasva\/fett 9,7 g, -josta tyydyttynytt\u00e4\/-varav m\u00e4ttade 3,5 g, hiilihydraatit\/kolhydrater 45 g, -josta sokereita\/-varav sockerarter 35 g, proteiini\/potein 1,8 g, suola\/salt 5,7 g.<\/p>\n<p>Maahantuoja \/ Import\u00f6r: JK Alho, PL 18, 20251 Turku \/ \u00c5bo, www.indonesianmarket.fi<\/p>\n<p>P\u00e4ivit\u00e4mme tuotetietoja aktiivisesti. Suosittelemme kuitenkin tarkistamaan ainesosat aina my\u00f6s myyntipakkauksesta.<\/p>\n","protected":false},"excerpt":{"rendered":"<p>AYAM BAKAR KECAP Grillattu kana maustetahna\/grillad kyckling med kryddpasta Nettopaino\/netvikt: 50 g Ainesosat: Salottisipuli, soijakastike, valkosipuli, sokeri, palmu\u00f6ljy, suola, bankulp\u00e4hkin\u00e4, inkiv\u00e4\u00e4ri, pippuri, sitruunahappo E330, antioksidantti E321, s\u00e4il\u00f6nt\u00e4aineet E211 . Ingrediensers: Schalottenl\u00f6k, sojas\u00e5s, vitl\u00f6k, socker, palmolja, salt, candlen\u00f6t, ingef\u00e4ra, peppar, citronsyra E330, antioxidant E321, konserveringsmedel E211. S\u00e4ilytysohjeet\/ F\u00f6rvaringsr\u00e5d: Huoneenl\u00e4mm\u00f6ss\u00e4\/Rumstemperatur Alkuper\u00e4maa \/ Ursprungsland: Indonesia\/Indonesien Ravintosis\u00e4lt\u00f6 \/ N\u00e4ringsdeklaration<\/p>\n<div class=\"klb-readmore entry-button\"><a class=\"button\" href=\"https:\/\/www.indonesianmarket.fi\/id\/product\/dua-kuali-bumbu-pasta-ayam-bakar-kecap-50-g\/\">Read More<\/a><\/div>\n","protected":false},"featured_media":29749,"template":"","meta":[],"product_brand":[2257],"product_cat":[1708],"product_tag":[],"class_list":{"0":"post-29752","1":"product","2":"type-product","3":"status-publish","4":"has-post-thumbnail","6":"product_brand-dua-kuali","7":"product_cat-bumbu-masak-instant","9":"first","10":"instock","11":"taxable","12":"shipping-taxable","13":"purchasable","14":"product-type-simple"},"_links":{"self":[{"href":"https:\/\/www.indonesianmarket.fi\/id\/wp-json\/wp\/v2\/product\/29752","targetHints":{"allow":["GET"]}}],"collection":[{"href":"https:\/\/www.indonesianmarket.fi\/id\/wp-json\/wp\/v2\/product"}],"about":[{"href":"https:\/\/www.indonesianmarket.fi\/id\/wp-json\/wp\/v2\/types\/product"}],"version-history":[{"count":3,"href":"https:\/\/www.indonesianmarket.fi\/id\/wp-json\/wp\/v2\/product\/29752\/revisions"}],"predecessor-version":[{"id":34701,"href":"https:\/\/www.indonesianmarket.fi\/id\/wp-json\/wp\/v2\/product\/29752\/revisions\/34701"}],"wp:featuredmedia":[{"embeddable":true,"href":"https:\/\/www.indonesianmarket.fi\/id\/wp-json\/wp\/v2\/media\/29749"}],"wp:attachment":[{"href":"https:\/\/www.indonesianmarket.fi\/id\/wp-json\/wp\/v2\/media?parent=29752"}],"wp:term":[{"taxonomy":"product_brand","embeddable":true,"href":"https:\/\/www.indonesianmarket.fi\/id\/wp-json\/wp\/v2\/product_brand?post=29752"},{"taxonomy":"product_cat","embeddable":true,"href":"https:\/\/www.indonesianmarket.fi\/id\/wp-json\/wp\/v2\/product_cat?post=29752"},{"taxonomy":"product_tag","embeddable":true,"href":"https:\/\/www.indonesianmarket.fi\/id\/wp-json\/wp\/v2\/product_tag?post=29752"}],"curies":[{"name":"wp","href":"https:\/\/api.w.org\/{rel}","templated":true}]}}