{"id":28924,"date":"2024-08-22T13:51:05","date_gmt":"2024-08-22T10:51:05","guid":{"rendered":"https:\/\/www.indonesianmarket.fi\/product\/dua-kuali-bumbu-pasta-rica-rica-50-g\/"},"modified":"2026-04-17T20:23:28","modified_gmt":"2026-04-17T17:23:28","slug":"dua-kuali-bumbu-pasta-rica-rica-50-g","status":"publish","type":"product","link":"https:\/\/www.indonesianmarket.fi\/id\/product\/dua-kuali-bumbu-pasta-rica-rica-50-g\/","title":{"rendered":"Dua Kuali bumbu pasta RICA RICA 50 g"},"content":{"rendered":"<p>RICA-RICA\u00a0Liha-, kana maustetahna\/K\u00f6tt- och kycklingkryddpasta<\/p>\n<p>Nettopaino\/netvikt: 50 g<\/p>\n<p>Ainesosat: Chili, salottisipuli, palmu\u00f6ljy, suola, sitruunaruoho, sitruunabasilikan lehti, valkosipuli, sokeri, kurkuma, limenlehti, inkiv\u00e4\u00e4ri, antioksidantti E321, s\u00e4il\u00f6nt\u00e4aine E211.<\/p>\n<p>Ingrediensers: Chili, schalottenl\u00f6k, palmolja, salt, citrongr\u00e4s, citronsm\u00f6rblomma blad, vitl\u00f6k, socker, gurkmeja, limblad, ingef\u00e4ra, antioxidant E321, konserveringsmedel E211.<\/p>\n<p>S\u00e4ilytysohjeet\/ F\u00f6rvaringsr\u00e5d: Huoneenl\u00e4mm\u00f6ss\u00e4\/Rumstemperatur<\/p>\n<p>Alkuper\u00e4maa \/ Ursprungsland: Indonesia\/Indonesien<\/p>\n<p>Ravintosis\u00e4lt\u00f6 \/ N\u00e4ringsdeklaration per 100 g: Energia\/energi 632kJ\/151kcal, rasva\/fett 6,63 g, -josta tyydyttynytt\u00e4\/-varav m\u00e4ttade 4,46 g, hiilihydraatit\/kolhydrater 20,11 g, -josta sokereita\/-varav sockerarter 6,1 g, proteiini\/potein 2,62 g, suola\/salt 8,42 g.<\/p>\n<p>Maahantuoja \/ Import\u00f6r: JK Alho, PL 18, 20251 Turku \/ \u00c5bo, www.indonesianmarket.fi<\/p>\n<p>P\u00e4ivit\u00e4mme tuotetietoja aktiivisesti. Suosittelemme kuitenkin tarkistamaan ainesosat aina my\u00f6s myyntipakkauksesta.<\/p>\n","protected":false},"excerpt":{"rendered":"<p>RICA-RICA\u00a0Liha-, kana maustetahna\/K\u00f6tt- och kycklingkryddpasta Nettopaino\/netvikt: 50 g Ainesosat: Chili, salottisipuli, palmu\u00f6ljy, suola, sitruunaruoho, sitruunabasilikan lehti, valkosipuli, sokeri, kurkuma, limenlehti, inkiv\u00e4\u00e4ri, antioksidantti E321, s\u00e4il\u00f6nt\u00e4aine E211. Ingrediensers: Chili, schalottenl\u00f6k, palmolja, salt, citrongr\u00e4s, citronsm\u00f6rblomma blad, vitl\u00f6k, socker, gurkmeja, limblad, ingef\u00e4ra, antioxidant E321, konserveringsmedel E211. S\u00e4ilytysohjeet\/ F\u00f6rvaringsr\u00e5d: Huoneenl\u00e4mm\u00f6ss\u00e4\/Rumstemperatur Alkuper\u00e4maa \/ Ursprungsland: Indonesia\/Indonesien Ravintosis\u00e4lt\u00f6 \/ N\u00e4ringsdeklaration per 100 g:<\/p>\n<div class=\"klb-readmore entry-button\"><a class=\"button\" href=\"https:\/\/www.indonesianmarket.fi\/id\/product\/dua-kuali-bumbu-pasta-rica-rica-50-g\/\">Read More<\/a><\/div>\n","protected":false},"featured_media":28921,"template":"","meta":[],"product_brand":[2257],"product_cat":[1708],"product_tag":[],"class_list":{"0":"post-28924","1":"product","2":"type-product","3":"status-publish","4":"has-post-thumbnail","6":"product_brand-dua-kuali","7":"product_cat-bumbu-masak-instant","9":"first","10":"instock","11":"taxable","12":"shipping-taxable","13":"purchasable","14":"product-type-simple"},"_links":{"self":[{"href":"https:\/\/www.indonesianmarket.fi\/id\/wp-json\/wp\/v2\/product\/28924","targetHints":{"allow":["GET"]}}],"collection":[{"href":"https:\/\/www.indonesianmarket.fi\/id\/wp-json\/wp\/v2\/product"}],"about":[{"href":"https:\/\/www.indonesianmarket.fi\/id\/wp-json\/wp\/v2\/types\/product"}],"version-history":[{"count":3,"href":"https:\/\/www.indonesianmarket.fi\/id\/wp-json\/wp\/v2\/product\/28924\/revisions"}],"predecessor-version":[{"id":34599,"href":"https:\/\/www.indonesianmarket.fi\/id\/wp-json\/wp\/v2\/product\/28924\/revisions\/34599"}],"wp:featuredmedia":[{"embeddable":true,"href":"https:\/\/www.indonesianmarket.fi\/id\/wp-json\/wp\/v2\/media\/28921"}],"wp:attachment":[{"href":"https:\/\/www.indonesianmarket.fi\/id\/wp-json\/wp\/v2\/media?parent=28924"}],"wp:term":[{"taxonomy":"product_brand","embeddable":true,"href":"https:\/\/www.indonesianmarket.fi\/id\/wp-json\/wp\/v2\/product_brand?post=28924"},{"taxonomy":"product_cat","embeddable":true,"href":"https:\/\/www.indonesianmarket.fi\/id\/wp-json\/wp\/v2\/product_cat?post=28924"},{"taxonomy":"product_tag","embeddable":true,"href":"https:\/\/www.indonesianmarket.fi\/id\/wp-json\/wp\/v2\/product_tag?post=28924"}],"curies":[{"name":"wp","href":"https:\/\/api.w.org\/{rel}","templated":true}]}}