{"id":28015,"date":"2024-02-24T14:31:54","date_gmt":"2024-02-24T12:31:54","guid":{"rendered":"https:\/\/www.indonesianmarket.fi\/product\/kusuka-keripik-singkong-gost-pepper-50-g\/"},"modified":"2026-04-19T08:41:43","modified_gmt":"2026-04-19T05:41:43","slug":"kusuka-keripik-singkong-gost-pepper-50-g","status":"publish","type":"product","link":"https:\/\/www.indonesianmarket.fi\/id\/product\/kusuka-keripik-singkong-gost-pepper-50-g\/","title":{"rendered":"Kusuka keripik singkong GOST PEPPER 50 g"},"content":{"rendered":"<p>Tuliset cassava-sipsit \/Starka cassavachips GHOST PEPPER<\/p>\n<p>Nettopaino\/Nettovikt: 50 g<\/p>\n<p>Ainesosat: kassava, palmu\u00f6ljy (sis\u00e4lt\u00e4\u00e4 antioksidanttia TBHQ), tulinen mausteseos (sis\u00e4lt\u00e4\u00e4 chili\u00e4 1,26 %, arominvahvenne mononatriumglutamaatti, hydrolysoitu <strong>soijaproteiini<\/strong>, arominvahvenne dinatrium-5&#8242;-ribonukleotidit, v\u00e4ri E120), sokeri ja suola.Varoitus: E120 voi heikent\u00e4\u00e4 lasten aktiivisuutta ja tarkkaavaisuutta.<\/p>\n<p>Ingredienser: kassava, palmolja (inneh\u00e5ller antioxidant TBHQ), stark kryddblandning (inneh\u00e5ller chili 1,26 %, smakf\u00f6rst\u00e4rkare mononatriumglutamat, hydrolyserat <strong>sojaprotein<\/strong>, smakf\u00f6rst\u00e4rkare dinatrium-5&#8242;-ribonukleotider, f\u00e4rg\u00e4mne E120), socker och salt. Varning: E120 kan p\u00e5verka barns aktivitet och koncentration negativt.<\/p>\n<p>Alkuper\u00e4maa \/ Ursprungsland: Indonesia\/Indonesien.<\/p>\n<p>Ravintosis\u00e4lt\u00f6\/ N\u00e4ringsinneh\u00e5ll 20 g: Energiaa\/Energi 100 kcal, Rasvaa\/Fett 6 g, josta tyydyttynyt\u00e4\/varav m\u00e4ttat 2,5 g, Hiilihydraatteja\/Kolhydrater 13 g, josta sokereita\/varav sockerarter 1 g, Proteiinia\/Protein 0 g, Suola\/Salt 0,135 g.<\/p>\n<p>Maahantuoja \/ Import\u00f6r: JK Alho, PL 18, 20251 Turku \/ \u00c5bo www.indonesianmarket.fi<\/p>\n<p>P\u00e4ivit\u00e4mme tuotetietoja aktiivisesti. Suosittelemme kuitenkin tarkistamaan ainesosat aina my\u00f6s myyntipakkauksesta.<\/p>\n","protected":false},"excerpt":{"rendered":"<p>Tuliset cassava-sipsit \/Starka cassavachips GHOST PEPPER Nettopaino\/Nettovikt: 50 g Ainesosat: kassava, palmu\u00f6ljy (sis\u00e4lt\u00e4\u00e4 antioksidanttia TBHQ), tulinen mausteseos (sis\u00e4lt\u00e4\u00e4 chili\u00e4 1,26 %, arominvahvenne mononatriumglutamaatti, hydrolysoitu soijaproteiini, arominvahvenne dinatrium-5&#8242;-ribonukleotidit, v\u00e4ri E120), sokeri ja suola.Varoitus: E120 voi heikent\u00e4\u00e4 lasten aktiivisuutta ja tarkkaavaisuutta. Ingredienser: kassava, palmolja (inneh\u00e5ller antioxidant TBHQ), stark kryddblandning (inneh\u00e5ller chili 1,26 %, smakf\u00f6rst\u00e4rkare mononatriumglutamat, hydrolyserat sojaprotein,<\/p>\n<div class=\"klb-readmore entry-button\"><a class=\"button\" href=\"https:\/\/www.indonesianmarket.fi\/id\/product\/kusuka-keripik-singkong-gost-pepper-50-g\/\">Read More<\/a><\/div>\n","protected":false},"featured_media":28013,"template":"","meta":[],"product_brand":[2155],"product_cat":[1672],"product_tag":[2175],"class_list":{"0":"post-28015","1":"product","2":"type-product","3":"status-publish","4":"has-post-thumbnail","6":"product_brand-kusuka","7":"product_cat-makanan-ringan-permen","8":"product_tag-restock","10":"first","11":"instock","12":"taxable","13":"shipping-taxable","14":"purchasable","15":"product-type-simple"},"_links":{"self":[{"href":"https:\/\/www.indonesianmarket.fi\/id\/wp-json\/wp\/v2\/product\/28015","targetHints":{"allow":["GET"]}}],"collection":[{"href":"https:\/\/www.indonesianmarket.fi\/id\/wp-json\/wp\/v2\/product"}],"about":[{"href":"https:\/\/www.indonesianmarket.fi\/id\/wp-json\/wp\/v2\/types\/product"}],"version-history":[{"count":2,"href":"https:\/\/www.indonesianmarket.fi\/id\/wp-json\/wp\/v2\/product\/28015\/revisions"}],"predecessor-version":[{"id":31605,"href":"https:\/\/www.indonesianmarket.fi\/id\/wp-json\/wp\/v2\/product\/28015\/revisions\/31605"}],"wp:featuredmedia":[{"embeddable":true,"href":"https:\/\/www.indonesianmarket.fi\/id\/wp-json\/wp\/v2\/media\/28013"}],"wp:attachment":[{"href":"https:\/\/www.indonesianmarket.fi\/id\/wp-json\/wp\/v2\/media?parent=28015"}],"wp:term":[{"taxonomy":"product_brand","embeddable":true,"href":"https:\/\/www.indonesianmarket.fi\/id\/wp-json\/wp\/v2\/product_brand?post=28015"},{"taxonomy":"product_cat","embeddable":true,"href":"https:\/\/www.indonesianmarket.fi\/id\/wp-json\/wp\/v2\/product_cat?post=28015"},{"taxonomy":"product_tag","embeddable":true,"href":"https:\/\/www.indonesianmarket.fi\/id\/wp-json\/wp\/v2\/product_tag?post=28015"}],"curies":[{"name":"wp","href":"https:\/\/api.w.org\/{rel}","templated":true}]}}