{"id":27972,"date":"2024-02-24T13:33:09","date_gmt":"2024-02-24T11:33:09","guid":{"rendered":"https:\/\/www.indonesianmarket.fi\/product\/marjan-mawar-sirup-460-ml\/"},"modified":"2026-03-20T11:19:13","modified_gmt":"2026-03-20T09:19:13","slug":"marjan-mawar-sirup-460-ml","status":"publish","type":"product","link":"https:\/\/www.indonesianmarket.fi\/id\/product\/marjan-mawar-sirup-460-ml\/","title":{"rendered":"Marjan sirup ROS 460 ml"},"content":{"rendered":"<p>Siirappi\/Sirap ROS<\/p>\n<p>Nettopaino \/ Nettovikt: 460 ml<\/p>\n<p>Ainesosat: sokeri, vesi, keinotekoiset aromit, kasviper\u00e4inen stabilointiaine, happamuudens\u00e4\u00e4t\u00f6aine, s\u00e4il\u00f6nt\u00e4aine (E211), ruusuuute (0,03 %), synteettiset elintarvikev\u00e4rit (E122, E102, E110).E122 ja E102 voivat heikent\u00e4\u00e4 lasten aktiivisuutta ja tarkkaavaisuutta.<\/p>\n<p>Ingredienser: socker, vatten, artificiella aromer, vegetabiliskt stabiliseringsmedel, surhetsreglerande medel, konserveringsmedel (E211), rosextrakt (0,03 %), syntetiska livsmedelsf\u00e4rg\u00e4mnen (E122, E102, E110).<br \/>\nE122 och E102 kan p\u00e5verka barns aktivitet och koncentration negativt. <\/p>\n<p>Alkuper\u00e4maa \/ Ursprungsland: Indonesia\/Indonesien<\/p>\n<p>Ravintosis\u00e4lt\u00f6\/ N\u00e4ringsinneh\u00e5ll 30 ml: Energiaa\/Energi 90 Kcal, Rasvaa\/Fett 0 g, josta tyydyttynyt\u00e4\/varav m\u00e4ttat 0 g, Hiilihydraatteja\/ Kolhydrater 22 g, -josta sokereita \/ &#8211; varav sockerarter 21 g, Proteiinia\/Protein 0 g, Suola\/Salt 0,010 g.<\/p>\n<p>Maahantuoja \/ Importir: JK Alho, PL 18, 20251 Turku \/ \u00c5bo www.indonesianmarket.fi<\/p>\n<p>P\u00e4ivit\u00e4mme tuotetietoja aktiivisesti.<br \/>\nSuosittelemme kuitenkin tarkistamaan ainesosat aina my\u00f6s myyntipakkauksesta. <\/p>\n","protected":false},"excerpt":{"rendered":"<p>Siirappi\/Sirap ROS Nettopaino \/ Nettovikt: 460 ml Ainesosat: sokeri, vesi, keinotekoiset aromit, kasviper\u00e4inen stabilointiaine, happamuudens\u00e4\u00e4t\u00f6aine, s\u00e4il\u00f6nt\u00e4aine (E211), ruusuuute (0,03 %), synteettiset elintarvikev\u00e4rit (E122, E102, E110).E122 ja E102 voivat heikent\u00e4\u00e4 lasten aktiivisuutta ja tarkkaavaisuutta. Ingredienser: socker, vatten, artificiella aromer, vegetabiliskt stabiliseringsmedel, surhetsreglerande medel, konserveringsmedel (E211), rosextrakt (0,03 %), syntetiska livsmedelsf\u00e4rg\u00e4mnen (E122, E102, E110). E122 och E102<\/p>\n<div class=\"klb-readmore entry-button\"><a class=\"button\" href=\"https:\/\/www.indonesianmarket.fi\/id\/product\/marjan-mawar-sirup-460-ml\/\">Read More<\/a><\/div>\n","protected":false},"featured_media":27970,"template":"","meta":[],"product_brand":[],"product_cat":[1663,1666],"product_tag":[],"class_list":{"0":"post-27972","1":"product","2":"type-product","3":"status-publish","4":"has-post-thumbnail","6":"product_cat-sokerit-sirapit-1","7":"product_cat-juomat-kahvit-ja-teet-1","9":"first","10":"instock","11":"taxable","12":"shipping-taxable","13":"purchasable","14":"product-type-simple"},"_links":{"self":[{"href":"https:\/\/www.indonesianmarket.fi\/id\/wp-json\/wp\/v2\/product\/27972","targetHints":{"allow":["GET"]}}],"collection":[{"href":"https:\/\/www.indonesianmarket.fi\/id\/wp-json\/wp\/v2\/product"}],"about":[{"href":"https:\/\/www.indonesianmarket.fi\/id\/wp-json\/wp\/v2\/types\/product"}],"version-history":[{"count":2,"href":"https:\/\/www.indonesianmarket.fi\/id\/wp-json\/wp\/v2\/product\/27972\/revisions"}],"predecessor-version":[{"id":32826,"href":"https:\/\/www.indonesianmarket.fi\/id\/wp-json\/wp\/v2\/product\/27972\/revisions\/32826"}],"wp:featuredmedia":[{"embeddable":true,"href":"https:\/\/www.indonesianmarket.fi\/id\/wp-json\/wp\/v2\/media\/27970"}],"wp:attachment":[{"href":"https:\/\/www.indonesianmarket.fi\/id\/wp-json\/wp\/v2\/media?parent=27972"}],"wp:term":[{"taxonomy":"product_brand","embeddable":true,"href":"https:\/\/www.indonesianmarket.fi\/id\/wp-json\/wp\/v2\/product_brand?post=27972"},{"taxonomy":"product_cat","embeddable":true,"href":"https:\/\/www.indonesianmarket.fi\/id\/wp-json\/wp\/v2\/product_cat?post=27972"},{"taxonomy":"product_tag","embeddable":true,"href":"https:\/\/www.indonesianmarket.fi\/id\/wp-json\/wp\/v2\/product_tag?post=27972"}],"curies":[{"name":"wp","href":"https:\/\/api.w.org\/{rel}","templated":true}]}}