{"id":26501,"date":"2023-07-27T15:42:27","date_gmt":"2023-07-27T12:42:27","guid":{"rendered":"https:\/\/www.indonesianmarket.fi\/product\/indofood-racik-bumbu-ikan-goreng-20-g\/"},"modified":"2026-04-19T09:05:52","modified_gmt":"2026-04-19T06:05:52","slug":"indofood-racik-bumbu-ikan-goreng-20-g","status":"publish","type":"product","link":"https:\/\/www.indonesianmarket.fi\/id\/product\/indofood-racik-bumbu-ikan-goreng-20-g\/","title":{"rendered":"Indofood Racik bumbu IKAN GORENG 20 g"},"content":{"rendered":"<p>BUMBU IKAN GORENG Mausteseos paistetulle kalalle\/ Kryddblandning f\u00f6r stekt fisk<\/p>\n<p>Nettopaino\/Nettovikt: 20 g<\/p>\n<p>Ainesosat: Suola, mausteet (sis\u00e4lt\u00e4\u00e4 korianteria 12 %, kurkumaa 7 %, valkosipulia 1 % (sis\u00e4lt\u00e4\u00e4 <strong>gluteenia<\/strong>)), aromivahvenne (mononatriumglutamaatti, dinatriuminosinaatti ja dinatriumguanylaatti), dekstriini, sokeri.<\/p>\n<p>Ingredienser: Salt, kryddor (inneh\u00e5ller koriander 12 %, gurkmeja 7 %, vitl\u00f6k 1 % (inneh\u00e5ller <strong>gluten<\/strong>)), smakf\u00f6rst\u00e4rkare (mononatriumglutamat, dinatriuminosinat och dinatriumguanylat), dextrin, socker.<\/p>\n<p>Alkuper\u00e4maa \/ Ursprungsland: Indonesia\/Indonesien.<\/p>\n<p>Ravintosis\u00e4lt\u00f6\/ N\u00e4ringsinneh\u00e5ll 4 g: Energiaa\/Energi 10 kcal, Rasvaa\/Fett 0 g, josta tyydyttynyt\u00e4\/varav m\u00e4ttat 0 g, Hiilihydraatteja\/Kolhydrater 1 g, josta sokereita\/varav sockerarter 0 g, Proteiinia\/Protein 0 g, Suola\/Salt 1,01 g.<\/p>\n<p>Maahantuoja \/ Import\u00f6r: JK Alho, PL 18, 20251 Turku \/ \u00c5bo www.indonesianmarket.fi<\/p>\n<p>P\u00e4ivit\u00e4mme tuotetietoja aktiivisesti. Suosittelemme kuitenkin tarkistamaan ainesosat aina my\u00f6s myyntipakkauksesta.<\/p>\n","protected":false},"excerpt":{"rendered":"<p>BUMBU IKAN GORENG Mausteseos paistetulle kalalle\/ Kryddblandning f\u00f6r stekt fisk Nettopaino\/Nettovikt: 20 g Ainesosat: Suola, mausteet (sis\u00e4lt\u00e4\u00e4 korianteria 12 %, kurkumaa 7 %, valkosipulia 1 % (sis\u00e4lt\u00e4\u00e4 gluteenia)), aromivahvenne (mononatriumglutamaatti, dinatriuminosinaatti ja dinatriumguanylaatti), dekstriini, sokeri. Ingredienser: Salt, kryddor (inneh\u00e5ller koriander 12 %, gurkmeja 7 %, vitl\u00f6k 1 % (inneh\u00e5ller gluten)), smakf\u00f6rst\u00e4rkare (mononatriumglutamat, dinatriuminosinat och dinatriumguanylat),<\/p>\n<div class=\"klb-readmore entry-button\"><a class=\"button\" href=\"https:\/\/www.indonesianmarket.fi\/id\/product\/indofood-racik-bumbu-ikan-goreng-20-g\/\">Read More<\/a><\/div>\n","protected":false},"featured_media":26499,"template":"","meta":[],"product_brand":[2267],"product_cat":[1708],"product_tag":[2175],"class_list":{"0":"post-26501","1":"product","2":"type-product","3":"status-publish","4":"has-post-thumbnail","6":"product_brand-indofood","7":"product_cat-bumbu-masak-instant","8":"product_tag-restock","10":"first","11":"instock","12":"taxable","13":"shipping-taxable","14":"purchasable","15":"product-type-simple"},"_links":{"self":[{"href":"https:\/\/www.indonesianmarket.fi\/id\/wp-json\/wp\/v2\/product\/26501","targetHints":{"allow":["GET"]}}],"collection":[{"href":"https:\/\/www.indonesianmarket.fi\/id\/wp-json\/wp\/v2\/product"}],"about":[{"href":"https:\/\/www.indonesianmarket.fi\/id\/wp-json\/wp\/v2\/types\/product"}],"version-history":[{"count":4,"href":"https:\/\/www.indonesianmarket.fi\/id\/wp-json\/wp\/v2\/product\/26501\/revisions"}],"predecessor-version":[{"id":34755,"href":"https:\/\/www.indonesianmarket.fi\/id\/wp-json\/wp\/v2\/product\/26501\/revisions\/34755"}],"wp:featuredmedia":[{"embeddable":true,"href":"https:\/\/www.indonesianmarket.fi\/id\/wp-json\/wp\/v2\/media\/26499"}],"wp:attachment":[{"href":"https:\/\/www.indonesianmarket.fi\/id\/wp-json\/wp\/v2\/media?parent=26501"}],"wp:term":[{"taxonomy":"product_brand","embeddable":true,"href":"https:\/\/www.indonesianmarket.fi\/id\/wp-json\/wp\/v2\/product_brand?post=26501"},{"taxonomy":"product_cat","embeddable":true,"href":"https:\/\/www.indonesianmarket.fi\/id\/wp-json\/wp\/v2\/product_cat?post=26501"},{"taxonomy":"product_tag","embeddable":true,"href":"https:\/\/www.indonesianmarket.fi\/id\/wp-json\/wp\/v2\/product_tag?post=26501"}],"curies":[{"name":"wp","href":"https:\/\/api.w.org\/{rel}","templated":true}]}}