{"id":24807,"date":"2022-12-01T22:31:37","date_gmt":"2022-12-01T20:31:37","guid":{"rendered":"https:\/\/www.indonesianmarket.fi\/product\/nesia-krupuk-singkong-250-gr\/"},"modified":"2026-04-13T06:55:09","modified_gmt":"2026-04-13T03:55:09","slug":"nesia-krupuk-singkong-250-gr","status":"publish","type":"product","link":"https:\/\/www.indonesianmarket.fi\/id\/product\/nesia-krupuk-singkong-250-gr\/","title":{"rendered":"NESIA krupuk singkong 250 gr"},"content":{"rendered":"<p>Kassavalastu\/kassavachips<\/p>\n<p>Nettopaino\/Nettovikt: 250 g<\/p>\n<p>Ainesosat: tapiokajauho, kassava, chili, sipuli, sokeri, suola, arominvahvenne (E621), nostatusaine (E500ii).<\/p>\n<p>Ingredienser: tapiokamj\u00f6l, kassava, chili, l\u00f6k, socker, salt, smakf\u00f6rst\u00e4rkare (E621), j\u00e4smedel (E500ii).<\/p>\n<p>Alkuper\u00e4maa \/ Ursprungsland: Indonesia \/ Indonesia.<\/p>\n<p>Ravintosis\u00e4lt\u00f6\/ N\u00e4ringsinneh\u00e5ll 100 g: Energiaa\/Energi 340 kcal, Rasvaa\/Fett 0,6 g, josta tyydyttynyt\u00e4\/varav m\u00e4ttat 0,4 g, Hiilihydraatteja\/Kolhydrater 78,2 g, josta sokereita\/varav sockerarter 12 g, Proteiinia\/Protein 4,8 g, Kuitu\/fibre 4,5 g, Suola\/Salt 2 g.<\/p>\n<p>Maahantuoja \/ Importir: JK Alho, PL 18, 20251 Turku \/ \u00c5bo www.indonesianmarket.fi<\/p>\n<p>P\u00e4ivit\u00e4mme tuotetietoja aktiivisesti.<br \/>\nSuosittelemme kuitenkin tarkistamaan ainesosat aina my\u00f6s myyntipakkauksesta. <\/p>\n","protected":false},"excerpt":{"rendered":"<p>Kassavalastu\/kassavachips Nettopaino\/Nettovikt: 250 g Ainesosat: tapiokajauho, kassava, chili, sipuli, sokeri, suola, arominvahvenne (E621), nostatusaine (E500ii). Ingredienser: tapiokamj\u00f6l, kassava, chili, l\u00f6k, socker, salt, smakf\u00f6rst\u00e4rkare (E621), j\u00e4smedel (E500ii). Alkuper\u00e4maa \/ Ursprungsland: Indonesia \/ Indonesia. Ravintosis\u00e4lt\u00f6\/ N\u00e4ringsinneh\u00e5ll 100 g: Energiaa\/Energi 340 kcal, Rasvaa\/Fett 0,6 g, josta tyydyttynyt\u00e4\/varav m\u00e4ttat 0,4 g, Hiilihydraatteja\/Kolhydrater 78,2 g, josta sokereita\/varav sockerarter 12 g,<\/p>\n<div class=\"klb-readmore entry-button\"><a class=\"button\" href=\"https:\/\/www.indonesianmarket.fi\/id\/product\/nesia-krupuk-singkong-250-gr\/\">Read More<\/a><\/div>\n","protected":false},"featured_media":24883,"template":"","meta":[],"product_brand":[2215],"product_cat":[1651],"product_tag":[],"class_list":{"0":"post-24807","1":"product","2":"type-product","3":"status-publish","4":"has-post-thumbnail","6":"product_brand-nesia-food","7":"product_cat-krupuk-emping-2","9":"first","10":"instock","11":"taxable","12":"shipping-taxable","13":"purchasable","14":"product-type-simple"},"_links":{"self":[{"href":"https:\/\/www.indonesianmarket.fi\/id\/wp-json\/wp\/v2\/product\/24807","targetHints":{"allow":["GET"]}}],"collection":[{"href":"https:\/\/www.indonesianmarket.fi\/id\/wp-json\/wp\/v2\/product"}],"about":[{"href":"https:\/\/www.indonesianmarket.fi\/id\/wp-json\/wp\/v2\/types\/product"}],"version-history":[{"count":2,"href":"https:\/\/www.indonesianmarket.fi\/id\/wp-json\/wp\/v2\/product\/24807\/revisions"}],"predecessor-version":[{"id":32844,"href":"https:\/\/www.indonesianmarket.fi\/id\/wp-json\/wp\/v2\/product\/24807\/revisions\/32844"}],"wp:featuredmedia":[{"embeddable":true,"href":"https:\/\/www.indonesianmarket.fi\/id\/wp-json\/wp\/v2\/media\/24883"}],"wp:attachment":[{"href":"https:\/\/www.indonesianmarket.fi\/id\/wp-json\/wp\/v2\/media?parent=24807"}],"wp:term":[{"taxonomy":"product_brand","embeddable":true,"href":"https:\/\/www.indonesianmarket.fi\/id\/wp-json\/wp\/v2\/product_brand?post=24807"},{"taxonomy":"product_cat","embeddable":true,"href":"https:\/\/www.indonesianmarket.fi\/id\/wp-json\/wp\/v2\/product_cat?post=24807"},{"taxonomy":"product_tag","embeddable":true,"href":"https:\/\/www.indonesianmarket.fi\/id\/wp-json\/wp\/v2\/product_tag?post=24807"}],"curies":[{"name":"wp","href":"https:\/\/api.w.org\/{rel}","templated":true}]}}