{"id":21885,"date":"2020-09-20T04:24:47","date_gmt":"2020-09-20T01:24:47","guid":{"rendered":"http:\/\/www.indonesianmarket.fi\/?product=greenjava-sambal-telur-asin-140-g"},"modified":"2026-03-20T11:45:44","modified_gmt":"2026-03-20T09:45:44","slug":"greenjava-sambal-telur-asin-1","status":"publish","type":"product","link":"https:\/\/www.indonesianmarket.fi\/id\/product\/greenjava-sambal-telur-asin-1\/","title":{"rendered":"Greenjava Sambal telur asin 140 g"},"content":{"rendered":"<div><\/div>\n<div><strong>SAMBAL Telur Asin (Tulinen chilitahna suolatulla munalla\/Het chilipasta med saltat \u00e4gg)<\/strong><\/div>\n<div><\/div>\n<div><strong>Nettopaino\/Nettovikt:<\/strong>\u00a0140 g<\/div>\n<div><\/div>\n<div><strong>Ainesosat:<\/strong>\u00a0Rypsi\u00f6ljy*, vihrea chili* 23%, salottisipuli*, suolattu\u00a0<strong>kananmuna<\/strong>* 17%,<\/div>\n<div>hiivauute, suola. * = Suomalainen raaka-aine.<\/div>\n<div><strong>Ingredienser:<\/strong>\u00a0Rapsolja*, gr\u00f6n chili* 23%, schalottenl\u00f6k*, saltat\u00a0<strong>\u00e4gg<\/strong>* 17%,<\/div>\n<div>j\u00e4stextrakt, salt. * = Finska r\u00e5varor.<\/div>\n<div><\/div>\n<div><strong>Alkuper\u00e4maa \/ Ursprungsland:<\/strong>\u00a0Suomi<\/div>\n<div><\/div>\n<div><strong>Ravintosis\u00e4lt\u00f6\/N\u00e4ringsdeklaration per 100 g<\/strong><\/div>\n<div>Energia\/Energi 2214 kj\/537 kcal<\/div>\n<div>Rasva\/Fett 56 g<\/div>\n<div>josta tyydyttynytt\u00e4\/varav m\u00e4ttade3 g<\/div>\n<div>Hiilihydraatit\/Kolhydrater 4 g<\/div>\n<div>josta sokereita\/varav socckerarter 3 g<\/div>\n<div>Kuitua\/Fiber 1 g<\/div>\n<div>Proteiini\/Protein 4 g<\/div>\n<div>Suola\/Salt 1,5 g<\/div>\n","protected":false},"excerpt":{"rendered":"<p>SAMBAL Telur Asin (Tulinen chilitahna suolatulla munalla\/Het chilipasta med saltat \u00e4gg) Nettopaino\/Nettovikt:\u00a0140 g Ainesosat:\u00a0Rypsi\u00f6ljy*, vihrea chili* 23%, salottisipuli*, suolattu\u00a0kananmuna* 17%, hiivauute, suola. * = Suomalainen raaka-aine. Ingredienser:\u00a0Rapsolja*, gr\u00f6n chili* 23%, schalottenl\u00f6k*, saltat\u00a0\u00e4gg* 17%, j\u00e4stextrakt, salt. * = Finska r\u00e5varor. Alkuper\u00e4maa \/ Ursprungsland:\u00a0Suomi Ravintosis\u00e4lt\u00f6\/N\u00e4ringsdeklaration per 100 g Energia\/Energi 2214 kj\/537 kcal Rasva\/Fett 56 g josta tyydyttynytt\u00e4\/varav<\/p>\n<div class=\"klb-readmore entry-button\"><a class=\"button\" href=\"https:\/\/www.indonesianmarket.fi\/id\/product\/greenjava-sambal-telur-asin-1\/\">Read More<\/a><\/div>\n","protected":false},"featured_media":21888,"template":"","meta":[],"product_brand":[],"product_cat":[1645],"product_tag":[],"class_list":{"0":"post-21885","1":"product","2":"type-product","3":"status-publish","4":"has-post-thumbnail","6":"product_cat-sambal-dan-saus-cabai","8":"first","9":"instock","10":"taxable","11":"shipping-taxable","12":"purchasable","13":"product-type-simple"},"_links":{"self":[{"href":"https:\/\/www.indonesianmarket.fi\/id\/wp-json\/wp\/v2\/product\/21885","targetHints":{"allow":["GET"]}}],"collection":[{"href":"https:\/\/www.indonesianmarket.fi\/id\/wp-json\/wp\/v2\/product"}],"about":[{"href":"https:\/\/www.indonesianmarket.fi\/id\/wp-json\/wp\/v2\/types\/product"}],"version-history":[{"count":2,"href":"https:\/\/www.indonesianmarket.fi\/id\/wp-json\/wp\/v2\/product\/21885\/revisions"}],"predecessor-version":[{"id":29406,"href":"https:\/\/www.indonesianmarket.fi\/id\/wp-json\/wp\/v2\/product\/21885\/revisions\/29406"}],"wp:featuredmedia":[{"embeddable":true,"href":"https:\/\/www.indonesianmarket.fi\/id\/wp-json\/wp\/v2\/media\/21888"}],"wp:attachment":[{"href":"https:\/\/www.indonesianmarket.fi\/id\/wp-json\/wp\/v2\/media?parent=21885"}],"wp:term":[{"taxonomy":"product_brand","embeddable":true,"href":"https:\/\/www.indonesianmarket.fi\/id\/wp-json\/wp\/v2\/product_brand?post=21885"},{"taxonomy":"product_cat","embeddable":true,"href":"https:\/\/www.indonesianmarket.fi\/id\/wp-json\/wp\/v2\/product_cat?post=21885"},{"taxonomy":"product_tag","embeddable":true,"href":"https:\/\/www.indonesianmarket.fi\/id\/wp-json\/wp\/v2\/product_tag?post=21885"}],"curies":[{"name":"wp","href":"https:\/\/api.w.org\/{rel}","templated":true}]}}