{"id":21456,"date":"2020-03-02T21:56:43","date_gmt":"2020-03-02T19:56:43","guid":{"rendered":"http:\/\/www.indonesianmarket.fi\/?product=dua-kelinci-kacang-oven-200g"},"modified":"2026-03-27T03:36:36","modified_gmt":"2026-03-27T01:36:36","slug":"dua-kelinci-kacang-oven-200g","status":"publish","type":"product","link":"https:\/\/www.indonesianmarket.fi\/id\/product\/dua-kelinci-kacang-oven-200g\/","title":{"rendered":"Dua kelinci kacang oven 180g"},"content":{"rendered":"<p>Paahdettu <strong>maap\u00e4hkin\u00e4<\/strong> \/ Rostad <strong>jordn\u00f6t<\/strong><\/p>\n<p>Nettopaino \/ Nettovikt: 180 g<\/p>\n<p>Ainesosat: <strong>Maap\u00e4hkin\u00e4,<\/strong> suola.<\/p>\n<p>Ingredienser:<strong> Jordn\u00f6t,<\/strong> salt.<\/p>\n<p>Alkuper\u00e4maa \/ Ursprungsland: Indonesia\/indonesien<\/p>\n<p>Ravintosis\u00e4lt\u00f6\/ N\u00e4ringsinneh\u00e5ll 100 g: Energiaa\/Energi 2573 kJ\/615 kcal, Rasvaa\/Fett 47,4 g, josta tyydyttynyt\u00e4\/varav m\u00e4ttat 10,9 g, Hiilihydraatteja\/Kolhydrater 16,3 g, josta sokereita\/varav sockerarter 0 g,Proteiinia\/Protein 30,9 g, Suola\/Salt 0,5 g<\/p>\n<p>Import\u00f6r: JK Alho, PL 18, 20251 Turku \/ \u00c5bo www.indonesianmarket.fi<\/p>\n<p>P\u00e4ivit\u00e4mme tuotetietoja aktiivisesti. Suosittelemme kuitenkin tarkistamaan ainesosat aina my\u00f6s myyntipakkauksesta. <\/p>\n","protected":false},"excerpt":{"rendered":"<p>Paahdettu maap\u00e4hkin\u00e4 \/ Rostad jordn\u00f6t Nettopaino \/ Nettovikt: 180 g Ainesosat: Maap\u00e4hkin\u00e4, suola. Ingredienser: Jordn\u00f6t, salt. Alkuper\u00e4maa \/ Ursprungsland: Indonesia\/indonesien Ravintosis\u00e4lt\u00f6\/ N\u00e4ringsinneh\u00e5ll 100 g: Energiaa\/Energi 2573 kJ\/615 kcal, Rasvaa\/Fett 47,4 g, josta tyydyttynyt\u00e4\/varav m\u00e4ttat 10,9 g, Hiilihydraatteja\/Kolhydrater 16,3 g, josta sokereita\/varav sockerarter 0 g,Proteiinia\/Protein 30,9 g, Suola\/Salt 0,5 g Import\u00f6r: JK Alho, PL 18, 20251<\/p>\n<div class=\"klb-readmore entry-button\"><a class=\"button\" href=\"https:\/\/www.indonesianmarket.fi\/id\/product\/dua-kelinci-kacang-oven-200g\/\">Read More<\/a><\/div>\n","protected":false},"featured_media":29244,"template":"","meta":[],"product_brand":[],"product_cat":[1672],"product_tag":[],"class_list":{"0":"post-21456","1":"product","2":"type-product","3":"status-publish","4":"has-post-thumbnail","6":"product_cat-makanan-ringan-permen","8":"first","9":"instock","10":"taxable","11":"shipping-taxable","12":"purchasable","13":"product-type-simple"},"_links":{"self":[{"href":"https:\/\/www.indonesianmarket.fi\/id\/wp-json\/wp\/v2\/product\/21456","targetHints":{"allow":["GET"]}}],"collection":[{"href":"https:\/\/www.indonesianmarket.fi\/id\/wp-json\/wp\/v2\/product"}],"about":[{"href":"https:\/\/www.indonesianmarket.fi\/id\/wp-json\/wp\/v2\/types\/product"}],"version-history":[{"count":4,"href":"https:\/\/www.indonesianmarket.fi\/id\/wp-json\/wp\/v2\/product\/21456\/revisions"}],"predecessor-version":[{"id":34125,"href":"https:\/\/www.indonesianmarket.fi\/id\/wp-json\/wp\/v2\/product\/21456\/revisions\/34125"}],"wp:featuredmedia":[{"embeddable":true,"href":"https:\/\/www.indonesianmarket.fi\/id\/wp-json\/wp\/v2\/media\/29244"}],"wp:attachment":[{"href":"https:\/\/www.indonesianmarket.fi\/id\/wp-json\/wp\/v2\/media?parent=21456"}],"wp:term":[{"taxonomy":"product_brand","embeddable":true,"href":"https:\/\/www.indonesianmarket.fi\/id\/wp-json\/wp\/v2\/product_brand?post=21456"},{"taxonomy":"product_cat","embeddable":true,"href":"https:\/\/www.indonesianmarket.fi\/id\/wp-json\/wp\/v2\/product_cat?post=21456"},{"taxonomy":"product_tag","embeddable":true,"href":"https:\/\/www.indonesianmarket.fi\/id\/wp-json\/wp\/v2\/product_tag?post=21456"}],"curies":[{"name":"wp","href":"https:\/\/api.w.org\/{rel}","templated":true}]}}