{"id":21288,"date":"2019-11-19T02:17:24","date_gmt":"2019-11-19T00:17:24","guid":{"rendered":"http:\/\/www.indonesianmarket.fi\/?product=wai-wai-bihun-500g"},"modified":"2026-03-27T03:40:18","modified_gmt":"2026-03-27T01:40:18","slug":"wai-wai-bihun-500g","status":"publish","type":"product","link":"https:\/\/www.indonesianmarket.fi\/id\/product\/wai-wai-bihun-500g\/","title":{"rendered":"Wai Wai bihun 500g"},"content":{"rendered":"<div><\/div>\n<div><strong>Riisi vermiselli \/ ris vermicelli<\/strong><\/div>\n<div><\/div>\n<div> <strong>Nettopaino\/Nettovikt: <\/strong> 500 g<\/div>\n<div><\/div>\n<div><strong>Ainesosat:<\/strong> riisinjyv\u00e4 (92%), suola (8%).<\/div>\n<div><strong>Ingredienser:<\/strong> riskorn (92%), salt (8%).<\/div>\n<div><\/div>\n<div><strong>Ravintosis\u00e4lt\u00f6\/ N\u00e4ringsinneh\u00e5ll 100 g: <\/strong><\/div>\n<div>Energiaa\/Energi 1550 kJ (365 kcal)<\/div>\n<div>Rasvaa\/Fett 0 g<\/div>\n<div>josta tyydyttynyt\u00e4\/varav m\u00e4ttat 0 g<\/div>\n<div>Hiilihydraatteja\/Kolhydrater 80 g<\/div>\n<div>josta sokereita\/varav sockerarter 0 g<\/div>\n<div>kuitu\/fibre 2 g<\/div>\n<div>Proteiinia\/Protein 7 g<\/div>\n<div>Suola\/Salt 0,02 g<\/div>\n<div><\/div>\n<div><strong>Alkuper\u00e4maa \/ Ursprungsland: <\/strong> Thaimaa<\/div>\n","protected":false},"excerpt":{"rendered":"<p>Riisi vermiselli \/ ris vermicelli Nettopaino\/Nettovikt: 500 g Ainesosat: riisinjyv\u00e4 (92%), suola (8%). Ingredienser: riskorn (92%), salt (8%). Ravintosis\u00e4lt\u00f6\/ N\u00e4ringsinneh\u00e5ll 100 g: Energiaa\/Energi 1550 kJ (365 kcal) Rasvaa\/Fett 0 g josta tyydyttynyt\u00e4\/varav m\u00e4ttat 0 g Hiilihydraatteja\/Kolhydrater 80 g josta sokereita\/varav sockerarter 0 g kuitu\/fibre 2 g Proteiinia\/Protein 7 g Suola\/Salt 0,02 g Alkuper\u00e4maa \/ Ursprungsland:<\/p>\n<div class=\"klb-readmore entry-button\"><a class=\"button\" href=\"https:\/\/www.indonesianmarket.fi\/id\/product\/wai-wai-bihun-500g\/\">Read More<\/a><\/div>\n","protected":false},"featured_media":21291,"template":"","meta":[],"product_brand":[],"product_cat":[1684],"product_tag":[],"class_list":{"0":"post-21288","1":"product","2":"type-product","3":"status-publish","4":"has-post-thumbnail","6":"product_cat-mie-beras-dan-terigu","8":"first","9":"instock","10":"taxable","11":"shipping-taxable","12":"purchasable","13":"product-type-simple"},"_links":{"self":[{"href":"https:\/\/www.indonesianmarket.fi\/id\/wp-json\/wp\/v2\/product\/21288","targetHints":{"allow":["GET"]}}],"collection":[{"href":"https:\/\/www.indonesianmarket.fi\/id\/wp-json\/wp\/v2\/product"}],"about":[{"href":"https:\/\/www.indonesianmarket.fi\/id\/wp-json\/wp\/v2\/types\/product"}],"version-history":[{"count":3,"href":"https:\/\/www.indonesianmarket.fi\/id\/wp-json\/wp\/v2\/product\/21288\/revisions"}],"predecessor-version":[{"id":34129,"href":"https:\/\/www.indonesianmarket.fi\/id\/wp-json\/wp\/v2\/product\/21288\/revisions\/34129"}],"wp:featuredmedia":[{"embeddable":true,"href":"https:\/\/www.indonesianmarket.fi\/id\/wp-json\/wp\/v2\/media\/21291"}],"wp:attachment":[{"href":"https:\/\/www.indonesianmarket.fi\/id\/wp-json\/wp\/v2\/media?parent=21288"}],"wp:term":[{"taxonomy":"product_brand","embeddable":true,"href":"https:\/\/www.indonesianmarket.fi\/id\/wp-json\/wp\/v2\/product_brand?post=21288"},{"taxonomy":"product_cat","embeddable":true,"href":"https:\/\/www.indonesianmarket.fi\/id\/wp-json\/wp\/v2\/product_cat?post=21288"},{"taxonomy":"product_tag","embeddable":true,"href":"https:\/\/www.indonesianmarket.fi\/id\/wp-json\/wp\/v2\/product_tag?post=21288"}],"curies":[{"name":"wp","href":"https:\/\/api.w.org\/{rel}","templated":true}]}}