{"id":21252,"date":"2019-10-14T22:59:33","date_gmt":"2019-10-14T19:59:33","guid":{"rendered":"http:\/\/www.indonesianmarket.fi\/?product=tong-tji-teh-melati-25x2g"},"modified":"2026-03-31T19:27:47","modified_gmt":"2026-03-31T16:27:47","slug":"tong-tji-teh-melati-25x2g","status":"publish","type":"product","link":"https:\/\/www.indonesianmarket.fi\/id\/product\/tong-tji-teh-melati-25x2g\/","title":{"rendered":"Tong Tji teh melati 25x2g"},"content":{"rendered":"<p>Jasmiinitee \/ Jasminte.<\/p>\n<p>Nettopaino \/ Nettovikt: 25 x 2 g<\/p>\n<p>Ainesosat: Vihre\u00e4 tee, jasmiinikukka.<\/p>\n<p>Ingredienser: Gr\u00f6nt te, jasminblomma.<\/p>\n<p>Alkuper\u00e4maa \/ Ursprungsland: Indonesia\/Indonesien<\/p>\n<p>Ravintosis\u00e4lt\u00f6\/ N\u00e4ringsinneh\u00e5ll 2g: Energiaa\/Energi 0 kJ (5 kcal), Rasvaa\/Fett 0g, josta tyydyttynyt\u00e4\/varav m\u00e4ttat 0 g, Hiilihydraatteja\/Kolhydrater 0 g, josta sokereita\/varav sockerarter 0 g, Proteiinia\/Protein 0 g, Suola\/Salt 0 g.<\/p>\n<p>Maahantuoja \/ Importir: JK Alho, PL 18, 20251 Turku \/ \u00c5bo www.indonesianmarket.fi<\/p>\n<p>P\u00e4ivit\u00e4mme tuotetietoja aktiivisesti. Suosittelemme kuitenkin tarkistamaan ainesosat aina my\u00f6s myyntipakkauksesta. <\/p>\n","protected":false},"excerpt":{"rendered":"<p>Jasmiinitee \/ Jasminte. Nettopaino \/ Nettovikt: 25 x 2 g Ainesosat: Vihre\u00e4 tee, jasmiinikukka. Ingredienser: Gr\u00f6nt te, jasminblomma. Alkuper\u00e4maa \/ Ursprungsland: Indonesia\/Indonesien Ravintosis\u00e4lt\u00f6\/ N\u00e4ringsinneh\u00e5ll 2g: Energiaa\/Energi 0 kJ (5 kcal), Rasvaa\/Fett 0g, josta tyydyttynyt\u00e4\/varav m\u00e4ttat 0 g, Hiilihydraatteja\/Kolhydrater 0 g, josta sokereita\/varav sockerarter 0 g, Proteiinia\/Protein 0 g, Suola\/Salt 0 g. Maahantuoja \/ Importir: JK<\/p>\n<div class=\"klb-readmore entry-button\"><a class=\"button\" href=\"https:\/\/www.indonesianmarket.fi\/id\/product\/tong-tji-teh-melati-25x2g\/\">Read More<\/a><\/div>\n","protected":false},"featured_media":21255,"template":"","meta":[],"product_brand":[],"product_cat":[1666],"product_tag":[],"class_list":{"0":"post-21252","1":"product","2":"type-product","3":"status-publish","4":"has-post-thumbnail","6":"product_cat-juomat-kahvit-ja-teet-1","8":"first","9":"instock","10":"taxable","11":"shipping-taxable","12":"purchasable","13":"product-type-simple"},"_links":{"self":[{"href":"https:\/\/www.indonesianmarket.fi\/id\/wp-json\/wp\/v2\/product\/21252","targetHints":{"allow":["GET"]}}],"collection":[{"href":"https:\/\/www.indonesianmarket.fi\/id\/wp-json\/wp\/v2\/product"}],"about":[{"href":"https:\/\/www.indonesianmarket.fi\/id\/wp-json\/wp\/v2\/types\/product"}],"version-history":[{"count":4,"href":"https:\/\/www.indonesianmarket.fi\/id\/wp-json\/wp\/v2\/product\/21252\/revisions"}],"predecessor-version":[{"id":34131,"href":"https:\/\/www.indonesianmarket.fi\/id\/wp-json\/wp\/v2\/product\/21252\/revisions\/34131"}],"wp:featuredmedia":[{"embeddable":true,"href":"https:\/\/www.indonesianmarket.fi\/id\/wp-json\/wp\/v2\/media\/21255"}],"wp:attachment":[{"href":"https:\/\/www.indonesianmarket.fi\/id\/wp-json\/wp\/v2\/media?parent=21252"}],"wp:term":[{"taxonomy":"product_brand","embeddable":true,"href":"https:\/\/www.indonesianmarket.fi\/id\/wp-json\/wp\/v2\/product_brand?post=21252"},{"taxonomy":"product_cat","embeddable":true,"href":"https:\/\/www.indonesianmarket.fi\/id\/wp-json\/wp\/v2\/product_cat?post=21252"},{"taxonomy":"product_tag","embeddable":true,"href":"https:\/\/www.indonesianmarket.fi\/id\/wp-json\/wp\/v2\/product_tag?post=21252"}],"curies":[{"name":"wp","href":"https:\/\/api.w.org\/{rel}","templated":true}]}}