{"id":21174,"date":"2019-09-24T19:22:23","date_gmt":"2019-09-24T16:22:23","guid":{"rendered":"http:\/\/www.indonesianmarket.fi\/?product=masako-bumbu-penyedap-serbaguna-rasa-sapi-250-g"},"modified":"2026-03-20T15:53:17","modified_gmt":"2026-03-20T13:53:17","slug":"masako-bumbu-penyedap-serbaguna-rasa-sapi-250-g","status":"publish","type":"product","link":"https:\/\/www.indonesianmarket.fi\/id\/product\/masako-bumbu-penyedap-serbaguna-rasa-sapi-250-g\/","title":{"rendered":"Masako bumbu penyedap serbaguna rasa SAPI 250 g"},"content":{"rendered":"<div><\/div>\n<div><strong>Naudan makuinen yleismausteseos \/ N\u00f6tk\u00f6tt smaksatt hela smaks\u00e4ttningen<\/strong><\/div>\n<div><\/div>\n<div>Nettopaino \/ Nettovikt: 250g<\/div>\n<div><\/div>\n<div>Ainesosat: Jodioitu suola, arominvahventeet (mononatriumglutamaatti (E621), dinatrium-5\u2032-ribonukleotidit (E635)), sokeri, synteettinen aromi (naudanliha, grillattu naudanliha, timjami (sis\u00e4lt\u00e4\u00e4 arominvahventeena dinatrium-5\u2032-guanylaattia (E627)), valkopippuri, <strong>muskottip\u00e4hkin\u00e4<\/strong>), naudanlihauute (sis\u00e4lt\u00e4\u00e4 naudanlihaa (1,01 %)), valkosipuli, korianteri, mustapippuri, luonnollinen karamelliv\u00e4ri IV (E150d), valkopippuri, hydrolysoitu <strong>soijaproteiini<\/strong> (sis\u00e4lt\u00e4\u00e4 antioksidanttia DL-alfa-tokoferolia (E307), arominvahventeena dinatrium-5\u2032-inosinaattia (E631)).<\/div>\n<div><\/div>\n<div>Ingredienser: Joderat salt, smakf\u00f6rst\u00e4rkare (mononatriumglutamat (E621), dinatrium-5\u2032-ribonukleotider (E635)), socker, syntetisk arom (n\u00f6tk\u00f6tt, grillat n\u00f6tk\u00f6tt, timjan (inneh\u00e5ller smakf\u00f6rst\u00e4rkare dinatrium-5\u2032-guanylat (E627)), vitpeppar, <strong>muskotn\u00f6t<\/strong>), n\u00f6tk\u00f6ttsextrakt (inneh\u00e5ller n\u00f6tk\u00f6tt (1,01 %)), vitl\u00f6k, koriander, svartpeppar, naturlig karamellf\u00e4rg IV (E150d), vitpeppar, hydrolyserat <strong>sojaprotein<\/strong> (inneh\u00e5ller antioxidanten DL-alfa-tokoferol (E307), smakf\u00f6rst\u00e4rkare dinatrium-5\u2032-inosinat (E631)).<\/div>\n<div>\n<p>Alkuper\u00e4maa \/ Ursprungsland: Indonesia \/ Indonesia.<\/p>\n<p>Ravintosis\u00e4lt\u00f6\/ N\u00e4ringsinneh\u00e5ll 2 g: Energiaa\/Energi 0 kcal, Rasvaa\/Fett 0 g, josta tyydyttynyt\u00e4\/varav m\u00e4ttat 0 g, Hiilihydraatteja\/Kolhydrater 0 g, josta sokereita\/varav sockerarter 0 g, Proteiinia\/Protein 0 g, Suola\/Salt 0,590 g.<\/p>\n<p>Maahantuoja \/ Importir: JK Alho, PL 18, 20251 Turku \/ \u00c5bo www.indonesianmarket.fi<\/p>\n<p>P\u00e4ivit\u00e4mme tuotetietoja aktiivisesti. Suosittelemme kuitenkin tarkistamaan ainesosat aina my\u00f6s myyntipakkauksesta. <\/p>\n<\/div>\n<div><\/div>\n<div><\/div>\n","protected":false},"excerpt":{"rendered":"<p>Naudan makuinen yleismausteseos \/ N\u00f6tk\u00f6tt smaksatt hela smaks\u00e4ttningen Nettopaino \/ Nettovikt: 250g Ainesosat: Jodioitu suola, arominvahventeet (mononatriumglutamaatti (E621), dinatrium-5\u2032-ribonukleotidit (E635)), sokeri, synteettinen aromi (naudanliha, grillattu naudanliha, timjami (sis\u00e4lt\u00e4\u00e4 arominvahventeena dinatrium-5\u2032-guanylaattia (E627)), valkopippuri, muskottip\u00e4hkin\u00e4), naudanlihauute (sis\u00e4lt\u00e4\u00e4 naudanlihaa (1,01 %)), valkosipuli, korianteri, mustapippuri, luonnollinen karamelliv\u00e4ri IV (E150d), valkopippuri, hydrolysoitu soijaproteiini (sis\u00e4lt\u00e4\u00e4 antioksidanttia DL-alfa-tokoferolia (E307), arominvahventeena dinatrium-5\u2032-inosinaattia (E631)).<\/p>\n<div class=\"klb-readmore entry-button\"><a class=\"button\" href=\"https:\/\/www.indonesianmarket.fi\/id\/product\/masako-bumbu-penyedap-serbaguna-rasa-sapi-250-g\/\">Read More<\/a><\/div>\n","protected":false},"featured_media":32130,"template":"","meta":[],"product_brand":[],"product_cat":[1708],"product_tag":[],"class_list":{"0":"post-21174","1":"product","2":"type-product","3":"status-publish","4":"has-post-thumbnail","6":"product_cat-bumbu-masak-instant","8":"first","9":"instock","10":"taxable","11":"shipping-taxable","12":"purchasable","13":"product-type-simple"},"_links":{"self":[{"href":"https:\/\/www.indonesianmarket.fi\/id\/wp-json\/wp\/v2\/product\/21174","targetHints":{"allow":["GET"]}}],"collection":[{"href":"https:\/\/www.indonesianmarket.fi\/id\/wp-json\/wp\/v2\/product"}],"about":[{"href":"https:\/\/www.indonesianmarket.fi\/id\/wp-json\/wp\/v2\/types\/product"}],"version-history":[{"count":5,"href":"https:\/\/www.indonesianmarket.fi\/id\/wp-json\/wp\/v2\/product\/21174\/revisions"}],"predecessor-version":[{"id":33782,"href":"https:\/\/www.indonesianmarket.fi\/id\/wp-json\/wp\/v2\/product\/21174\/revisions\/33782"}],"wp:featuredmedia":[{"embeddable":true,"href":"https:\/\/www.indonesianmarket.fi\/id\/wp-json\/wp\/v2\/media\/32130"}],"wp:attachment":[{"href":"https:\/\/www.indonesianmarket.fi\/id\/wp-json\/wp\/v2\/media?parent=21174"}],"wp:term":[{"taxonomy":"product_brand","embeddable":true,"href":"https:\/\/www.indonesianmarket.fi\/id\/wp-json\/wp\/v2\/product_brand?post=21174"},{"taxonomy":"product_cat","embeddable":true,"href":"https:\/\/www.indonesianmarket.fi\/id\/wp-json\/wp\/v2\/product_cat?post=21174"},{"taxonomy":"product_tag","embeddable":true,"href":"https:\/\/www.indonesianmarket.fi\/id\/wp-json\/wp\/v2\/product_tag?post=21174"}],"curies":[{"name":"wp","href":"https:\/\/api.w.org\/{rel}","templated":true}]}}