{"id":21114,"date":"2019-06-17T05:39:31","date_gmt":"2019-06-17T02:39:31","guid":{"rendered":"http:\/\/www.indonesianmarket.fi\/?product=lumpia-siap-santap"},"modified":"2026-01-26T12:53:29","modified_gmt":"2026-01-26T10:53:29","slug":"lumpia","status":"publish","type":"product","link":"https:\/\/www.indonesianmarket.fi\/id\/product\/lumpia\/","title":{"rendered":"Lumpia siap santap"},"content":{"rendered":"<p>&nbsp;<\/p>\n<p><strong>Kev\u00e4tk\u00e4\u00e4ryle (valmis sy\u00f6t\u00e4v\u00e4ksi)<\/strong><\/p>\n<p><strong>Nettopaino:<\/strong> n. 170-225 g (3 kpl)<\/p>\n<p><strong>Ainesosat:<\/strong> Taikina (<strong>vehn\u00e4jauho<\/strong>, kookos\u00f6ljy, suola, vesi), kasviproteiini, riisinuudeli (riisi, vesi), kaali, porkkana, sipuli, valkosipuli, pippuri, sokeri, suola, rypsi\u00f6ljy.\u00a0<strong>Chilikastike:<\/strong> Chili, paprika, valkosipuli, sokeri, suola, perunajauho, etikka, vesi.<\/p>\n<p><strong>Kasviproteiini:<\/strong><\/p>\n<p>H\u00e4rk\u00e4paputempe (Suomalainen luomu h\u00e4rk\u00e4papu,\u00a0<em>Rhizopus<\/em>-sieni, riisijauho, etikka, vesi).<\/p>\n<p>Soijatempe (GMO-vapaa luomu soijapapu, <em>Rhizopus<\/em>-sieni, riisijauho, etikka, vesi).<\/p>\n<p>&nbsp;<\/p>\n<p><span style=\"font-size: 14pt;\"><strong><span style=\"color: #ff0000;\">Huom. TOIMITUS VAIN TURUN ALUEELLE. Toimitusaika 2 pv tilauksesta.<\/span><\/strong><\/span><\/p>\n","protected":false},"excerpt":{"rendered":"<p>Huom. TOIMITUS VAIN TURUN ALUEELLE. Toimitusaika 2 pv tilauksesta.<\/p>\n","protected":false},"featured_media":21117,"template":"","meta":[],"product_brand":[2189],"product_cat":[1660],"product_tag":[],"class_list":{"0":"post-21114","1":"product","2":"type-product","3":"status-publish","4":"has-post-thumbnail","6":"product_brand-in-house","7":"product_cat-nasi-kotak-catering","9":"first","10":"instock","11":"taxable","12":"shipping-taxable","13":"purchasable","14":"product-type-simple"},"_links":{"self":[{"href":"https:\/\/www.indonesianmarket.fi\/id\/wp-json\/wp\/v2\/product\/21114","targetHints":{"allow":["GET"]}}],"collection":[{"href":"https:\/\/www.indonesianmarket.fi\/id\/wp-json\/wp\/v2\/product"}],"about":[{"href":"https:\/\/www.indonesianmarket.fi\/id\/wp-json\/wp\/v2\/types\/product"}],"version-history":[{"count":3,"href":"https:\/\/www.indonesianmarket.fi\/id\/wp-json\/wp\/v2\/product\/21114\/revisions"}],"predecessor-version":[{"id":30626,"href":"https:\/\/www.indonesianmarket.fi\/id\/wp-json\/wp\/v2\/product\/21114\/revisions\/30626"}],"wp:featuredmedia":[{"embeddable":true,"href":"https:\/\/www.indonesianmarket.fi\/id\/wp-json\/wp\/v2\/media\/21117"}],"wp:attachment":[{"href":"https:\/\/www.indonesianmarket.fi\/id\/wp-json\/wp\/v2\/media?parent=21114"}],"wp:term":[{"taxonomy":"product_brand","embeddable":true,"href":"https:\/\/www.indonesianmarket.fi\/id\/wp-json\/wp\/v2\/product_brand?post=21114"},{"taxonomy":"product_cat","embeddable":true,"href":"https:\/\/www.indonesianmarket.fi\/id\/wp-json\/wp\/v2\/product_cat?post=21114"},{"taxonomy":"product_tag","embeddable":true,"href":"https:\/\/www.indonesianmarket.fi\/id\/wp-json\/wp\/v2\/product_tag?post=21114"}],"curies":[{"name":"wp","href":"https:\/\/api.w.org\/{rel}","templated":true}]}}