{"id":21075,"date":"2019-01-27T19:18:42","date_gmt":"2019-01-27T17:18:42","guid":{"rendered":"http:\/\/www.indonesianmarket.fi\/?product=greenjava-bumbu-rendang-paste-50-g"},"modified":"2026-04-14T21:22:58","modified_gmt":"2026-04-14T18:22:58","slug":"greenjava-bumbu-rendang-paste-50-g","status":"publish","type":"product","link":"https:\/\/www.indonesianmarket.fi\/id\/product\/greenjava-bumbu-rendang-paste-50-g\/","title":{"rendered":"Greenjava bumbu rendang paste 50 g"},"content":{"rendered":"<div><\/div>\n<div><strong>Rendang tahna \/ Rendang Pasta<\/strong><\/div>\n<div><\/div>\n<div><strong>Ainesosat:<\/strong>\u00a0Salottisipuli*, valkosipuli, punainen paprika*, kookoshuitale, sitruunaruoho, galangal, inkiv\u00e4\u00e4ri, kurkuma, ryppylimetin lehti, rypsi\u00f6ljy*, laakerinlehti, <strong>bankulp\u00e4hkin\u00e4<\/strong>, kaneli, <strong>muskottip\u00e4hkin\u00e4<\/strong>, t\u00e4htianis, valkopippuri, korianteri, kumina, neilikka, kardemumma. * = Suomalainen raaka-aine.<\/div>\n<div><\/div>\n<div><strong>Ingredienser:\u00a0<\/strong>Schalottenl\u00f6k*, vitl\u00f6k, r\u00f6d paprika*, kokosflingor, citrongr\u00e4s, galangal, ingef\u00e4ra, gurkmeja, kaffirlimeblad, rybsolja*, lagerblad, <strong>bankuln\u00f6t<\/strong>, kanel, <strong>muskotn\u00f6t<\/strong>, stj\u00e4rnanis, vitpeppar, koriander, kummin, nejlikor, kardemumma. * = Finska r\u00e5varor<\/div>\n<div><\/div>\n<div>\n<div><strong>Alkuper\u00e4maa \/ Ursprungsland:<\/strong>\u00a0Suomi<\/div>\n<div><\/div>\n<div>\n<div>\n<table border=\"1\" cellpadding=\"1\">\n<tbody>\n<tr>\n<td><strong>Ravintosis\u00e4lt\u00f6 \/ N\u00e4ringsdeklaration:<\/strong><\/td>\n<td><strong>\u00a0per 100 g<\/strong><\/td>\n<\/tr>\n<tr>\n<td>Energia \/\u00a0Energi<\/td>\n<td>\u00a02174 kJ\/528\u00a0 kcal<\/td>\n<\/tr>\n<tr>\n<td>Rasva \/ Fett<\/td>\n<td>\u00a054 g<\/td>\n<\/tr>\n<tr>\n<td>\u00a0 \u00a0 \u00a0 -josta tyydyttynytt\u00e4 \/ -varav m\u00e4ttade<\/td>\n<td>\u00a03,1 g<\/td>\n<\/tr>\n<tr>\n<td>Hiilihydraatit \/\u00a0Kolhydrater<\/td>\n<td>\u00a08,7 g<\/td>\n<\/tr>\n<tr>\n<td>\u00a0 \u00a0 \u00a0 -josta sokereita \/ &#8211;\u00a0varav sockerarter<\/td>\n<td>\u00a06,7 g<\/td>\n<\/tr>\n<tr>\n<td>Kuitua \/ Fiber<\/td>\n<td>\u00a01,7 g<\/td>\n<\/tr>\n<tr>\n<td>Proteiini \/\u00a0Protein<\/td>\n<td>\u00a01,7 g<\/td>\n<\/tr>\n<tr>\n<td>Suola \/\u00a0Salt<\/td>\n<td>\u00a01,4 g<\/td>\n<\/tr>\n<\/tbody>\n<\/table>\n<\/div>\n<\/div>\n<\/div>\n<p>*\u00a0suolapitoisuus johtuu yksinomaan luontaisesti esiintyv\u00e4st\u00e4\u00a0natriumista.<\/p>\n","protected":false},"excerpt":{"rendered":"<p>Rendang tahna \/ Rendang Pasta Ainesosat:\u00a0Salottisipuli*, valkosipuli, punainen paprika*, kookoshuitale, sitruunaruoho, galangal, inkiv\u00e4\u00e4ri, kurkuma, ryppylimetin lehti, rypsi\u00f6ljy*, laakerinlehti, bankulp\u00e4hkin\u00e4, kaneli, muskottip\u00e4hkin\u00e4, t\u00e4htianis, valkopippuri, korianteri, kumina, neilikka, kardemumma. * = Suomalainen raaka-aine. Ingredienser:\u00a0Schalottenl\u00f6k*, vitl\u00f6k, r\u00f6d paprika*, kokosflingor, citrongr\u00e4s, galangal, ingef\u00e4ra, gurkmeja, kaffirlimeblad, rybsolja*, lagerblad, bankuln\u00f6t, kanel, muskotn\u00f6t, stj\u00e4rnanis, vitpeppar, koriander, kummin, nejlikor, kardemumma. * = Finska<\/p>\n<div class=\"klb-readmore entry-button\"><a class=\"button\" href=\"https:\/\/www.indonesianmarket.fi\/id\/product\/greenjava-bumbu-rendang-paste-50-g\/\">Read More<\/a><\/div>\n","protected":false},"featured_media":29238,"template":"","meta":[],"product_brand":[2229],"product_cat":[1708],"product_tag":[],"class_list":{"0":"post-21075","1":"product","2":"type-product","3":"status-publish","4":"has-post-thumbnail","6":"product_brand-greenjava","7":"product_cat-bumbu-masak-instant","9":"first","10":"instock","11":"taxable","12":"shipping-taxable","13":"purchasable","14":"product-type-simple"},"_links":{"self":[{"href":"https:\/\/www.indonesianmarket.fi\/id\/wp-json\/wp\/v2\/product\/21075","targetHints":{"allow":["GET"]}}],"collection":[{"href":"https:\/\/www.indonesianmarket.fi\/id\/wp-json\/wp\/v2\/product"}],"about":[{"href":"https:\/\/www.indonesianmarket.fi\/id\/wp-json\/wp\/v2\/types\/product"}],"version-history":[{"count":3,"href":"https:\/\/www.indonesianmarket.fi\/id\/wp-json\/wp\/v2\/product\/21075\/revisions"}],"predecessor-version":[{"id":34576,"href":"https:\/\/www.indonesianmarket.fi\/id\/wp-json\/wp\/v2\/product\/21075\/revisions\/34576"}],"wp:featuredmedia":[{"embeddable":true,"href":"https:\/\/www.indonesianmarket.fi\/id\/wp-json\/wp\/v2\/media\/29238"}],"wp:attachment":[{"href":"https:\/\/www.indonesianmarket.fi\/id\/wp-json\/wp\/v2\/media?parent=21075"}],"wp:term":[{"taxonomy":"product_brand","embeddable":true,"href":"https:\/\/www.indonesianmarket.fi\/id\/wp-json\/wp\/v2\/product_brand?post=21075"},{"taxonomy":"product_cat","embeddable":true,"href":"https:\/\/www.indonesianmarket.fi\/id\/wp-json\/wp\/v2\/product_cat?post=21075"},{"taxonomy":"product_tag","embeddable":true,"href":"https:\/\/www.indonesianmarket.fi\/id\/wp-json\/wp\/v2\/product_tag?post=21075"}],"curies":[{"name":"wp","href":"https:\/\/api.w.org\/{rel}","templated":true}]}}