{"id":21006,"date":"2018-04-19T15:45:51","date_gmt":"2018-04-19T12:45:51","guid":{"rendered":"http:\/\/www.indonesianmarket.fi\/?product=piring-24-cm"},"modified":"2026-01-26T11:15:16","modified_gmt":"2026-01-26T09:15:16","slug":"lidi-plate-24-cm-2","status":"publish","type":"product","link":"https:\/\/www.indonesianmarket.fi\/id\/product\/lidi-plate-24-cm-2\/","title":{"rendered":"Piring 24 cm"},"content":{"rendered":"<p>&nbsp;<\/p>\n<p><strong>Lidi lautanen \/ Piring lidi<\/strong><\/p>\n<p>Mitat: Halk. 24 cm<\/p>\n<p>Valmistettu k\u00e4sin punottu lidi (kookospalmun lehden rimsu). Miten k\u00e4yt\u00e4 Lidi lautanen? Asetta rasvankest\u00e4v\u00e4 paperi ja laita ruoat p\u00e4\u00e4lle. Lidi lautanen on uudelleenk\u00e4yt\u00f6 lautanen ja rasvankest\u00e4v\u00e4 paperi on kertak\u00e4ytt\u00f6. Sopii hyvin esim. ulkojuhlassa tai piknikill\u00e4.<\/p>\n","protected":false},"excerpt":{"rendered":"<p>&nbsp; Lidi lautanen \/ Piring lidi Mitat: Halk. 24 cm Valmistettu k\u00e4sin punottu lidi (kookospalmun lehden rimsu). Miten k\u00e4yt\u00e4 Lidi lautanen? Asetta rasvankest\u00e4v\u00e4 paperi ja laita ruoat p\u00e4\u00e4lle. Lidi lautanen on uudelleenk\u00e4yt\u00f6 lautanen ja rasvankest\u00e4v\u00e4 paperi on kertak\u00e4ytt\u00f6. Sopii hyvin esim. ulkojuhlassa tai piknikill\u00e4.<\/p>\n","protected":false},"featured_media":21009,"template":"","meta":[],"product_brand":[2149],"product_cat":[1675],"product_tag":[],"class_list":{"0":"post-21006","1":"product","2":"type-product","3":"status-publish","4":"has-post-thumbnail","6":"product_brand-lucullus","7":"product_cat-peralatan-dapur-cetakan","9":"first","10":"instock","11":"taxable","12":"shipping-taxable","13":"purchasable","14":"product-type-simple"},"_links":{"self":[{"href":"https:\/\/www.indonesianmarket.fi\/id\/wp-json\/wp\/v2\/product\/21006","targetHints":{"allow":["GET"]}}],"collection":[{"href":"https:\/\/www.indonesianmarket.fi\/id\/wp-json\/wp\/v2\/product"}],"about":[{"href":"https:\/\/www.indonesianmarket.fi\/id\/wp-json\/wp\/v2\/types\/product"}],"version-history":[{"count":2,"href":"https:\/\/www.indonesianmarket.fi\/id\/wp-json\/wp\/v2\/product\/21006\/revisions"}],"predecessor-version":[{"id":31452,"href":"https:\/\/www.indonesianmarket.fi\/id\/wp-json\/wp\/v2\/product\/21006\/revisions\/31452"}],"wp:featuredmedia":[{"embeddable":true,"href":"https:\/\/www.indonesianmarket.fi\/id\/wp-json\/wp\/v2\/media\/21009"}],"wp:attachment":[{"href":"https:\/\/www.indonesianmarket.fi\/id\/wp-json\/wp\/v2\/media?parent=21006"}],"wp:term":[{"taxonomy":"product_brand","embeddable":true,"href":"https:\/\/www.indonesianmarket.fi\/id\/wp-json\/wp\/v2\/product_brand?post=21006"},{"taxonomy":"product_cat","embeddable":true,"href":"https:\/\/www.indonesianmarket.fi\/id\/wp-json\/wp\/v2\/product_cat?post=21006"},{"taxonomy":"product_tag","embeddable":true,"href":"https:\/\/www.indonesianmarket.fi\/id\/wp-json\/wp\/v2\/product_tag?post=21006"}],"curies":[{"name":"wp","href":"https:\/\/api.w.org\/{rel}","templated":true}]}}