{"id":20823,"date":"2017-10-17T06:34:25","date_gmt":"2017-10-17T03:34:25","guid":{"rendered":"http:\/\/www.indonesianmarket.fi\/?product=greenjava-sambal-terasi-140-g"},"modified":"2026-04-14T20:46:47","modified_gmt":"2026-04-14T17:46:47","slug":"greenjava-sambal-terasi-140-g","status":"publish","type":"product","link":"https:\/\/www.indonesianmarket.fi\/id\/product\/greenjava-sambal-terasi-140-g\/","title":{"rendered":"Greenjava Sambal Terasi 140 g"},"content":{"rendered":"<div>\n<div><\/div>\n<div><strong>SAMBAL TERASI<\/strong><\/div>\n<div><strong>Tulinen Katkarapu Chilitahna \/ Het R\u00e4k Chilipasta<\/strong><\/div>\n<div><strong>Tulisuus 8\/10<\/strong><\/div>\n<div><\/div>\n<div><strong>Nettopaino \/ Nettovikt:<\/strong> 140 g<\/div>\n<div><\/div>\n<div><strong>Ainesosat:<\/strong>\u00a0Chili, salottisipuli, valkosipuli, tomaatti,\u00a0<strong>katkaraputahna<\/strong>, rapsi\u00f6ljy, suola, sokeri, E621.<\/div>\n<div><strong>K\u00e4ytt\u00f6ohje:<\/strong> Sopii erinomaisesti sek\u00e4 p\u00f6yt\u00e4mausteeksi ett\u00e4 ruoan valmistukseen.<\/div>\n<div><strong>S\u00e4ilytys:<\/strong>\u00a0Huoneenl\u00e4mm\u00f6ss\u00e4. Avattu pakkaus s\u00e4ilytet\u00e4\u00e4n j\u00e4\u00e4kaapissa.<\/div>\n<div>Varottava tuotteen joutumista silmiin ja hengityselimiin.<\/div>\n<div><\/div>\n<div><strong>Ingredienser:<\/strong>\u00a0Chili, schalottenl\u00f6k, vitl\u00f6k, tomat,\u00a0<strong>r\u00e4kpasta<\/strong>, rapsolja, salt, socker, E621.<\/div>\n<div><strong>Bruksanvisning:<\/strong>\u00a0Perfekt f\u00f6r bade tabellen f\u00f6r att krydda matlagning.<\/div>\n<div><strong>F\u00f6rvaring:<\/strong>\u00a0I rumstemperatur. \u00d6ppnad f\u00f6rpakning f\u00f6rvaras i kylsk\u00e5p.<\/div>\n<div>Undrik kontakt med \u00f6gonen och andningsorganen.<\/div>\n<div><strong>Alkuper\u00e4maa \/ Ursprungsland:<\/strong>\u00a0Suomi<\/div>\n<div><\/div>\n<div>\n<div>\n<div>\n<div>\n<table border=\"1\" cellpadding=\"1\">\n<tbody>\n<tr>\n<td><strong>Ravintosis\u00e4lt\u00f6 \/ N\u00e4ringsdeklaration:<\/strong><\/td>\n<td><strong>\u00a0per 100 g<\/strong><\/td>\n<\/tr>\n<tr>\n<td>Energia \/\u00a0Energi<\/td>\n<td>\u00a02236 kJ\/543\u00a0 kcal<\/td>\n<\/tr>\n<tr>\n<td>Rasva \/ Fett<\/td>\n<td>\u00a053,4 g<\/td>\n<\/tr>\n<tr>\n<td>\u00a0 \u00a0 \u00a0 -josta tyydyttynytt\u00e4 \/ -varav m\u00e4ttade<\/td>\n<td>\u00a03,1 g<\/td>\n<\/tr>\n<tr>\n<td>Hiilihydraatit \/\u00a0Kolhydrater<\/td>\n<td>\u00a011,5 g<\/td>\n<\/tr>\n<tr>\n<td>\u00a0 \u00a0 \u00a0 -josta sokereita \/ &#8211;\u00a0varav sockerarter<\/td>\n<td>8,6 g<\/td>\n<\/tr>\n<tr>\n<td>Kuitua \/ Fiber<\/td>\n<td>1,6 g<\/td>\n<\/tr>\n<tr>\n<td>Proteiini \/\u00a0Protein<\/td>\n<td>3,9 g<\/td>\n<\/tr>\n<tr>\n<td>Suola \/\u00a0Salt<\/td>\n<td>\u00a01,1 g<\/td>\n<\/tr>\n<\/tbody>\n<\/table>\n<\/div>\n<\/div>\n<\/div>\n<\/div>\n<\/div>\n","protected":false},"excerpt":{"rendered":"<p>Tulisuus 8\/10, Indonesialaittain, valmistettu Suomessa, v\u00e4ri\u00e4ineeton, s\u00e4il\u00f6nt\u00e4aineeton.<\/p>\n","protected":false},"featured_media":20826,"template":"","meta":[],"product_brand":[2229],"product_cat":[1645],"product_tag":[],"class_list":{"0":"post-20823","1":"product","2":"type-product","3":"status-publish","4":"has-post-thumbnail","6":"product_brand-greenjava","7":"product_cat-sambal-dan-saus-cabai","9":"first","10":"instock","11":"taxable","12":"shipping-taxable","13":"purchasable","14":"product-type-simple"},"_links":{"self":[{"href":"https:\/\/www.indonesianmarket.fi\/id\/wp-json\/wp\/v2\/product\/20823","targetHints":{"allow":["GET"]}}],"collection":[{"href":"https:\/\/www.indonesianmarket.fi\/id\/wp-json\/wp\/v2\/product"}],"about":[{"href":"https:\/\/www.indonesianmarket.fi\/id\/wp-json\/wp\/v2\/types\/product"}],"version-history":[{"count":7,"href":"https:\/\/www.indonesianmarket.fi\/id\/wp-json\/wp\/v2\/product\/20823\/revisions"}],"predecessor-version":[{"id":34573,"href":"https:\/\/www.indonesianmarket.fi\/id\/wp-json\/wp\/v2\/product\/20823\/revisions\/34573"}],"wp:featuredmedia":[{"embeddable":true,"href":"https:\/\/www.indonesianmarket.fi\/id\/wp-json\/wp\/v2\/media\/20826"}],"wp:attachment":[{"href":"https:\/\/www.indonesianmarket.fi\/id\/wp-json\/wp\/v2\/media?parent=20823"}],"wp:term":[{"taxonomy":"product_brand","embeddable":true,"href":"https:\/\/www.indonesianmarket.fi\/id\/wp-json\/wp\/v2\/product_brand?post=20823"},{"taxonomy":"product_cat","embeddable":true,"href":"https:\/\/www.indonesianmarket.fi\/id\/wp-json\/wp\/v2\/product_cat?post=20823"},{"taxonomy":"product_tag","embeddable":true,"href":"https:\/\/www.indonesianmarket.fi\/id\/wp-json\/wp\/v2\/product_tag?post=20823"}],"curies":[{"name":"wp","href":"https:\/\/api.w.org\/{rel}","templated":true}]}}