{"id":20640,"date":"2016-05-20T07:25:18","date_gmt":"2016-05-20T04:25:18","guid":{"rendered":"http:\/\/www.indonesianmarket.fi\/?product=koepoe-koepoe-perasa-cocopandan-30-ml"},"modified":"2026-04-11T17:23:09","modified_gmt":"2026-04-11T14:23:09","slug":"koepoe-koepoe-perasa-cocopandan-30-ml","status":"publish","type":"product","link":"https:\/\/www.indonesianmarket.fi\/id\/product\/koepoe-koepoe-perasa-cocopandan-30-ml\/","title":{"rendered":"Koepoe-koepoe pasta cocopandan 25 ml"},"content":{"rendered":"<p>Cocopandan-aromi \/ Cocopandan-arom<\/p>\n<p>Nettopaino\/Nettovikt: 25 ml<\/p>\n<p>Ainesosat: glukoosisiirappi, sorbitoliliuos, keinotekoinen pandan-aromi, sakeuttamisaine, keinotekoinen vanilja-aromi, palmu\u00f6ljy, antioksidantit, etyylimaltooli, v\u00e4riaine (E124).E124 voi heikent\u00e4\u00e4 lasten aktiivisuutta ja tarkkaavaisuutta.<\/p>\n<p>Ingredienser: glukossirap, sorbitoll\u00f6sning, artificiell pandan-arom, f\u00f6rtjockningsmedel, artificiell vaniljarom, palmolja, antioxidanter, etylmaltol, f\u00e4rg\u00e4mne (E124). <\/p>\n<p>Alkuper\u00e4maa \/ Ursprungsland: Indonesia \/ Indonesia.<\/p>\n<p>Maahantuoja \/ Importir: JK Alho, PL 18, 20251 Turku \/ \u00c5bo www.indonesianmarket.fi<\/p>\n<p>P\u00e4ivit\u00e4mme tuotetietoja aktiivisesti. Suosittelemme kuitenkin tarkistamaan ainesosat aina my\u00f6s myyntipakkauksesta. <\/p>\n","protected":false},"excerpt":{"rendered":"<p>Cocopandan-aromi \/ Cocopandan-arom Nettopaino\/Nettovikt: 25 ml Ainesosat: glukoosisiirappi, sorbitoliliuos, keinotekoinen pandan-aromi, sakeuttamisaine, keinotekoinen vanilja-aromi, palmu\u00f6ljy, antioksidantit, etyylimaltooli, v\u00e4riaine (E124).E124 voi heikent\u00e4\u00e4 lasten aktiivisuutta ja tarkkaavaisuutta. Ingredienser: glukossirap, sorbitoll\u00f6sning, artificiell pandan-arom, f\u00f6rtjockningsmedel, artificiell vaniljarom, palmolja, antioxidanter, etylmaltol, f\u00e4rg\u00e4mne (E124). Alkuper\u00e4maa \/ Ursprungsland: Indonesia \/ Indonesia. Maahantuoja \/ Importir: JK Alho, PL 18, 20251 Turku \/ \u00c5bo<\/p>\n<div class=\"klb-readmore entry-button\"><a class=\"button\" href=\"https:\/\/www.indonesianmarket.fi\/id\/product\/koepoe-koepoe-perasa-cocopandan-30-ml\/\">Read More<\/a><\/div>\n","protected":false},"featured_media":33011,"template":"","meta":[],"product_brand":[2281],"product_cat":[1669],"product_tag":[],"class_list":{"0":"post-20640","1":"product","2":"type-product","3":"status-publish","4":"has-post-thumbnail","6":"product_brand-koepoe-koepoe","7":"product_cat-livonta-1","9":"first","10":"instock","11":"taxable","12":"shipping-taxable","13":"purchasable","14":"product-type-simple"},"_links":{"self":[{"href":"https:\/\/www.indonesianmarket.fi\/id\/wp-json\/wp\/v2\/product\/20640","targetHints":{"allow":["GET"]}}],"collection":[{"href":"https:\/\/www.indonesianmarket.fi\/id\/wp-json\/wp\/v2\/product"}],"about":[{"href":"https:\/\/www.indonesianmarket.fi\/id\/wp-json\/wp\/v2\/types\/product"}],"version-history":[{"count":4,"href":"https:\/\/www.indonesianmarket.fi\/id\/wp-json\/wp\/v2\/product\/20640\/revisions"}],"predecessor-version":[{"id":33013,"href":"https:\/\/www.indonesianmarket.fi\/id\/wp-json\/wp\/v2\/product\/20640\/revisions\/33013"}],"wp:featuredmedia":[{"embeddable":true,"href":"https:\/\/www.indonesianmarket.fi\/id\/wp-json\/wp\/v2\/media\/33011"}],"wp:attachment":[{"href":"https:\/\/www.indonesianmarket.fi\/id\/wp-json\/wp\/v2\/media?parent=20640"}],"wp:term":[{"taxonomy":"product_brand","embeddable":true,"href":"https:\/\/www.indonesianmarket.fi\/id\/wp-json\/wp\/v2\/product_brand?post=20640"},{"taxonomy":"product_cat","embeddable":true,"href":"https:\/\/www.indonesianmarket.fi\/id\/wp-json\/wp\/v2\/product_cat?post=20640"},{"taxonomy":"product_tag","embeddable":true,"href":"https:\/\/www.indonesianmarket.fi\/id\/wp-json\/wp\/v2\/product_tag?post=20640"}],"curies":[{"name":"wp","href":"https:\/\/api.w.org\/{rel}","templated":true}]}}