{"id":20475,"date":"2016-05-20T09:54:31","date_gmt":"2016-05-20T06:54:31","guid":{"rendered":"http:\/\/www.indonesianmarket.fi\/?product=rapindo-cetakan-kue-chiffon-26cm"},"modified":"2026-03-20T08:52:35","modified_gmt":"2026-03-20T06:52:35","slug":"rapindo-cetakan-kue-chiffon-26cm","status":"publish","type":"product","link":"https:\/\/www.indonesianmarket.fi\/id\/product\/rapindo-cetakan-kue-chiffon-26cm\/","title":{"rendered":"Maspion cetakan kue chiffon 26cm"},"content":{"rendered":"<div style=\"color: #000000; font-family: Verdana, Arial, Helvetica, sans-serif; font-size: 16.016px; line-height: normal;\">\n<p>Chiffon-kakkuvuoka\/Chiffongkaksform<\/p>\n<p>Mitat\/M\u00e5tt: halkaisija\/diameter 26 cmx 10 cm<\/p>\n<p>Materiaali\/Material: alumiini\/aluminium<\/p>\n<p>Alkuper\u00e4maa\/Ursprungsland: Indonesia\/Indonesien<\/p>\n<p>Hoito-ohjeet\/Sk\u00f6tselr\u00e5d: vain k\u00e4sinpesu. Uuninkest\u00e4v\u00e4\/endast handdisk. Ugnss\u00e4ker.  <\/p>\n<\/div>\n","protected":false},"excerpt":{"rendered":"<p>Chiffon-kakkuvuoka\/Chiffongkaksform Mitat\/M\u00e5tt: halkaisija\/diameter 26 cmx 10 cm Materiaali\/Material: alumiini\/aluminium Alkuper\u00e4maa\/Ursprungsland: Indonesia\/Indonesien Hoito-ohjeet\/Sk\u00f6tselr\u00e5d: vain k\u00e4sinpesu. Uuninkest\u00e4v\u00e4\/endast handdisk. Ugnss\u00e4ker.<\/p>\n","protected":false},"featured_media":32945,"template":"","meta":[],"product_brand":[],"product_cat":[1675],"product_tag":[],"class_list":{"0":"post-20475","1":"product","2":"type-product","3":"status-publish","4":"has-post-thumbnail","6":"product_cat-peralatan-dapur-cetakan","8":"first","9":"instock","10":"taxable","11":"shipping-taxable","12":"purchasable","13":"product-type-simple"},"_links":{"self":[{"href":"https:\/\/www.indonesianmarket.fi\/id\/wp-json\/wp\/v2\/product\/20475","targetHints":{"allow":["GET"]}}],"collection":[{"href":"https:\/\/www.indonesianmarket.fi\/id\/wp-json\/wp\/v2\/product"}],"about":[{"href":"https:\/\/www.indonesianmarket.fi\/id\/wp-json\/wp\/v2\/types\/product"}],"version-history":[{"count":2,"href":"https:\/\/www.indonesianmarket.fi\/id\/wp-json\/wp\/v2\/product\/20475\/revisions"}],"predecessor-version":[{"id":32950,"href":"https:\/\/www.indonesianmarket.fi\/id\/wp-json\/wp\/v2\/product\/20475\/revisions\/32950"}],"wp:featuredmedia":[{"embeddable":true,"href":"https:\/\/www.indonesianmarket.fi\/id\/wp-json\/wp\/v2\/media\/32945"}],"wp:attachment":[{"href":"https:\/\/www.indonesianmarket.fi\/id\/wp-json\/wp\/v2\/media?parent=20475"}],"wp:term":[{"taxonomy":"product_brand","embeddable":true,"href":"https:\/\/www.indonesianmarket.fi\/id\/wp-json\/wp\/v2\/product_brand?post=20475"},{"taxonomy":"product_cat","embeddable":true,"href":"https:\/\/www.indonesianmarket.fi\/id\/wp-json\/wp\/v2\/product_cat?post=20475"},{"taxonomy":"product_tag","embeddable":true,"href":"https:\/\/www.indonesianmarket.fi\/id\/wp-json\/wp\/v2\/product_tag?post=20475"}],"curies":[{"name":"wp","href":"https:\/\/api.w.org\/{rel}","templated":true}]}}