{"id":20409,"date":"2016-05-20T09:30:20","date_gmt":"2016-05-20T06:30:20","guid":{"rendered":"http:\/\/www.indonesianmarket.fi\/?product=loyang-lapis-surabaya-22-cm"},"modified":"2026-03-20T08:52:52","modified_gmt":"2026-03-20T06:52:52","slug":"loyang-lapis-surabaya-22-cm","status":"publish","type":"product","link":"https:\/\/www.indonesianmarket.fi\/id\/product\/loyang-lapis-surabaya-22-cm\/","title":{"rendered":"Loyang lapis Surabaya 22 cm"},"content":{"rendered":"<div style=\"color: #000000; font-family: Verdana, Arial, Helvetica, sans-serif; font-size: 16.016px; line-height: normal;\">\n<p>Lapis Surabaya-kakkuvuoka\/Lapis Surabaya-kakform<\/p>\n<p>Sis\u00e4mitat\/innerm\u00e5tt: 22 x 22 x 7 cm<\/p>\n<p>Materiaali\/Material: alumiini\/aluminium<\/p>\n<p>Alkuper\u00e4maa\/Ursprungsland: Indonesia\/Indonesien<\/p>\n<p>Hoito-ohjeet\/Sk\u00f6tselr\u00e5d: vain k\u00e4sinpesu. Uuninkest\u00e4v\u00e4\/endast handdisk. Ugnss\u00e4ker.  <\/p>\n<\/div>\n<div style=\"color: #000000; font-family: Verdana, Arial, Helvetica, sans-serif; font-size: 16.016px; line-height: normal;\"><\/div>\n","protected":false},"excerpt":{"rendered":"<p>Lapis Surabaya-kakkuvuoka\/Lapis Surabaya-kakform Sis\u00e4mitat\/innerm\u00e5tt: 22 x 22 x 7 cm Materiaali\/Material: alumiini\/aluminium Alkuper\u00e4maa\/Ursprungsland: Indonesia\/Indonesien Hoito-ohjeet\/Sk\u00f6tselr\u00e5d: vain k\u00e4sinpesu. Uuninkest\u00e4v\u00e4\/endast handdisk. Ugnss\u00e4ker.<\/p>\n","protected":false},"featured_media":32960,"template":"","meta":[],"product_brand":[],"product_cat":[1675],"product_tag":[],"class_list":{"0":"post-20409","1":"product","2":"type-product","3":"status-publish","4":"has-post-thumbnail","6":"product_cat-peralatan-dapur-cetakan","8":"first","9":"instock","10":"taxable","11":"shipping-taxable","12":"purchasable","13":"product-type-simple"},"_links":{"self":[{"href":"https:\/\/www.indonesianmarket.fi\/id\/wp-json\/wp\/v2\/product\/20409","targetHints":{"allow":["GET"]}}],"collection":[{"href":"https:\/\/www.indonesianmarket.fi\/id\/wp-json\/wp\/v2\/product"}],"about":[{"href":"https:\/\/www.indonesianmarket.fi\/id\/wp-json\/wp\/v2\/types\/product"}],"version-history":[{"count":2,"href":"https:\/\/www.indonesianmarket.fi\/id\/wp-json\/wp\/v2\/product\/20409\/revisions"}],"predecessor-version":[{"id":32966,"href":"https:\/\/www.indonesianmarket.fi\/id\/wp-json\/wp\/v2\/product\/20409\/revisions\/32966"}],"wp:featuredmedia":[{"embeddable":true,"href":"https:\/\/www.indonesianmarket.fi\/id\/wp-json\/wp\/v2\/media\/32960"}],"wp:attachment":[{"href":"https:\/\/www.indonesianmarket.fi\/id\/wp-json\/wp\/v2\/media?parent=20409"}],"wp:term":[{"taxonomy":"product_brand","embeddable":true,"href":"https:\/\/www.indonesianmarket.fi\/id\/wp-json\/wp\/v2\/product_brand?post=20409"},{"taxonomy":"product_cat","embeddable":true,"href":"https:\/\/www.indonesianmarket.fi\/id\/wp-json\/wp\/v2\/product_cat?post=20409"},{"taxonomy":"product_tag","embeddable":true,"href":"https:\/\/www.indonesianmarket.fi\/id\/wp-json\/wp\/v2\/product_tag?post=20409"}],"curies":[{"name":"wp","href":"https:\/\/api.w.org\/{rel}","templated":true}]}}