{"id":20355,"date":"2016-05-20T09:11:13","date_gmt":"2016-05-20T06:11:13","guid":{"rendered":"http:\/\/www.indonesianmarket.fi\/?product=koyo-cabe-capsicumchili-kipulaastari-1x10-arkia"},"modified":"2026-01-26T12:03:03","modified_gmt":"2026-01-26T10:03:03","slug":"koyo-cabe-capsicum-chili-kipulaastari-1x10-arkia-2","status":"publish","type":"product","link":"https:\/\/www.indonesianmarket.fi\/id\/product\/koyo-cabe-capsicum-chili-kipulaastari-1x10-arkia-2\/","title":{"rendered":"Koyo Cabe capsicum\/chili kipulaastari 1&#215;10 arkia"},"content":{"rendered":"<p>Koyo Cabe kipulaastari 1\u00d712 kpl<\/p>\n<p>Ainesosat: kapsikum-oleoresiini 0,727 mg, kapsaisiini-kide 0,026 mg.<\/p>\n<p>Ingredienser: capsicum-oleoresin 0,727 mg, capsaicinkristall 0,026 mg.<\/p>\n<p>Alkuper\u00e4maa \/ Ursprungsland: Indonesia\/Indonesien<\/p>\n<p>Maahantuoja \/ Import\u00f6r: JK Alho, PL 18, 20251 Turku \/ \u00c5bo www.indonesianmarket.fi<\/p>\n<p>P\u00e4ivit\u00e4mme tuotetietoja aktiivisesti. Suosittelemme kuitenkin tarkistamaan ainesosat aina my\u00f6s myyntipakkauksesta.<\/p>\n","protected":false},"excerpt":{"rendered":"<p>Koyo Cabe kipulaastari 1\u00d712 kpl Ainesosat: kapsikum-oleoresiini 0,727 mg, kapsaisiini-kide 0,026 mg. Ingredienser: capsicum-oleoresin 0,727 mg, capsaicinkristall 0,026 mg. Alkuper\u00e4maa \/ Ursprungsland: Indonesia\/Indonesien Maahantuoja \/ Import\u00f6r: JK Alho, PL 18, 20251 Turku \/ \u00c5bo www.indonesianmarket.fi P\u00e4ivit\u00e4mme tuotetietoja aktiivisesti. Suosittelemme kuitenkin tarkistamaan ainesosat aina my\u00f6s myyntipakkauksesta.<\/p>\n","protected":false},"featured_media":24866,"template":"","meta":[],"product_brand":[2210],"product_cat":[1777],"product_tag":[],"class_list":{"0":"post-20355","1":"product","2":"type-product","3":"status-publish","4":"has-post-thumbnail","6":"product_brand-koyo-cabe","7":"product_cat-non-food","9":"first","10":"instock","11":"taxable","12":"shipping-taxable","13":"purchasable","14":"product-type-simple"},"_links":{"self":[{"href":"https:\/\/www.indonesianmarket.fi\/id\/wp-json\/wp\/v2\/product\/20355","targetHints":{"allow":["GET"]}}],"collection":[{"href":"https:\/\/www.indonesianmarket.fi\/id\/wp-json\/wp\/v2\/product"}],"about":[{"href":"https:\/\/www.indonesianmarket.fi\/id\/wp-json\/wp\/v2\/types\/product"}],"version-history":[{"count":3,"href":"https:\/\/www.indonesianmarket.fi\/id\/wp-json\/wp\/v2\/product\/20355\/revisions"}],"predecessor-version":[{"id":31717,"href":"https:\/\/www.indonesianmarket.fi\/id\/wp-json\/wp\/v2\/product\/20355\/revisions\/31717"}],"wp:featuredmedia":[{"embeddable":true,"href":"https:\/\/www.indonesianmarket.fi\/id\/wp-json\/wp\/v2\/media\/24866"}],"wp:attachment":[{"href":"https:\/\/www.indonesianmarket.fi\/id\/wp-json\/wp\/v2\/media?parent=20355"}],"wp:term":[{"taxonomy":"product_brand","embeddable":true,"href":"https:\/\/www.indonesianmarket.fi\/id\/wp-json\/wp\/v2\/product_brand?post=20355"},{"taxonomy":"product_cat","embeddable":true,"href":"https:\/\/www.indonesianmarket.fi\/id\/wp-json\/wp\/v2\/product_cat?post=20355"},{"taxonomy":"product_tag","embeddable":true,"href":"https:\/\/www.indonesianmarket.fi\/id\/wp-json\/wp\/v2\/product_tag?post=20355"}],"curies":[{"name":"wp","href":"https:\/\/api.w.org\/{rel}","templated":true}]}}