{"id":20343,"date":"2016-05-20T09:02:52","date_gmt":"2016-05-20T06:02:52","guid":{"rendered":"http:\/\/www.indonesianmarket.fi\/?product=sin-a-ting-ting-jahe-40-g"},"modified":"2026-03-20T18:04:21","modified_gmt":"2026-03-20T16:04:21","slug":"sin-a-ting-ting-jahe-40-g","status":"publish","type":"product","link":"https:\/\/www.indonesianmarket.fi\/id\/product\/sin-a-ting-ting-jahe-40-g\/","title":{"rendered":"Sin A Ting ting jahe 40 g"},"content":{"rendered":"<p>Inkiv\u00e4\u00e4rikarkki \/ ingef\u00e4rsgodis<\/p>\n<p>Nettopaino\/Nettovikt: 40 g<\/p>\n<p>Ainesosat: Sokeri, inkiv\u00e4\u00e4ri 7 %, tapiokat\u00e4rkkelys.<\/p>\n<p>Ingredienser: Socker, ingef\u00e4ra 7 %, tapiokast\u00e4rkelse.<\/p>\n<p>Alkuper\u00e4maa \/ Ursprungsland: Indonesia \/ Indonesia.<\/p>\n<p>Ravintosis\u00e4lt\u00f6\/ N\u00e4ringsinneh\u00e5ll 4 g: Energiaa\/Energi 15 kcal, Rasvaa\/Fett 0 g, josta tyydyttynyt\u00e4\/varav m\u00e4ttat 0 g, Hiilihydraatteja\/Kolhydrater 4 g, josta sokereita\/varav sockerarter 3 g, Proteiinia\/Protein 0 g, Suola\/Salt 0.<\/p>\n<p>Maahantuoja \/ Importir: JK Alho, PL 18, 20251 Turku \/ \u00c5bo www.indonesianmarket.fi<\/p>\n<p>P\u00e4ivit\u00e4mme tuotetietoja aktiivisesti. Suosittelemme kuitenkin tarkistamaan ainesosat aina my\u00f6s myyntipakkauksesta. <\/p>\n","protected":false},"excerpt":{"rendered":"<p>Inkiv\u00e4\u00e4rikarkki \/ ingef\u00e4rsgodis Nettopaino\/Nettovikt: 40 g Ainesosat: Sokeri, inkiv\u00e4\u00e4ri 7 %, tapiokat\u00e4rkkelys. Ingredienser: Socker, ingef\u00e4ra 7 %, tapiokast\u00e4rkelse. Alkuper\u00e4maa \/ Ursprungsland: Indonesia \/ Indonesia. Ravintosis\u00e4lt\u00f6\/ N\u00e4ringsinneh\u00e5ll 4 g: Energiaa\/Energi 15 kcal, Rasvaa\/Fett 0 g, josta tyydyttynyt\u00e4\/varav m\u00e4ttat 0 g, Hiilihydraatteja\/Kolhydrater 4 g, josta sokereita\/varav sockerarter 3 g, Proteiinia\/Protein 0 g, Suola\/Salt 0. Maahantuoja \/ Importir:<\/p>\n<div class=\"klb-readmore entry-button\"><a class=\"button\" href=\"https:\/\/www.indonesianmarket.fi\/id\/product\/sin-a-ting-ting-jahe-40-g\/\">Read More<\/a><\/div>\n","protected":false},"featured_media":31410,"template":"","meta":[],"product_brand":[],"product_cat":[1672],"product_tag":[2182],"class_list":{"0":"post-20343","1":"product","2":"type-product","3":"status-publish","4":"has-post-thumbnail","6":"product_cat-makanan-ringan-permen","7":"product_tag-promo","9":"first","10":"instock","11":"taxable","12":"shipping-taxable","13":"purchasable","14":"product-type-simple"},"_links":{"self":[{"href":"https:\/\/www.indonesianmarket.fi\/id\/wp-json\/wp\/v2\/product\/20343","targetHints":{"allow":["GET"]}}],"collection":[{"href":"https:\/\/www.indonesianmarket.fi\/id\/wp-json\/wp\/v2\/product"}],"about":[{"href":"https:\/\/www.indonesianmarket.fi\/id\/wp-json\/wp\/v2\/types\/product"}],"version-history":[{"count":4,"href":"https:\/\/www.indonesianmarket.fi\/id\/wp-json\/wp\/v2\/product\/20343\/revisions"}],"predecessor-version":[{"id":33885,"href":"https:\/\/www.indonesianmarket.fi\/id\/wp-json\/wp\/v2\/product\/20343\/revisions\/33885"}],"wp:featuredmedia":[{"embeddable":true,"href":"https:\/\/www.indonesianmarket.fi\/id\/wp-json\/wp\/v2\/media\/31410"}],"wp:attachment":[{"href":"https:\/\/www.indonesianmarket.fi\/id\/wp-json\/wp\/v2\/media?parent=20343"}],"wp:term":[{"taxonomy":"product_brand","embeddable":true,"href":"https:\/\/www.indonesianmarket.fi\/id\/wp-json\/wp\/v2\/product_brand?post=20343"},{"taxonomy":"product_cat","embeddable":true,"href":"https:\/\/www.indonesianmarket.fi\/id\/wp-json\/wp\/v2\/product_cat?post=20343"},{"taxonomy":"product_tag","embeddable":true,"href":"https:\/\/www.indonesianmarket.fi\/id\/wp-json\/wp\/v2\/product_tag?post=20343"}],"curies":[{"name":"wp","href":"https:\/\/api.w.org\/{rel}","templated":true}]}}