{"id":20157,"date":"2016-05-20T07:45:26","date_gmt":"2016-05-20T04:45:26","guid":{"rendered":"http:\/\/www.indonesianmarket.fi\/?product=sruut-tepung-dawet-cendol-pandan-100-g"},"modified":"2026-03-20T11:59:23","modified_gmt":"2026-03-20T09:59:23","slug":"sruut-tepung-dawet-cendol-pandan-100-g","status":"publish","type":"product","link":"https:\/\/www.indonesianmarket.fi\/id\/product\/sruut-tepung-dawet-cendol-pandan-100-g\/","title":{"rendered":"Sruut tepung dawet (cendol) pandan 100 g"},"content":{"rendered":"<p>Dawet (Cendol) jauhoseos \/ &#8211; mj\u00f6lblandning PANDAN<\/p>\n<p>Nettopaino \/ Nettovikt: 100g.<\/p>\n<p>Ainesosat: Sago jauho (40%), tapiokajauho (30%), mungpapujauho (29,4%), pandan aromi (0,5%), v\u00e4riaine E133, E102. E133, E102 voi heikent\u00e4\u00e4 lasten aktiivisuutta ja tarkkaavaisuutta. <\/p>\n<p>Ingredienser: Sago-mj\u00f6l (40%), tapiokamj\u00f6l (30%), mungb\u00f6nemj\u00f6l (29,4%), panda-arom (0,5%), f\u00e4rg\u00e4mne E133, E102. E133, E102 kan p\u00e5verka barns aktivitet och koncentration negativt. <\/p>\n<p>Alkuper\u00e4maa \/ Ursprungsland: Indonesia\/Indonesien<\/p>\n<p>Ravintosis\u00e4lt\u00f6\/ N\u00e4ringsinneh\u00e5ll 100 g: Energiaa\/Energi kJ\/ 340 kcal, Rasvaa\/Fett 0 g, josta tyydyttynyt\u00e4\/varav m\u00e4ttat 0 g,Hiilihydraatteja\/Kolhydrater 84 g, josta sokereita\/varav sockerarter 0 g, Proteiinia\/Protein 0 g, Suola\/Salt 0,790 g.<\/p>\n<p>Maahantuoja \/ Importir: JK Alho, PL 18, 20251 Turku \/ \u00c5bo www.indonesianmarket.fi<\/p>\n<p>P\u00e4ivit\u00e4mme tuotetietoja aktiivisesti. Suosittelemme kuitenkin tarkistamaan ainesosat aina my\u00f6s myyntipakkauksesta. <\/p>\n","protected":false},"excerpt":{"rendered":"<p>Dawet (Cendol) jauhoseos \/ &#8211; mj\u00f6lblandning PANDAN Nettopaino \/ Nettovikt: 100g. Ainesosat: Sago jauho (40%), tapiokajauho (30%), mungpapujauho (29,4%), pandan aromi (0,5%), v\u00e4riaine E133, E102. E133, E102 voi heikent\u00e4\u00e4 lasten aktiivisuutta ja tarkkaavaisuutta. Ingredienser: Sago-mj\u00f6l (40%), tapiokamj\u00f6l (30%), mungb\u00f6nemj\u00f6l (29,4%), panda-arom (0,5%), f\u00e4rg\u00e4mne E133, E102. E133, E102 kan p\u00e5verka barns aktivitet och koncentration negativt. Alkuper\u00e4maa<\/p>\n<div class=\"klb-readmore entry-button\"><a class=\"button\" href=\"https:\/\/www.indonesianmarket.fi\/id\/product\/sruut-tepung-dawet-cendol-pandan-100-g\/\">Read More<\/a><\/div>\n","protected":false},"featured_media":20160,"template":"","meta":[],"product_brand":[],"product_cat":[1669,1699],"product_tag":[],"class_list":{"0":"post-20157","1":"product","2":"type-product","3":"status-publish","4":"has-post-thumbnail","6":"product_cat-livonta-1","7":"product_cat-tepung","9":"first","10":"instock","11":"taxable","12":"shipping-taxable","13":"purchasable","14":"product-type-simple"},"_links":{"self":[{"href":"https:\/\/www.indonesianmarket.fi\/id\/wp-json\/wp\/v2\/product\/20157","targetHints":{"allow":["GET"]}}],"collection":[{"href":"https:\/\/www.indonesianmarket.fi\/id\/wp-json\/wp\/v2\/product"}],"about":[{"href":"https:\/\/www.indonesianmarket.fi\/id\/wp-json\/wp\/v2\/types\/product"}],"version-history":[{"count":3,"href":"https:\/\/www.indonesianmarket.fi\/id\/wp-json\/wp\/v2\/product\/20157\/revisions"}],"predecessor-version":[{"id":33787,"href":"https:\/\/www.indonesianmarket.fi\/id\/wp-json\/wp\/v2\/product\/20157\/revisions\/33787"}],"wp:featuredmedia":[{"embeddable":true,"href":"https:\/\/www.indonesianmarket.fi\/id\/wp-json\/wp\/v2\/media\/20160"}],"wp:attachment":[{"href":"https:\/\/www.indonesianmarket.fi\/id\/wp-json\/wp\/v2\/media?parent=20157"}],"wp:term":[{"taxonomy":"product_brand","embeddable":true,"href":"https:\/\/www.indonesianmarket.fi\/id\/wp-json\/wp\/v2\/product_brand?post=20157"},{"taxonomy":"product_cat","embeddable":true,"href":"https:\/\/www.indonesianmarket.fi\/id\/wp-json\/wp\/v2\/product_cat?post=20157"},{"taxonomy":"product_tag","embeddable":true,"href":"https:\/\/www.indonesianmarket.fi\/id\/wp-json\/wp\/v2\/product_tag?post=20157"}],"curies":[{"name":"wp","href":"https:\/\/api.w.org\/{rel}","templated":true}]}}