{"id":20055,"date":"2016-05-20T07:00:05","date_gmt":"2016-05-20T04:00:05","guid":{"rendered":"http:\/\/www.indonesianmarket.fi\/?product=marjan-sirup-melon-460ml"},"modified":"2026-03-20T11:19:14","modified_gmt":"2026-03-20T09:19:14","slug":"marjan-sirup-melon-600ml","status":"publish","type":"product","link":"https:\/\/www.indonesianmarket.fi\/id\/product\/marjan-sirup-melon-600ml\/","title":{"rendered":"Marjan sirup melon 460ml"},"content":{"rendered":"<p>Siirappi\/Sirap MELON<\/p>\n<p>Nettopaino \/ Nettovikt: 460 ml<\/p>\n<p>Ainesosat: Sokeri, vesi, melonimehu (0,4 %), synteettinen meloniaromi, happamuudens\u00e4\u00e4t\u00f6aine, v\u00e4riaineet E102, E133 voivat haitata lasten aktiivisuutta tai tarkkaavaisuutta.<\/p>\n<p>Ingredienser: Socker, vatten, melonjuice (0,4 %), syntetisk melonarom, surhetsreglerande medel, f\u00e4rg\u00e4mnen E102, E133 kan p\u00e5verka barns aktivitet eller uppm\u00e4rksamhet negativt.<\/p>\n<p>Alkuper\u00e4maa \/ Ursprungsland: Indonesia\/Indonesien<\/p>\n<p>Ravintosis\u00e4lt\u00f6\/ N\u00e4ringsinneh\u00e5ll 30 ml: Energiaa\/Energi 130 Kcal, Rasvaa\/Fett 0 g, josta tyydyttynyt\u00e4\/varav m\u00e4ttat 0 g, Hiilihydraatteja\/ Kolhydrater 32 g, -josta sokereita \/ &#8211; varav sockerarter 31 g, Proteiinia\/Protein 5 mg, Suola\/Salt 10 mg.<\/p>\n<p>Maahantuoja \/ Importir: JK Alho, PL 18, 20251 Turku \/ \u00c5bo www.indonesianmarket.fi<\/p>\n<p>P\u00e4ivit\u00e4mme tuotetietoja aktiivisesti. Suosittelemme kuitenkin tarkistamaan ainesosat aina my\u00f6s myyntipakkauksesta. <\/p>\n","protected":false},"excerpt":{"rendered":"<p>Siirappi\/Sirap MELON Nettopaino \/ Nettovikt: 460 ml Ainesosat: Sokeri, vesi, melonimehu (0,4 %), synteettinen meloniaromi, happamuudens\u00e4\u00e4t\u00f6aine, v\u00e4riaineet E102, E133 voivat haitata lasten aktiivisuutta tai tarkkaavaisuutta. Ingredienser: Socker, vatten, melonjuice (0,4 %), syntetisk melonarom, surhetsreglerande medel, f\u00e4rg\u00e4mnen E102, E133 kan p\u00e5verka barns aktivitet eller uppm\u00e4rksamhet negativt. Alkuper\u00e4maa \/ Ursprungsland: Indonesia\/Indonesien Ravintosis\u00e4lt\u00f6\/ N\u00e4ringsinneh\u00e5ll 30 ml: Energiaa\/Energi 130<\/p>\n<div class=\"klb-readmore entry-button\"><a class=\"button\" href=\"https:\/\/www.indonesianmarket.fi\/id\/product\/marjan-sirup-melon-600ml\/\">Read More<\/a><\/div>\n","protected":false},"featured_media":20058,"template":"","meta":[],"product_brand":[],"product_cat":[1663,1666],"product_tag":[],"class_list":{"0":"post-20055","1":"product","2":"type-product","3":"status-publish","4":"has-post-thumbnail","6":"product_cat-sokerit-sirapit-1","7":"product_cat-juomat-kahvit-ja-teet-1","9":"first","10":"instock","11":"taxable","12":"shipping-taxable","13":"purchasable","14":"product-type-simple"},"_links":{"self":[{"href":"https:\/\/www.indonesianmarket.fi\/id\/wp-json\/wp\/v2\/product\/20055","targetHints":{"allow":["GET"]}}],"collection":[{"href":"https:\/\/www.indonesianmarket.fi\/id\/wp-json\/wp\/v2\/product"}],"about":[{"href":"https:\/\/www.indonesianmarket.fi\/id\/wp-json\/wp\/v2\/types\/product"}],"version-history":[{"count":4,"href":"https:\/\/www.indonesianmarket.fi\/id\/wp-json\/wp\/v2\/product\/20055\/revisions"}],"predecessor-version":[{"id":33570,"href":"https:\/\/www.indonesianmarket.fi\/id\/wp-json\/wp\/v2\/product\/20055\/revisions\/33570"}],"wp:featuredmedia":[{"embeddable":true,"href":"https:\/\/www.indonesianmarket.fi\/id\/wp-json\/wp\/v2\/media\/20058"}],"wp:attachment":[{"href":"https:\/\/www.indonesianmarket.fi\/id\/wp-json\/wp\/v2\/media?parent=20055"}],"wp:term":[{"taxonomy":"product_brand","embeddable":true,"href":"https:\/\/www.indonesianmarket.fi\/id\/wp-json\/wp\/v2\/product_brand?post=20055"},{"taxonomy":"product_cat","embeddable":true,"href":"https:\/\/www.indonesianmarket.fi\/id\/wp-json\/wp\/v2\/product_cat?post=20055"},{"taxonomy":"product_tag","embeddable":true,"href":"https:\/\/www.indonesianmarket.fi\/id\/wp-json\/wp\/v2\/product_tag?post=20055"}],"curies":[{"name":"wp","href":"https:\/\/api.w.org\/{rel}","templated":true}]}}