{"id":20016,"date":"2016-05-20T06:40:54","date_gmt":"2016-05-20T03:40:54","guid":{"rendered":"http:\/\/www.indonesianmarket.fi\/?product=sariwangi-teh-hitam-25x19g"},"modified":"2026-03-24T00:19:36","modified_gmt":"2026-03-23T22:19:36","slug":"sariwangi-teh-hitam-25x19g","status":"publish","type":"product","link":"https:\/\/www.indonesianmarket.fi\/id\/product\/sariwangi-teh-hitam-25x19g\/","title":{"rendered":"Sariwangi Teh hitam 25&#215;1,9g"},"content":{"rendered":"<div>Musta tee \/ Svart te.<\/div>\n<div><\/div>\n<div>Nettopaino \/ Nettovikt: 25 x 1,85g.<\/div>\n<div><\/div>\n<div>Ainesosat: Musta tee<\/div>\n<div><\/div>\n<div>Ingredienser: Svart te<\/div>\n<div><\/div>\n<div>Alkuper\u00e4maa \/ Ursprungsland: Indonesia\/Indonesien<\/div>\n<div><\/div>\n<div>\n<p>Ravintosis\u00e4lt\u00f6\/ N\u00e4ringsinneh\u00e5ll 1,85g: Energiaa\/Energi 0 kJ (0 kcal), Rasvaa\/Fett 0g, josta tyydyttynyt\u00e4\/varav m\u00e4ttat 0 g, Hiilihydraatteja\/Kolhydrater 0 g, josta sokereita\/varav sockerarter 0 g, Proteiinia\/Protein 0 g, Suola\/Salt 0 g.<\/p>\n<p>Maahantuoja \/ Import\u00f6r: JK Alho, PL 18, 20251 Turku \/ \u00c5bo www.indonesianmarket.fi<\/p>\n<\/div>\n<div><\/div>\n<div>\n<p>P\u00e4ivit\u00e4mme tuotetietoja aktiivisesti. Suosittelemme kuitenkin tarkistamaan ainesosat aina my\u00f6s myyntipakkauksesta. <\/p>\n<\/div>\n<div><\/div>\n","protected":false},"excerpt":{"rendered":"<p>Huom. parasta ennen 22.11.2021<\/p>\n","protected":false},"featured_media":20019,"template":"","meta":[],"product_brand":[],"product_cat":[1666],"product_tag":[],"class_list":{"0":"post-20016","1":"product","2":"type-product","3":"status-publish","4":"has-post-thumbnail","6":"product_cat-juomat-kahvit-ja-teet-1","8":"first","9":"instock","10":"taxable","11":"shipping-taxable","12":"purchasable","13":"product-type-simple"},"_links":{"self":[{"href":"https:\/\/www.indonesianmarket.fi\/id\/wp-json\/wp\/v2\/product\/20016","targetHints":{"allow":["GET"]}}],"collection":[{"href":"https:\/\/www.indonesianmarket.fi\/id\/wp-json\/wp\/v2\/product"}],"about":[{"href":"https:\/\/www.indonesianmarket.fi\/id\/wp-json\/wp\/v2\/types\/product"}],"version-history":[{"count":5,"href":"https:\/\/www.indonesianmarket.fi\/id\/wp-json\/wp\/v2\/product\/20016\/revisions"}],"predecessor-version":[{"id":33989,"href":"https:\/\/www.indonesianmarket.fi\/id\/wp-json\/wp\/v2\/product\/20016\/revisions\/33989"}],"wp:featuredmedia":[{"embeddable":true,"href":"https:\/\/www.indonesianmarket.fi\/id\/wp-json\/wp\/v2\/media\/20019"}],"wp:attachment":[{"href":"https:\/\/www.indonesianmarket.fi\/id\/wp-json\/wp\/v2\/media?parent=20016"}],"wp:term":[{"taxonomy":"product_brand","embeddable":true,"href":"https:\/\/www.indonesianmarket.fi\/id\/wp-json\/wp\/v2\/product_brand?post=20016"},{"taxonomy":"product_cat","embeddable":true,"href":"https:\/\/www.indonesianmarket.fi\/id\/wp-json\/wp\/v2\/product_cat?post=20016"},{"taxonomy":"product_tag","embeddable":true,"href":"https:\/\/www.indonesianmarket.fi\/id\/wp-json\/wp\/v2\/product_tag?post=20016"}],"curies":[{"name":"wp","href":"https:\/\/api.w.org\/{rel}","templated":true}]}}