{"id":19998,"date":"2016-05-20T06:33:18","date_gmt":"2016-05-20T03:33:18","guid":{"rendered":"http:\/\/www.indonesianmarket.fi\/?product=luwak-white-kopi-origional-10x20g"},"modified":"2026-03-20T15:57:52","modified_gmt":"2026-03-20T13:57:52","slug":"luwak-white-kopi-origional-10x20g","status":"publish","type":"product","link":"https:\/\/www.indonesianmarket.fi\/id\/product\/luwak-white-kopi-origional-10x20g\/","title":{"rendered":"Luwak white kopi ORIGIONAL 10x20g"},"content":{"rendered":"<p>WHITE KOFFIE ORIGIONAL Pikakahvi annospussi \/snabbkaffe portionp\u00e5se<\/p>\n<p>Nettopaino\/Nettovikt: 10 x 20 g.<\/p>\n<p>Ainesosat: sokeri, kasvirasvakerma (glukoosisiirappi, kovetettu kasvirasva, kaseinaatti <strong>[maitoproteiini<\/strong>], stabilointiaineet [e340ii, e452i], emulgointiaine [e481], paakkuuntumisenestoaine [e551]), pikakahvi (15 %).<\/p>\n<p>Ingredienser: socker, vegetabilisk gr\u00e4dde (glukossirap, h\u00e4rdat vegetabiliskt fett, kaseinat [<strong>mj\u00f6lkprotein<\/strong>], stabiliseringsmedel [e340ii, e452i], emulgeringsmedel [e481], klumpf\u00f6rebyggande medel [e551]), snabbkaffe (15 %).<\/p>\n<p>Alkuper\u00e4maa\/Urusprungsland: Indonesia\/Indonesien<\/p>\n<p>Ravintosis\u00e4lt\u00f6\/ N\u00e4ringsinneh\u00e5ll 20 g: Energiaa\/Energi 90 Kcal, Rasvaa\/Fett 2 g, josta tyydyttynyt\u00e4\/varav m\u00e4ttat 2 g, Hiilihydraatteja\/ Kolhydrater 17 g, -josta sokereita \/ &#8211; varav sockerarter 12 g, Proteiinia\/Protein 1 g, Suola\/Salt 0,035 g.<\/p>\n<p>Maahantuoja\/Imp\u00f6rter: JK Alho, PL 18, 20251 Turku\/\u00c5bo www.indonesianmarket.fi<\/p>\n<p>P\u00e4ivit\u00e4mme tuotetietoja aktiivisesti. Suosittelemme kuitenkin tarkistamaan ainesosat aina my\u00f6s myyntipakkauksesta.<\/p>\n","protected":false},"excerpt":{"rendered":"<p>WHITE KOFFIE ORIGIONAL Pikakahvi annospussi \/snabbkaffe portionp\u00e5se Nettopaino\/Nettovikt: 10 x 20 g. Ainesosat: sokeri, kasvirasvakerma (glukoosisiirappi, kovetettu kasvirasva, kaseinaatti [maitoproteiini], stabilointiaineet [e340ii, e452i], emulgointiaine [e481], paakkuuntumisenestoaine [e551]), pikakahvi (15 %). Ingredienser: socker, vegetabilisk gr\u00e4dde (glukossirap, h\u00e4rdat vegetabiliskt fett, kaseinat [mj\u00f6lkprotein], stabiliseringsmedel [e340ii, e452i], emulgeringsmedel [e481], klumpf\u00f6rebyggande medel [e551]), snabbkaffe (15 %). Alkuper\u00e4maa\/Urusprungsland: Indonesia\/Indonesien Ravintosis\u00e4lt\u00f6\/ N\u00e4ringsinneh\u00e5ll<\/p>\n<div class=\"klb-readmore entry-button\"><a class=\"button\" href=\"https:\/\/www.indonesianmarket.fi\/id\/product\/luwak-white-kopi-origional-10x20g\/\">Read More<\/a><\/div>\n","protected":false},"featured_media":20001,"template":"","meta":[],"product_brand":[],"product_cat":[1666],"product_tag":[],"class_list":{"0":"post-19998","1":"product","2":"type-product","3":"status-publish","4":"has-post-thumbnail","6":"product_cat-juomat-kahvit-ja-teet-1","8":"first","9":"instock","10":"taxable","11":"shipping-taxable","12":"purchasable","13":"product-type-simple"},"_links":{"self":[{"href":"https:\/\/www.indonesianmarket.fi\/id\/wp-json\/wp\/v2\/product\/19998","targetHints":{"allow":["GET"]}}],"collection":[{"href":"https:\/\/www.indonesianmarket.fi\/id\/wp-json\/wp\/v2\/product"}],"about":[{"href":"https:\/\/www.indonesianmarket.fi\/id\/wp-json\/wp\/v2\/types\/product"}],"version-history":[{"count":4,"href":"https:\/\/www.indonesianmarket.fi\/id\/wp-json\/wp\/v2\/product\/19998\/revisions"}],"predecessor-version":[{"id":31661,"href":"https:\/\/www.indonesianmarket.fi\/id\/wp-json\/wp\/v2\/product\/19998\/revisions\/31661"}],"wp:featuredmedia":[{"embeddable":true,"href":"https:\/\/www.indonesianmarket.fi\/id\/wp-json\/wp\/v2\/media\/20001"}],"wp:attachment":[{"href":"https:\/\/www.indonesianmarket.fi\/id\/wp-json\/wp\/v2\/media?parent=19998"}],"wp:term":[{"taxonomy":"product_brand","embeddable":true,"href":"https:\/\/www.indonesianmarket.fi\/id\/wp-json\/wp\/v2\/product_brand?post=19998"},{"taxonomy":"product_cat","embeddable":true,"href":"https:\/\/www.indonesianmarket.fi\/id\/wp-json\/wp\/v2\/product_cat?post=19998"},{"taxonomy":"product_tag","embeddable":true,"href":"https:\/\/www.indonesianmarket.fi\/id\/wp-json\/wp\/v2\/product_tag?post=19998"}],"curies":[{"name":"wp","href":"https:\/\/api.w.org\/{rel}","templated":true}]}}