{"id":19827,"date":"2016-05-13T09:58:42","date_gmt":"2016-05-13T06:58:42","guid":{"rendered":"http:\/\/www.indonesianmarket.fi\/?product=nesia-krupuk-tapioka-ulang-tahun-250g"},"modified":"2026-04-13T06:59:18","modified_gmt":"2026-04-13T03:59:18","slug":"nesia-krupuk-tapioka-ulang-tahun-250g","status":"publish","type":"product","link":"https:\/\/www.indonesianmarket.fi\/id\/product\/nesia-krupuk-tapioka-ulang-tahun-250g\/","title":{"rendered":"Nesia krupuk tapioka ULANG TAHUN 250g"},"content":{"rendered":"<div>Sipulilastu\/L\u00f6kchip ULANG TAHUN<\/div>\n<div><\/div>\n<div>Nettopaino\/Nettovikt: 250 g<\/div>\n<div><\/div>\n<div>Ainesosat: tapiokajauho, valkosipuli, sokeri, suola, arominvahvenne (E621), nostatusaine (E500ii), v\u00e4rit (E110, E124, E102, E133). Varoitus: E110, E124, E102, E133 voi heikent\u00e4\u00e4 lasten aktiivisuutta ja tarkkaavaisuutta.<\/div>\n<div><\/div>\n<div>Ingredienser: tapiokamj\u00f6l, vitl\u00f6k, socker, salt, smakf\u00f6rst\u00e4rkare (E621), j\u00e4smedel (E500ii), f\u00e4rg\u00e4mnen (E110, E124, E102, E133) Varning: E110, E124, E102, E133 kan p\u00e5verka barns aktivitet och koncentration negativt.<\/div>\n<div><\/div>\n<div>Alkuper\u00e4maa \/ Ursprungsland: Indonesia\/Indonesien.<\/div>\n<div><\/div>\n<div>Ravintosis\u00e4lt\u00f6\/ N\u00e4ringsinneh\u00e5ll 100 g: Energiaa\/Energi 340 kcal, Rasvaa\/Fett 0 g, josta tyydyttynyt\u00e4\/varav m\u00e4ttat 0 g, Hiilihydraatteja\/Kolhydrater 84 g, josta sokereita\/varav sockerarter 7 g, Proteiinia\/Protein 1 g, Suola\/Salt 2 g.<\/p>\n<\/div>\n<div>Maahantuoja \/ Import\u00f6r: JK Alho, PL 18, 20251 Turku \/ \u00c5bo www.indonesianmarket.fi<\/div>\n<div><\/div>\n<div>P\u00e4ivit\u00e4mme tuotetietoja aktiivisesti. Suosittelemme kuitenkin tarkistamaan ainesosat aina my\u00f6s myyntipakkauksesta.<\/div>\n","protected":false},"excerpt":{"rendered":"<p>Sipulilastu\/L\u00f6kchip ULANG TAHUN Nettopaino\/Nettovikt: 250 g Ainesosat: tapiokajauho, valkosipuli, sokeri, suola, arominvahvenne (E621), nostatusaine (E500ii), v\u00e4rit (E110, E124, E102, E133). Varoitus: E110, E124, E102, E133 voi heikent\u00e4\u00e4 lasten aktiivisuutta ja tarkkaavaisuutta. Ingredienser: tapiokamj\u00f6l, vitl\u00f6k, socker, salt, smakf\u00f6rst\u00e4rkare (E621), j\u00e4smedel (E500ii), f\u00e4rg\u00e4mnen (E110, E124, E102, E133) Varning: E110, E124, E102, E133 kan p\u00e5verka barns aktivitet och<\/p>\n<div class=\"klb-readmore entry-button\"><a class=\"button\" href=\"https:\/\/www.indonesianmarket.fi\/id\/product\/nesia-krupuk-tapioka-ulang-tahun-250g\/\">Read More<\/a><\/div>\n","protected":false},"featured_media":19830,"template":"","meta":[],"product_brand":[2215],"product_cat":[1651],"product_tag":[],"class_list":{"0":"post-19827","1":"product","2":"type-product","3":"status-publish","4":"has-post-thumbnail","6":"product_brand-nesia-food","7":"product_cat-krupuk-emping-2","9":"first","10":"instock","11":"taxable","12":"shipping-taxable","13":"purchasable","14":"product-type-simple"},"_links":{"self":[{"href":"https:\/\/www.indonesianmarket.fi\/id\/wp-json\/wp\/v2\/product\/19827","targetHints":{"allow":["GET"]}}],"collection":[{"href":"https:\/\/www.indonesianmarket.fi\/id\/wp-json\/wp\/v2\/product"}],"about":[{"href":"https:\/\/www.indonesianmarket.fi\/id\/wp-json\/wp\/v2\/types\/product"}],"version-history":[{"count":3,"href":"https:\/\/www.indonesianmarket.fi\/id\/wp-json\/wp\/v2\/product\/19827\/revisions"}],"predecessor-version":[{"id":31613,"href":"https:\/\/www.indonesianmarket.fi\/id\/wp-json\/wp\/v2\/product\/19827\/revisions\/31613"}],"wp:featuredmedia":[{"embeddable":true,"href":"https:\/\/www.indonesianmarket.fi\/id\/wp-json\/wp\/v2\/media\/19830"}],"wp:attachment":[{"href":"https:\/\/www.indonesianmarket.fi\/id\/wp-json\/wp\/v2\/media?parent=19827"}],"wp:term":[{"taxonomy":"product_brand","embeddable":true,"href":"https:\/\/www.indonesianmarket.fi\/id\/wp-json\/wp\/v2\/product_brand?post=19827"},{"taxonomy":"product_cat","embeddable":true,"href":"https:\/\/www.indonesianmarket.fi\/id\/wp-json\/wp\/v2\/product_cat?post=19827"},{"taxonomy":"product_tag","embeddable":true,"href":"https:\/\/www.indonesianmarket.fi\/id\/wp-json\/wp\/v2\/product_tag?post=19827"}],"curies":[{"name":"wp","href":"https:\/\/api.w.org\/{rel}","templated":true}]}}