{"id":19611,"date":"2016-04-24T18:09:43","date_gmt":"2016-04-24T15:09:43","guid":{"rendered":"http:\/\/www.indonesianmarket.fi\/?product=abc-terasi-udang-20-x-42g"},"modified":"2026-03-20T15:26:45","modified_gmt":"2026-03-20T13:26:45","slug":"abc-terasi-udang-20-x-42g","status":"publish","type":"product","link":"https:\/\/www.indonesianmarket.fi\/id\/product\/abc-terasi-udang-20-x-42g\/","title":{"rendered":"ABC TERASI 20 x 3,8g"},"content":{"rendered":"<p><strong>Katkaraputahna\/R\u00e4kpasta<\/strong><\/p>\n<p>Nettopaino \/ Nettovikt: 20&#215;3,8g g.<\/p>\n<p>Ainesosat: Tuore <strong>katkarapu<\/strong> 89%, suola.<br \/>\nIngredienser: F\u00e4rska <strong>r\u00e4kor<\/strong> 89%, salt.<\/p>\n<p>Alkuper\u00e4maa \/ Ursprungsland: Indonesia\/Indonesien<\/p>\n<p>Ravintosis\u00e4lt\u00f6\/ N\u00e4ringsinneh\u00e5ll 3,8 g: Energiaa\/Energi 5 kcal, Rasvaa\/Fett 0 g, josta tyydyttynyt\u00e4\/varav m\u00e4ttat 0 g, Hiilihydraatteja\/Kolhydrater 0 g, josta sokereita\/varav sockerarter 0 g, Proteiinia\/Protein 0 g, Suola\/Salt 0,420 g.<\/p>\n<p>Maahantuoja \/ Importir: JK Alho, PL 18, 20251 Turku \/ \u00c5bo www.indonesianmarket.fi<\/p>\n<p>P\u00e4ivit\u00e4mme tuotetietoja aktiivisesti. Suosittelemme kuitenkin tarkistamaan ainesosat aina my\u00f6s myyntipakkauksesta. <\/p>\n","protected":false},"excerpt":{"rendered":"<p>Katkaraputahna\/R\u00e4kpasta Nettopaino \/ Nettovikt: 20&#215;3,8g g. Ainesosat: Tuore katkarapu 89%, suola. Ingredienser: F\u00e4rska r\u00e4kor 89%, salt. Alkuper\u00e4maa \/ Ursprungsland: Indonesia\/Indonesien Ravintosis\u00e4lt\u00f6\/ N\u00e4ringsinneh\u00e5ll 3,8 g: Energiaa\/Energi 5 kcal, Rasvaa\/Fett 0 g, josta tyydyttynyt\u00e4\/varav m\u00e4ttat 0 g, Hiilihydraatteja\/Kolhydrater 0 g, josta sokereita\/varav sockerarter 0 g, Proteiinia\/Protein 0 g, Suola\/Salt 0,420 g. Maahantuoja \/ Importir: JK Alho, PL<\/p>\n<div class=\"klb-readmore entry-button\"><a class=\"button\" href=\"https:\/\/www.indonesianmarket.fi\/id\/product\/abc-terasi-udang-20-x-42g\/\">Read More<\/a><\/div>\n","protected":false},"featured_media":32136,"template":"","meta":[],"product_brand":[],"product_cat":[1681],"product_tag":[],"class_list":{"0":"post-19611","1":"product","2":"type-product","3":"status-publish","4":"has-post-thumbnail","6":"product_cat-bahan-masak-lainnya","8":"first","9":"instock","10":"taxable","11":"shipping-taxable","12":"purchasable","13":"product-type-simple"},"_links":{"self":[{"href":"https:\/\/www.indonesianmarket.fi\/id\/wp-json\/wp\/v2\/product\/19611","targetHints":{"allow":["GET"]}}],"collection":[{"href":"https:\/\/www.indonesianmarket.fi\/id\/wp-json\/wp\/v2\/product"}],"about":[{"href":"https:\/\/www.indonesianmarket.fi\/id\/wp-json\/wp\/v2\/types\/product"}],"version-history":[{"count":4,"href":"https:\/\/www.indonesianmarket.fi\/id\/wp-json\/wp\/v2\/product\/19611\/revisions"}],"predecessor-version":[{"id":33786,"href":"https:\/\/www.indonesianmarket.fi\/id\/wp-json\/wp\/v2\/product\/19611\/revisions\/33786"}],"wp:featuredmedia":[{"embeddable":true,"href":"https:\/\/www.indonesianmarket.fi\/id\/wp-json\/wp\/v2\/media\/32136"}],"wp:attachment":[{"href":"https:\/\/www.indonesianmarket.fi\/id\/wp-json\/wp\/v2\/media?parent=19611"}],"wp:term":[{"taxonomy":"product_brand","embeddable":true,"href":"https:\/\/www.indonesianmarket.fi\/id\/wp-json\/wp\/v2\/product_brand?post=19611"},{"taxonomy":"product_cat","embeddable":true,"href":"https:\/\/www.indonesianmarket.fi\/id\/wp-json\/wp\/v2\/product_cat?post=19611"},{"taxonomy":"product_tag","embeddable":true,"href":"https:\/\/www.indonesianmarket.fi\/id\/wp-json\/wp\/v2\/product_tag?post=19611"}],"curies":[{"name":"wp","href":"https:\/\/api.w.org\/{rel}","templated":true}]}}