{"id":19377,"date":"2016-04-24T18:50:38","date_gmt":"2016-04-24T15:50:38","guid":{"rendered":"http:\/\/www.indonesianmarket.fi\/?product=dua-kuali-bumbu-paste-rendang-50g"},"modified":"2026-04-16T19:29:33","modified_gmt":"2026-04-16T16:29:33","slug":"dua-kuali-bumbu-paste-rendang-50g","status":"publish","type":"product","link":"https:\/\/www.indonesianmarket.fi\/id\/product\/dua-kuali-bumbu-paste-rendang-50g\/","title":{"rendered":"Dua Kuali bumbu paste RENDANG 50g"},"content":{"rendered":"<p>Rendang (karamellisoitu curry) maustetahna \/ Rendang (karamelliserad curry) kryddig pasta<\/p>\n<p>Nettopaino \/ Nettovikt: 50 g<\/p>\n<p>Ainesosat: Chili, salottisipuli, valkosipuli, palmu\u00f6ljy, suola, sokeri, inkiv\u00e4\u00e4ri, kurkuma, korianteri, kumina, pippuri, antioksidantti E321, s\u00e4il\u00f6nt\u00e4aine E211.<\/p>\n<p>Ingredienser: Chili, schalott, vitl\u00f6k, palmolja, salt, socker, ingef\u00e4ra, gurkmeja, koriander, spiskummin, peppar, antioxidant E321, konserveringsmedel E211.<\/p>\n<p>S\u00e4ilytysohjeet\/ F\u00f6rvaringsr\u00e5d: Huoneenl\u00e4mm\u00f6ss\u00e4\/Rumstemperatur<\/p>\n<p>Alkuper\u00e4maa \/ Ursprungsland: Indonesia\/Indonesien<\/p>\n<p>Ravintosis\u00e4lt\u00f6\/ N\u00e4ringsinneh\u00e5ll 100 g: Energiaa\/Energi 498 kJ (119 kcal), Rasvaa\/Fett 10 g, josta tyydyttynyt\u00e4\/varav m\u00e4ttat 8,3 g, Hiilihydraatteja\/Kolhydrater 5,9 g, josta sokereita\/varav sockerarter 2,7 g, Proteiinia\/Protein 5,1 g, Suola\/Salt 2,3 g.<\/p>\n<p>Maahantuoja \/ Import\u00f6r: JK Alho, PL 18, 20251 Turku \/ \u00c5bo 02 361 909 09 www.indonesianmarket.fi<\/p>\n<p>P\u00e4ivit\u00e4mme tuotetietoja aktiivisesti. Suosittelemme kuitenkin tarkistamaan ainesosat aina my\u00f6s myyntipakkauksesta.<\/p>\n","protected":false},"excerpt":{"rendered":"<p>Rendang (karamellisoitu curry) maustetahna \/ Rendang (karamelliserad curry) kryddig pasta Nettopaino \/ Nettovikt: 50 g Ainesosat: Chili, salottisipuli, valkosipuli, palmu\u00f6ljy, suola, sokeri, inkiv\u00e4\u00e4ri, kurkuma, korianteri, kumina, pippuri, antioksidantti E321, s\u00e4il\u00f6nt\u00e4aine E211. Ingredienser: Chili, schalott, vitl\u00f6k, palmolja, salt, socker, ingef\u00e4ra, gurkmeja, koriander, spiskummin, peppar, antioxidant E321, konserveringsmedel E211. S\u00e4ilytysohjeet\/ F\u00f6rvaringsr\u00e5d: Huoneenl\u00e4mm\u00f6ss\u00e4\/Rumstemperatur Alkuper\u00e4maa \/ Ursprungsland: Indonesia\/Indonesien Ravintosis\u00e4lt\u00f6\/<\/p>\n<div class=\"klb-readmore entry-button\"><a class=\"button\" href=\"https:\/\/www.indonesianmarket.fi\/id\/product\/dua-kuali-bumbu-paste-rendang-50g\/\">Read More<\/a><\/div>\n","protected":false},"featured_media":28907,"template":"","meta":[],"product_brand":[2257],"product_cat":[1708],"product_tag":[],"class_list":{"0":"post-19377","1":"product","2":"type-product","3":"status-publish","4":"has-post-thumbnail","6":"product_brand-dua-kuali","7":"product_cat-bumbu-masak-instant","9":"first","10":"instock","11":"taxable","12":"shipping-taxable","13":"purchasable","14":"product-type-simple"},"_links":{"self":[{"href":"https:\/\/www.indonesianmarket.fi\/id\/wp-json\/wp\/v2\/product\/19377","targetHints":{"allow":["GET"]}}],"collection":[{"href":"https:\/\/www.indonesianmarket.fi\/id\/wp-json\/wp\/v2\/product"}],"about":[{"href":"https:\/\/www.indonesianmarket.fi\/id\/wp-json\/wp\/v2\/types\/product"}],"version-history":[{"count":5,"href":"https:\/\/www.indonesianmarket.fi\/id\/wp-json\/wp\/v2\/product\/19377\/revisions"}],"predecessor-version":[{"id":34596,"href":"https:\/\/www.indonesianmarket.fi\/id\/wp-json\/wp\/v2\/product\/19377\/revisions\/34596"}],"wp:featuredmedia":[{"embeddable":true,"href":"https:\/\/www.indonesianmarket.fi\/id\/wp-json\/wp\/v2\/media\/28907"}],"wp:attachment":[{"href":"https:\/\/www.indonesianmarket.fi\/id\/wp-json\/wp\/v2\/media?parent=19377"}],"wp:term":[{"taxonomy":"product_brand","embeddable":true,"href":"https:\/\/www.indonesianmarket.fi\/id\/wp-json\/wp\/v2\/product_brand?post=19377"},{"taxonomy":"product_cat","embeddable":true,"href":"https:\/\/www.indonesianmarket.fi\/id\/wp-json\/wp\/v2\/product_cat?post=19377"},{"taxonomy":"product_tag","embeddable":true,"href":"https:\/\/www.indonesianmarket.fi\/id\/wp-json\/wp\/v2\/product_tag?post=19377"}],"curies":[{"name":"wp","href":"https:\/\/api.w.org\/{rel}","templated":true}]}}