{"id":19341,"date":"2016-02-07T22:36:54","date_gmt":"2016-02-07T20:36:54","guid":{"rendered":"http:\/\/www.indonesianmarket.fi\/?product=royco-bumbu-pelezat-serbaguna-rasa-ayam-230g"},"modified":"2026-03-29T16:22:24","modified_gmt":"2026-03-29T13:22:24","slug":"royco-bumbu-pelezat-serbaguna-rasa-ayam-230g","status":"publish","type":"product","link":"https:\/\/www.indonesianmarket.fi\/id\/product\/royco-bumbu-pelezat-serbaguna-rasa-ayam-230g\/","title":{"rendered":"Royco bumbu pelezat serbaguna rasa AYAM 230g"},"content":{"rendered":"<p><span style=\"color: #000000;\"><strong>Kananmakuinen yleismaustejauhe \/ Kyckling smak universella kryddapulver<\/strong><\/span><\/p>\n<p><span style=\"color: #000000;\">Ainesosat: Jodioitu suola, arominvahventeet (mononatriumglutamaatti (E621), dinatrium-5&#8242;-inosinaatti (E631) ja dinatrium-5&#8242;-guanylaatti (E627)), synteettinen aromi (sis\u00e4lt\u00e4\u00e4 <strong>munaa, soijaa, maitoa<\/strong>, antioksidanttia DL-alfa-tokoferolia (E307)), mausteet, dekstriini, kasvi\u00f6ljy, happamuudens\u00e4\u00e4t\u00f6aine, kana\u00adjauhe 0,04 % (sis\u00e4lt\u00e4\u00e4 antioksidanttia rosmariiniuute, kananlihaa 0,01 %), luonnollinen v\u00e4riaine kurkumiini (CI nro 75300). Ei sis\u00e4ll\u00e4 s\u00e4il\u00f6nt\u00e4aineita.  <\/span><\/p>\n<p><span style=\"color: #000000;\">Ingredienser: joderat salt, smakf\u00f6rst\u00e4rkare (mononatriumglutamat (E621), dinatrium-5&#8242;-inosinat (E631) och dinatrium-5&#8242;-guanylat (E627)), syntetisk arom* (inneh\u00e5ller <strong>\u00e4gg, soja, mj\u00f6lk,<\/strong> antioxidanten DL-alfa-tokoferol (E307)), kryddor, dextrin, vegetabilisk olja, surhetsreglerande medel, kycklingpulver 0,04 % (inneh\u00e5ller antioxidanten rosmarinextrakt, kyckling 0,01 %), naturligt f\u00e4rg\u00e4mne kurkumin (CI nr 75300). Utan konserveringsmedel.  <\/span><\/p>\n<p><span style=\"color: #000000;\">Alkuper\u00e4maa \/ Ursprungsland: Indonesia \/ Indonesia. <\/span><\/p>\n<p><span style=\"color: #000000;\">Ravintosis\u00e4lt\u00f6\/ N\u00e4ringsinneh\u00e5ll 2 g: Energiaa\/Energi 0 kcal, Rasvaa\/Fett 0 g, josta tyydyttynyt\u00e4\/varav m\u00e4ttat 0 g, Hiilihydraatteja\/Kolhydrater 0 g, josta sokereita\/varav sockerarter 0 g, Proteiinia\/Protein 0 g, Suola\/Salt 0,650 g <\/span><\/p>\n<p><span style=\"color: #000000;\">Maahantuoja \/ Importir: JK Alho, PL 18, 20251 Turku \/ \u00c5bo www.indonesianmarket.fi<\/span><\/p>\n<p><span style=\"color: #000000;\">P\u00e4ivit\u00e4mme tuotetietoja aktiivisesti. Suosittelemme kuitenkin tarkistamaan ainesosat aina my\u00f6s myyntipakkauksesta. <\/span><\/p>\n","protected":false},"excerpt":{"rendered":"<p>Kananmakuinen yleismaustejauhe \/ Kyckling smak universella kryddapulver Ainesosat: Jodioitu suola, arominvahventeet (mononatriumglutamaatti (E621), dinatrium-5&#8242;-inosinaatti (E631) ja dinatrium-5&#8242;-guanylaatti (E627)), synteettinen aromi (sis\u00e4lt\u00e4\u00e4 munaa, soijaa, maitoa, antioksidanttia DL-alfa-tokoferolia (E307)), mausteet, dekstriini, kasvi\u00f6ljy, happamuudens\u00e4\u00e4t\u00f6aine, kana\u00adjauhe 0,04 % (sis\u00e4lt\u00e4\u00e4 antioksidanttia rosmariiniuute, kananlihaa 0,01 %), luonnollinen v\u00e4riaine kurkumiini (CI nro 75300). Ei sis\u00e4ll\u00e4 s\u00e4il\u00f6nt\u00e4aineita. Ingredienser: joderat salt, smakf\u00f6rst\u00e4rkare (mononatriumglutamat (E621),<\/p>\n<div class=\"klb-readmore entry-button\"><a class=\"button\" href=\"https:\/\/www.indonesianmarket.fi\/id\/product\/royco-bumbu-pelezat-serbaguna-rasa-ayam-230g\/\">Read More<\/a><\/div>\n","protected":false},"featured_media":32127,"template":"","meta":[],"product_brand":[2223],"product_cat":[1708],"product_tag":[],"class_list":{"0":"post-19341","1":"product","2":"type-product","3":"status-publish","4":"has-post-thumbnail","6":"product_brand-royco","7":"product_cat-bumbu-masak-instant","9":"first","10":"instock","11":"sale","12":"taxable","13":"shipping-taxable","14":"purchasable","15":"product-type-simple"},"_links":{"self":[{"href":"https:\/\/www.indonesianmarket.fi\/id\/wp-json\/wp\/v2\/product\/19341","targetHints":{"allow":["GET"]}}],"collection":[{"href":"https:\/\/www.indonesianmarket.fi\/id\/wp-json\/wp\/v2\/product"}],"about":[{"href":"https:\/\/www.indonesianmarket.fi\/id\/wp-json\/wp\/v2\/types\/product"}],"version-history":[{"count":8,"href":"https:\/\/www.indonesianmarket.fi\/id\/wp-json\/wp\/v2\/product\/19341\/revisions"}],"predecessor-version":[{"id":34362,"href":"https:\/\/www.indonesianmarket.fi\/id\/wp-json\/wp\/v2\/product\/19341\/revisions\/34362"}],"wp:featuredmedia":[{"embeddable":true,"href":"https:\/\/www.indonesianmarket.fi\/id\/wp-json\/wp\/v2\/media\/32127"}],"wp:attachment":[{"href":"https:\/\/www.indonesianmarket.fi\/id\/wp-json\/wp\/v2\/media?parent=19341"}],"wp:term":[{"taxonomy":"product_brand","embeddable":true,"href":"https:\/\/www.indonesianmarket.fi\/id\/wp-json\/wp\/v2\/product_brand?post=19341"},{"taxonomy":"product_cat","embeddable":true,"href":"https:\/\/www.indonesianmarket.fi\/id\/wp-json\/wp\/v2\/product_cat?post=19341"},{"taxonomy":"product_tag","embeddable":true,"href":"https:\/\/www.indonesianmarket.fi\/id\/wp-json\/wp\/v2\/product_tag?post=19341"}],"curies":[{"name":"wp","href":"https:\/\/api.w.org\/{rel}","templated":true}]}}