{"id":19227,"date":"2016-02-06T00:33:56","date_gmt":"2016-02-05T22:33:56","guid":{"rendered":"http:\/\/www.indonesianmarket.fi\/?product=kobe-sambal-tabur-level-30-50g"},"modified":"2026-03-20T12:31:44","modified_gmt":"2026-03-20T10:31:44","slug":"kobe-sambal-tabur-level-30-50g","status":"publish","type":"product","link":"https:\/\/www.indonesianmarket.fi\/id\/product\/kobe-sambal-tabur-level-30-50g\/","title":{"rendered":"Kobe sambal tabur level 30 50g"},"content":{"rendered":"<div><\/div>\n<div><strong>Sambal chilirouhe tuulisuus 30 \/ chiligryn het 30<\/strong><\/div>\n<div><\/div>\n<div><strong>Nettopaino \/ Nettovikt:<\/strong> 40 g<\/div>\n<div><\/div>\n<div><strong>Ainesosat:<\/strong> Kuivattu chili 60% salottisipuli, suola, sokeri, arominvahvenne: E621, E631, E627, kasvi\u00f6ljy, valkosipuli, sipuli, hiivauute.<br \/>\n<strong>Ingredienser:<\/strong> Torkad chili 60% schalottenl\u00f6k, salt, socker, smakf\u00f6rst\u00e4rkare: E621, E631, E627, vegetabilisk olja, vitl\u00f6k, l\u00f6k, j\u00e4stextrakt.<\/div>\n<div><\/div>\n<div><strong>Alkuper\u00e4maa \/ Ursprungsland: <\/strong> Indonesia<\/div>\n<div><\/div>\n<div><strong>Ravintosis\u00e4lt\u00f6\/ N\u00e4ringsinneh\u00e5ll 2,3g:<\/strong><\/div>\n<div>Energiaa\/Energi 10 kcal)<\/div>\n<div>Rasvaa\/Fett 0 g&#8217;<\/div>\n<div>Hiilihydraatteja\/Kolhydrater 1 g<\/div>\n<div>Proteiinia\/Protein 0g<\/div>\n<div>Suola\/Salt 0,13 g<\/div>\n","protected":false},"excerpt":{"rendered":"<p>Sambal chilirouhe tuulisuus 30 \/ chiligryn het 30 Nettopaino \/ Nettovikt: 40 g Ainesosat: Kuivattu chili 60% salottisipuli, suola, sokeri, arominvahvenne: E621, E631, E627, kasvi\u00f6ljy, valkosipuli, sipuli, hiivauute. Ingredienser: Torkad chili 60% schalottenl\u00f6k, salt, socker, smakf\u00f6rst\u00e4rkare: E621, E631, E627, vegetabilisk olja, vitl\u00f6k, l\u00f6k, j\u00e4stextrakt. Alkuper\u00e4maa \/ Ursprungsland: Indonesia Ravintosis\u00e4lt\u00f6\/ N\u00e4ringsinneh\u00e5ll 2,3g: Energiaa\/Energi 10 kcal) Rasvaa\/Fett<\/p>\n<div class=\"klb-readmore entry-button\"><a class=\"button\" href=\"https:\/\/www.indonesianmarket.fi\/id\/product\/kobe-sambal-tabur-level-30-50g\/\">Read More<\/a><\/div>\n","protected":false},"featured_media":19230,"template":"","meta":[],"product_brand":[],"product_cat":[1645],"product_tag":[],"class_list":{"0":"post-19227","1":"product","2":"type-product","3":"status-publish","4":"has-post-thumbnail","6":"product_cat-sambal-dan-saus-cabai","8":"first","9":"instock","10":"taxable","11":"shipping-taxable","12":"purchasable","13":"product-type-simple"},"_links":{"self":[{"href":"https:\/\/www.indonesianmarket.fi\/id\/wp-json\/wp\/v2\/product\/19227","targetHints":{"allow":["GET"]}}],"collection":[{"href":"https:\/\/www.indonesianmarket.fi\/id\/wp-json\/wp\/v2\/product"}],"about":[{"href":"https:\/\/www.indonesianmarket.fi\/id\/wp-json\/wp\/v2\/types\/product"}],"version-history":[{"count":3,"href":"https:\/\/www.indonesianmarket.fi\/id\/wp-json\/wp\/v2\/product\/19227\/revisions"}],"predecessor-version":[{"id":33716,"href":"https:\/\/www.indonesianmarket.fi\/id\/wp-json\/wp\/v2\/product\/19227\/revisions\/33716"}],"wp:featuredmedia":[{"embeddable":true,"href":"https:\/\/www.indonesianmarket.fi\/id\/wp-json\/wp\/v2\/media\/19230"}],"wp:attachment":[{"href":"https:\/\/www.indonesianmarket.fi\/id\/wp-json\/wp\/v2\/media?parent=19227"}],"wp:term":[{"taxonomy":"product_brand","embeddable":true,"href":"https:\/\/www.indonesianmarket.fi\/id\/wp-json\/wp\/v2\/product_brand?post=19227"},{"taxonomy":"product_cat","embeddable":true,"href":"https:\/\/www.indonesianmarket.fi\/id\/wp-json\/wp\/v2\/product_cat?post=19227"},{"taxonomy":"product_tag","embeddable":true,"href":"https:\/\/www.indonesianmarket.fi\/id\/wp-json\/wp\/v2\/product_tag?post=19227"}],"curies":[{"name":"wp","href":"https:\/\/api.w.org\/{rel}","templated":true}]}}