{"id":19197,"date":"2016-01-20T23:17:31","date_gmt":"2016-01-20T21:17:31","guid":{"rendered":"http:\/\/www.indonesianmarket.fi\/?product=bamboe-bumbu-paste-sop-49-g"},"modified":"2026-04-11T17:09:57","modified_gmt":"2026-04-11T14:09:57","slug":"bamboe-bumbu-paste-sup-49-g","status":"publish","type":"product","link":"https:\/\/www.indonesianmarket.fi\/id\/product\/bamboe-bumbu-paste-sup-49-g\/","title":{"rendered":"Bamboe bumbu paste SOP 49 g"},"content":{"rendered":"<p>SOP<br \/>\nKananliha-\/naudanliha-\/h\u00e4r\u00e4nh\u00e4nt\u00e4 keitto) maustetahna \/ Kyckling-\/n\u00f6tk\u00f6tt-\/oxsvans soppa ) kryddig pasta<\/p>\n<p>Nettopaino \/ Nettovikt: 49 g<\/p>\n<p>Ainesosat: Salottisipuli (41%), suola, palmu\u00f6ljy, <strong>muskottip\u00e4hkin\u00e4<\/strong> (9%), valkopippuri (5%).<\/p>\n<p>Ingredienser: Schalottenl\u00f6k (41%), salt, palmolja, <strong>muskotn\u00f6tter<\/strong> (9%), vit paprika (5%).<\/p>\n<p>Alkuper\u00e4maa \/ Ursprungsland: Indonesia\/Indonesien<\/p>\n<p>Ravintosis\u00e4lt\u00f6\/ N\u00e4ringsinneh\u00e5ll 100 g: Energiaa\/Energi 816 kJ\/ 195 kcal, Rasvaa\/Fett 12,7 g, josta tyydyttynyt\u00e4\/varav m\u00e4ttat 5,7 g, Hiilihydraatteja\/Kolhydrater 14,7 g, josta sokereita\/varav sockerarter 4,2 g, Proteiinia\/Protein 5,7 g, Suola\/Salt 29,4 g.<\/p>\n<p>Maahantuoja \/ Importir: JK Alho, PL 18, 20251 Turku \/ \u00c5bo www.indonesianmarket.fi<\/p>\n<p>P\u00e4ivit\u00e4mme tuotetietoja aktiivisesti. Suosittelemme kuitenkin tarkistamaan ainesosat aina my\u00f6s myyntipakkauksesta. <\/p>\n","protected":false},"excerpt":{"rendered":"<p>SOP Kananliha-\/naudanliha-\/h\u00e4r\u00e4nh\u00e4nt\u00e4 keitto) maustetahna \/ Kyckling-\/n\u00f6tk\u00f6tt-\/oxsvans soppa ) kryddig pasta Nettopaino \/ Nettovikt: 49 g Ainesosat: Salottisipuli (41%), suola, palmu\u00f6ljy, muskottip\u00e4hkin\u00e4 (9%), valkopippuri (5%). Ingredienser: Schalottenl\u00f6k (41%), salt, palmolja, muskotn\u00f6tter (9%), vit paprika (5%). Alkuper\u00e4maa \/ Ursprungsland: Indonesia\/Indonesien Ravintosis\u00e4lt\u00f6\/ N\u00e4ringsinneh\u00e5ll 100 g: Energiaa\/Energi 816 kJ\/ 195 kcal, Rasvaa\/Fett 12,7 g, josta tyydyttynyt\u00e4\/varav m\u00e4ttat 5,7 g,<\/p>\n<div class=\"klb-readmore entry-button\"><a class=\"button\" href=\"https:\/\/www.indonesianmarket.fi\/id\/product\/bamboe-bumbu-paste-sup-49-g\/\">Read More<\/a><\/div>\n","protected":false},"featured_media":19200,"template":"","meta":[],"product_brand":[2225],"product_cat":[1708],"product_tag":[],"class_list":{"0":"post-19197","1":"product","2":"type-product","3":"status-publish","4":"has-post-thumbnail","6":"product_brand-bamboe","7":"product_cat-bumbu-masak-instant","9":"first","10":"instock","11":"taxable","12":"shipping-taxable","13":"purchasable","14":"product-type-simple"},"_links":{"self":[{"href":"https:\/\/www.indonesianmarket.fi\/id\/wp-json\/wp\/v2\/product\/19197","targetHints":{"allow":["GET"]}}],"collection":[{"href":"https:\/\/www.indonesianmarket.fi\/id\/wp-json\/wp\/v2\/product"}],"about":[{"href":"https:\/\/www.indonesianmarket.fi\/id\/wp-json\/wp\/v2\/types\/product"}],"version-history":[{"count":4,"href":"https:\/\/www.indonesianmarket.fi\/id\/wp-json\/wp\/v2\/product\/19197\/revisions"}],"predecessor-version":[{"id":34384,"href":"https:\/\/www.indonesianmarket.fi\/id\/wp-json\/wp\/v2\/product\/19197\/revisions\/34384"}],"wp:featuredmedia":[{"embeddable":true,"href":"https:\/\/www.indonesianmarket.fi\/id\/wp-json\/wp\/v2\/media\/19200"}],"wp:attachment":[{"href":"https:\/\/www.indonesianmarket.fi\/id\/wp-json\/wp\/v2\/media?parent=19197"}],"wp:term":[{"taxonomy":"product_brand","embeddable":true,"href":"https:\/\/www.indonesianmarket.fi\/id\/wp-json\/wp\/v2\/product_brand?post=19197"},{"taxonomy":"product_cat","embeddable":true,"href":"https:\/\/www.indonesianmarket.fi\/id\/wp-json\/wp\/v2\/product_cat?post=19197"},{"taxonomy":"product_tag","embeddable":true,"href":"https:\/\/www.indonesianmarket.fi\/id\/wp-json\/wp\/v2\/product_tag?post=19197"}],"curies":[{"name":"wp","href":"https:\/\/api.w.org\/{rel}","templated":true}]}}