{"id":19185,"date":"2016-01-20T23:07:13","date_gmt":"2016-01-20T21:07:13","guid":{"rendered":"http:\/\/www.indonesianmarket.fi\/?product=bamboe-bumbu-paste-ayam-goreng-33-g"},"modified":"2026-04-11T17:10:24","modified_gmt":"2026-04-11T14:10:24","slug":"bamboe-bumbu-paste-ayam-goreng-33-g","status":"publish","type":"product","link":"https:\/\/www.indonesianmarket.fi\/id\/product\/bamboe-bumbu-paste-ayam-goreng-33-g\/","title":{"rendered":"Bamboe bumbu paste AYAM GORENG 33 g"},"content":{"rendered":"<div><\/div>\n<div>AYAM GORENG paistettu kana maustetahna \/ stekt kyckling kryddig pasta.<\/div>\n<div><\/div>\n<div>Nettopaino \/ Nettovikt: 33 g<\/div>\n<div><\/div>\n<div>Ainesosat: Suola, valkosipuli (17 %), salottisipuli (16 %), galangal (9 %), korianteri, juustokumina, sitruunaruoho (5 %), pippuri (4 %), palmu\u00f6ljy.<\/div>\n<div><\/div>\n<div>Ingredienser: Kryddpasta f\u00f6r indonesisk friterad kyckling. Salt, vitl\u00f6k (17 %), schalottenl\u00f6k (16 %), galangal (9 %), koriander, kummin, citrongr\u00e4s (5 %), peppar (4 %), palmolja.<\/div>\n<div><\/div>\n<div>Alkuper\u00e4maa \/ Ursprungsland: Indonesia\/Indonesien.<\/div>\n<div><\/div>\n<div>Ravintosis\u00e4lt\u00f6\/ N\u00e4ringsinneh\u00e5ll 100 g: Energiaa\/Energi 682 kJ\/ 163 kcal, Rasvaa\/Fett 8 g, josta tyydyttynyt\u00e4\/varav m\u00e4ttat 3,2 g, Hiilihydraatteja\/Kolhydrater 17,3 g, josta sokereita\/varav sockerarter 2,7 g, Proteiinia\/Protein 5<br \/>\n6 g, Suola\/Salt 20 g.<\/div>\n<div><\/div>\n<div>Maahantuoja \/ Import\u00f6r: JK Alho, PL 18, 20251 Turku \/ \u00c5bo www.indonesianmarket.fi<\/div>\n<div><\/div>\n<div>P\u00e4ivit\u00e4mme tuotetietoja aktiivisesti. Suosittelemme kuitenkin tarkistamaan ainesosat aina my\u00f6s myyntipakkauksesta.<\/div>\n","protected":false},"excerpt":{"rendered":"<p>AYAM GORENG paistettu kana maustetahna \/ stekt kyckling kryddig pasta. Nettopaino \/ Nettovikt: 33 g Ainesosat: Suola, valkosipuli (17 %), salottisipuli (16 %), galangal (9 %), korianteri, juustokumina, sitruunaruoho (5 %), pippuri (4 %), palmu\u00f6ljy. Ingredienser: Kryddpasta f\u00f6r indonesisk friterad kyckling. Salt, vitl\u00f6k (17 %), schalottenl\u00f6k (16 %), galangal (9 %), koriander, kummin, citrongr\u00e4s (5<\/p>\n<div class=\"klb-readmore entry-button\"><a class=\"button\" href=\"https:\/\/www.indonesianmarket.fi\/id\/product\/bamboe-bumbu-paste-ayam-goreng-33-g\/\">Read More<\/a><\/div>\n","protected":false},"featured_media":19188,"template":"","meta":[],"product_brand":[2225],"product_cat":[1708],"product_tag":[],"class_list":{"0":"post-19185","1":"product","2":"type-product","3":"status-publish","4":"has-post-thumbnail","6":"product_brand-bamboe","7":"product_cat-bumbu-masak-instant","9":"first","10":"instock","11":"taxable","12":"shipping-taxable","13":"purchasable","14":"product-type-simple"},"_links":{"self":[{"href":"https:\/\/www.indonesianmarket.fi\/id\/wp-json\/wp\/v2\/product\/19185","targetHints":{"allow":["GET"]}}],"collection":[{"href":"https:\/\/www.indonesianmarket.fi\/id\/wp-json\/wp\/v2\/product"}],"about":[{"href":"https:\/\/www.indonesianmarket.fi\/id\/wp-json\/wp\/v2\/types\/product"}],"version-history":[{"count":4,"href":"https:\/\/www.indonesianmarket.fi\/id\/wp-json\/wp\/v2\/product\/19185\/revisions"}],"predecessor-version":[{"id":30336,"href":"https:\/\/www.indonesianmarket.fi\/id\/wp-json\/wp\/v2\/product\/19185\/revisions\/30336"}],"wp:featuredmedia":[{"embeddable":true,"href":"https:\/\/www.indonesianmarket.fi\/id\/wp-json\/wp\/v2\/media\/19188"}],"wp:attachment":[{"href":"https:\/\/www.indonesianmarket.fi\/id\/wp-json\/wp\/v2\/media?parent=19185"}],"wp:term":[{"taxonomy":"product_brand","embeddable":true,"href":"https:\/\/www.indonesianmarket.fi\/id\/wp-json\/wp\/v2\/product_brand?post=19185"},{"taxonomy":"product_cat","embeddable":true,"href":"https:\/\/www.indonesianmarket.fi\/id\/wp-json\/wp\/v2\/product_cat?post=19185"},{"taxonomy":"product_tag","embeddable":true,"href":"https:\/\/www.indonesianmarket.fi\/id\/wp-json\/wp\/v2\/product_tag?post=19185"}],"curies":[{"name":"wp","href":"https:\/\/api.w.org\/{rel}","templated":true}]}}