{"id":19107,"date":"2016-01-20T20:13:13","date_gmt":"2016-01-20T18:13:13","guid":{"rendered":"http:\/\/www.indonesianmarket.fi\/?product=dua-belibis-saus-sambal-340-ml"},"modified":"2026-03-31T19:37:55","modified_gmt":"2026-03-31T16:37:55","slug":"dua-belibis-saus-sambal-340-ml","status":"publish","type":"product","link":"https:\/\/www.indonesianmarket.fi\/id\/product\/dua-belibis-saus-sambal-340-ml\/","title":{"rendered":"Dua Belibis saus sambal 335 ml"},"content":{"rendered":"<div>Chilikastike \/ Chilis\u00e5s<\/div>\n<div><\/div>\n<div>Nettopaino\/Nettovikt: 335 ml<\/div>\n<div><\/div>\n<div>Ainesosat: Chili (47,20 %), sokeri, vesi, suola, valkosipuli (4,15 %), kasvistabilointiaine E471, aromivahvenne E621, happamuudens\u00e4\u00e4t\u00f6aine E260, s\u00e4il\u00f6nt\u00e4aine E211 (<strong>sulfiitti<\/strong>)<\/div>\n<div><\/div>\n<div>Ingredienser: Chili (47,20 %), socker, vatten, salt, vitl\u00f6k (4,15 %), gr\u00f6nsaksstabiliseringsmedel E471, smakf\u00f6rst\u00e4rkare E621, surhetsreglerande medel E260, konserveringsmedel E211 (<strong>sulfit<\/strong>).<\/div>\n<div><\/div>\n<div>Alkuper\u00e4maa \/ Ursprungsland: Indonesia \/ Indonesia.<\/div>\n<div><\/div>\n<div>\n<p>Ravintosis\u00e4lt\u00f6\/ N\u00e4ringsinneh\u00e5ll 15 ml: Energiaa\/Energi 30 kcal, Rasvaa\/Fett 0 g, josta tyydyttynyt\u00e4\/varav m\u00e4ttat 0 g, Hiilihydraatteja\/Kolhydrater 7 g, josta sokereita\/varav sockerarter 5 g, Proteiinia\/Protein 0 g, Suola\/Salt 0,36 mg.<\/p>\n<p>Maahantuoja \/ Import\u00f6r: JK Alho, PL 18, 20251 Turku \/ \u00c5bo www.indonesianmarket.fi<\/p>\n<\/div>\n<div>\n<p>P\u00e4ivit\u00e4mme tuotetietoja aktiivisesti. Suosittelemme kuitenkin tarkistamaan ainesosat aina my\u00f6s myyntipakkauksesta. <\/p>\n<\/div>\n","protected":false},"excerpt":{"rendered":"<p>Chilikastike \/ Chilis\u00e5s Nettopaino\/Nettovikt: 335 ml Ainesosat: Chili (47,20 %), sokeri, vesi, suola, valkosipuli (4,15 %), kasvistabilointiaine E471, aromivahvenne E621, happamuudens\u00e4\u00e4t\u00f6aine E260, s\u00e4il\u00f6nt\u00e4aine E211 (sulfiitti) Ingredienser: Chili (47,20 %), socker, vatten, salt, vitl\u00f6k (4,15 %), gr\u00f6nsaksstabiliseringsmedel E471, smakf\u00f6rst\u00e4rkare E621, surhetsreglerande medel E260, konserveringsmedel E211 (sulfit). Alkuper\u00e4maa \/ Ursprungsland: Indonesia \/ Indonesia. Ravintosis\u00e4lt\u00f6\/ N\u00e4ringsinneh\u00e5ll 15 ml:<\/p>\n<div class=\"klb-readmore entry-button\"><a class=\"button\" href=\"https:\/\/www.indonesianmarket.fi\/id\/product\/dua-belibis-saus-sambal-340-ml\/\">Read More<\/a><\/div>\n","protected":false},"featured_media":19110,"template":"","meta":[],"product_brand":[],"product_cat":[1645],"product_tag":[],"class_list":{"0":"post-19107","1":"product","2":"type-product","3":"status-publish","4":"has-post-thumbnail","6":"product_cat-sambal-dan-saus-cabai","8":"first","9":"instock","10":"taxable","11":"shipping-taxable","12":"purchasable","13":"product-type-simple"},"_links":{"self":[{"href":"https:\/\/www.indonesianmarket.fi\/id\/wp-json\/wp\/v2\/product\/19107","targetHints":{"allow":["GET"]}}],"collection":[{"href":"https:\/\/www.indonesianmarket.fi\/id\/wp-json\/wp\/v2\/product"}],"about":[{"href":"https:\/\/www.indonesianmarket.fi\/id\/wp-json\/wp\/v2\/types\/product"}],"version-history":[{"count":4,"href":"https:\/\/www.indonesianmarket.fi\/id\/wp-json\/wp\/v2\/product\/19107\/revisions"}],"predecessor-version":[{"id":34389,"href":"https:\/\/www.indonesianmarket.fi\/id\/wp-json\/wp\/v2\/product\/19107\/revisions\/34389"}],"wp:featuredmedia":[{"embeddable":true,"href":"https:\/\/www.indonesianmarket.fi\/id\/wp-json\/wp\/v2\/media\/19110"}],"wp:attachment":[{"href":"https:\/\/www.indonesianmarket.fi\/id\/wp-json\/wp\/v2\/media?parent=19107"}],"wp:term":[{"taxonomy":"product_brand","embeddable":true,"href":"https:\/\/www.indonesianmarket.fi\/id\/wp-json\/wp\/v2\/product_brand?post=19107"},{"taxonomy":"product_cat","embeddable":true,"href":"https:\/\/www.indonesianmarket.fi\/id\/wp-json\/wp\/v2\/product_cat?post=19107"},{"taxonomy":"product_tag","embeddable":true,"href":"https:\/\/www.indonesianmarket.fi\/id\/wp-json\/wp\/v2\/product_tag?post=19107"}],"curies":[{"name":"wp","href":"https:\/\/api.w.org\/{rel}","templated":true}]}}