{"id":18843,"date":"2016-01-09T07:36:58","date_gmt":"2016-01-09T05:36:58","guid":{"rendered":"http:\/\/www.indonesianmarket.fi\/?product=beras-ketan-1-kg"},"modified":"2026-03-24T00:22:50","modified_gmt":"2026-03-23T22:22:50","slug":"makeariisi-1-kg-1","status":"publish","type":"product","link":"https:\/\/www.indonesianmarket.fi\/id\/product\/makeariisi-1-kg-1\/","title":{"rendered":"Royal Umbrella Glutinous rice 1kg"},"content":{"rendered":"<div><\/div>\n<div><strong><span style=\"font-size: 10pt; font-family: Helvetica; color: #333333;\">Makea-\/t\u00e4hme\u00e4riisi \/ Klibbig ris<\/span><\/strong><\/div>\n<div><\/div>\n<div style=\"color: #000000; font-family: Verdana, Arial, Helvetica, sans-serif; font-size: 16.016px; line-height: normal;\"><strong><span style=\"font-size: 10pt; font-family: Helvetica; color: #333333;\">Nettopaino \/ Nettovikt: <\/span><\/strong><strong><span style=\"font-size: 10pt; font-family: Helvetica; color: #333333; font-weight: normal;\">1 Kg<\/span><\/strong><\/div>\n<div><\/div>\n<div style=\"color: #000000; font-family: Verdana, Arial, Helvetica, sans-serif; font-size: 16.016px; line-height: normal;\"><strong><span style=\"font-size: 10pt; font-family: Helvetica; color: #333333;\">Ainesosat: <\/span><\/strong><span style=\"font-size: 10pt; font-family: Helvetica; color: #333333;\">Makea-\/t\u00e4hme\u00e4riisi<\/span><\/div>\n<div style=\"color: #000000; font-family: Verdana, Arial, Helvetica, sans-serif; font-size: 16.016px; line-height: normal;\"><\/div>\n<div style=\"color: #000000; font-family: Verdana, Arial, Helvetica, sans-serif; font-size: 16.016px; line-height: normal;\"><span style=\"font-size: 10pt;\"><strong><span style=\"font-family: Helvetica; color: #333333;\"><span style=\"margin: 0px; padding: 0px; font-family: Helvetica;\">Ravintosis\u00e4lt\u00f6\/ N\u00e4ringsinneh\u00e5ll 100 g: <\/span><\/span><\/strong><\/span><\/div>\n<div style=\"color: #000000; font-family: Verdana, Arial, Helvetica, sans-serif; font-size: 16.016px; line-height: normal;\"><strong><span style=\"font-size: 10pt; font-family: Helvetica; color: #333333;\"><strong style=\"margin: 0px; padding: 0px; font-family: arial, helvetica, sans-serif; font-size: 13px;\"><span style=\"margin: 0px; padding: 0px; font-size: 10pt; font-family: Helvetica; font-weight: normal;\">Energiaa\/Energi 1440 kJ (344 kcal)<\/span><\/strong><\/span><\/strong><\/div>\n<div style=\"color: #000000; font-family: Verdana, Arial, Helvetica, sans-serif; font-size: 16.016px; line-height: normal;\"><strong><span style=\"font-size: 10pt; font-family: Helvetica; color: #333333;\"><strong style=\"margin: 0px; padding: 0px; font-family: arial, helvetica, sans-serif; font-size: 13px;\"><span style=\"margin: 0px; padding: 0px; font-size: 10pt; font-family: Helvetica; font-weight: normal;\">Rasvaa\/Fett 0,8 g<\/span><\/strong><\/span><\/strong><\/div>\n<div style=\"color: #000000; font-family: Verdana, Arial, Helvetica, sans-serif; font-size: 16.016px; line-height: normal;\"><strong><span style=\"font-size: 10pt; font-family: Helvetica; color: #333333;\"><strong style=\"margin: 0px; padding: 0px; font-family: arial, helvetica, sans-serif; font-size: 13px;\"><span style=\"margin: 0px; padding: 0px; font-size: 10pt; font-family: Helvetica; font-weight: normal;\">josta tyydyttynyt\u00e4\/varav m\u00e4ttat 0,8 g<\/span><\/strong><\/span><\/strong><\/div>\n<div style=\"color: #000000; font-family: Verdana, Arial, Helvetica, sans-serif; font-size: 16.016px; line-height: normal;\"><strong><span style=\"font-size: 10pt; font-family: Helvetica; color: #333333;\"><strong style=\"margin: 0px; padding: 0px; font-family: arial, helvetica, sans-serif; font-size: 13px;\"><span style=\"margin: 0px; padding: 0px; font-size: 10pt; font-family: Helvetica; font-weight: normal;\">Hiilihydraatteja\/Kolhydrater 78,2 g<\/span><\/strong><\/span><\/strong><\/div>\n<div style=\"color: #000000; font-family: Verdana, Arial, Helvetica, sans-serif; font-size: 16.016px; line-height: normal;\"><strong><span style=\"font-size: 10pt; font-family: Helvetica; color: #333333;\"><strong style=\"margin: 0px; padding: 0px; font-family: arial, helvetica, sans-serif; font-size: 13px;\"><span style=\"margin: 0px; padding: 0px; font-size: 10pt; font-family: Helvetica; font-weight: normal;\">josta sokereita\/varav sockerarter 0,1 g<\/span><\/strong><\/span><\/strong><\/div>\n<div style=\"color: #000000; font-family: Verdana, Arial, Helvetica, sans-serif; font-size: 16.016px; line-height: normal;\"><strong><span style=\"font-size: 10pt; font-family: Helvetica; color: #333333;\"><strong style=\"margin: 0px; padding: 0px; font-family: arial, helvetica, sans-serif; font-size: 13px;\"><span style=\"margin: 0px; padding: 0px; font-size: 10pt; font-family: Helvetica; font-weight: normal;\">Proteiinia\/Protein 6,2 g<\/span><\/strong><\/span><\/strong><\/div>\n<div style=\"color: #000000; font-family: Verdana, Arial, Helvetica, sans-serif; font-size: 16.016px; line-height: normal;\"><strong><span style=\"font-size: 10pt; font-family: Helvetica; color: #333333;\"><strong style=\"margin: 0px; padding: 0px; font-family: arial, helvetica, sans-serif; font-size: 13px;\"><span style=\"margin: 0px; padding: 0px; font-size: 10pt; font-family: Helvetica; font-weight: normal;\">Suola\/Garam 0 g<\/span><\/strong><\/span><\/strong><\/div>\n<div style=\"color: #000000; font-family: Verdana, Arial, Helvetica, sans-serif; font-size: 16.016px; line-height: normal;\"><\/div>\n<div style=\"color: #000000; font-family: Verdana, Arial, Helvetica, sans-serif; font-size: 16.016px; line-height: normal;\"><span style=\"font-size: 10pt;\"><strong><span style=\"font-family: Helvetica; color: #333333;\"><span style=\"margin: 0px; padding: 0px; font-family: Helvetica;\">Alkuper\u00e4maa \/ Ursprungsland:<\/span><\/span><\/strong><\/span><strong><span style=\"font-size: 10pt; font-family: Helvetica; color: #333333;\"><strong style=\"margin: 0px; padding: 0px; font-family: arial, helvetica, sans-serif; font-size: 13px;\"><span style=\"margin: 0px; padding: 0px; font-size: 10pt; font-family: Helvetica; font-weight: normal;\"> Thaimaa <\/span><\/strong><\/span><\/strong> <\/div>\n","protected":false},"excerpt":{"rendered":"<p>Makea-\/t\u00e4hme\u00e4riisi \/ Klibbig ris Nettopaino \/ Nettovikt: 1 Kg Ainesosat: Makea-\/t\u00e4hme\u00e4riisi Ravintosis\u00e4lt\u00f6\/ N\u00e4ringsinneh\u00e5ll 100 g: Energiaa\/Energi 1440 kJ (344 kcal) Rasvaa\/Fett 0,8 g josta tyydyttynyt\u00e4\/varav m\u00e4ttat 0,8 g Hiilihydraatteja\/Kolhydrater 78,2 g josta sokereita\/varav sockerarter 0,1 g Proteiinia\/Protein 6,2 g Suola\/Garam 0 g Alkuper\u00e4maa \/ Ursprungsland: Thaimaa<\/p>\n","protected":false},"featured_media":30312,"template":"","meta":[],"product_brand":[],"product_cat":[1696],"product_tag":[],"class_list":{"0":"post-18843","1":"product","2":"type-product","3":"status-publish","4":"has-post-thumbnail","6":"product_cat-beras-dan-kacang-kacangan","8":"first","9":"instock","10":"taxable","11":"shipping-taxable","12":"purchasable","13":"product-type-simple"},"_links":{"self":[{"href":"https:\/\/www.indonesianmarket.fi\/id\/wp-json\/wp\/v2\/product\/18843","targetHints":{"allow":["GET"]}}],"collection":[{"href":"https:\/\/www.indonesianmarket.fi\/id\/wp-json\/wp\/v2\/product"}],"about":[{"href":"https:\/\/www.indonesianmarket.fi\/id\/wp-json\/wp\/v2\/types\/product"}],"version-history":[{"count":4,"href":"https:\/\/www.indonesianmarket.fi\/id\/wp-json\/wp\/v2\/product\/18843\/revisions"}],"predecessor-version":[{"id":33991,"href":"https:\/\/www.indonesianmarket.fi\/id\/wp-json\/wp\/v2\/product\/18843\/revisions\/33991"}],"wp:featuredmedia":[{"embeddable":true,"href":"https:\/\/www.indonesianmarket.fi\/id\/wp-json\/wp\/v2\/media\/30312"}],"wp:attachment":[{"href":"https:\/\/www.indonesianmarket.fi\/id\/wp-json\/wp\/v2\/media?parent=18843"}],"wp:term":[{"taxonomy":"product_brand","embeddable":true,"href":"https:\/\/www.indonesianmarket.fi\/id\/wp-json\/wp\/v2\/product_brand?post=18843"},{"taxonomy":"product_cat","embeddable":true,"href":"https:\/\/www.indonesianmarket.fi\/id\/wp-json\/wp\/v2\/product_cat?post=18843"},{"taxonomy":"product_tag","embeddable":true,"href":"https:\/\/www.indonesianmarket.fi\/id\/wp-json\/wp\/v2\/product_tag?post=18843"}],"curies":[{"name":"wp","href":"https:\/\/api.w.org\/{rel}","templated":true}]}}