{"id":18819,"date":"2015-02-02T22:24:57","date_gmt":"2015-02-02T20:24:57","guid":{"rendered":"http:\/\/www.indonesianmarket.fi\/?product=indomie-mie-kuah-rasa-sayur-75g"},"modified":"2026-04-18T17:06:35","modified_gmt":"2026-04-18T14:06:35","slug":"indomie-mie-kuah-rasa-sayur-75g","status":"publish","type":"product","link":"https:\/\/www.indonesianmarket.fi\/id\/product\/indomie-mie-kuah-rasa-sayur-75g\/","title":{"rendered":"Indomie mie kuah rasa sayur 75g"},"content":{"rendered":"<div>\n<div>VEGETABLE FLAVOUR<br \/>\nPikanuudelikeitto vihannes maku \/Snabbnudelsoppa med gr\u00f6nsakssmak<\/div>\n<div><\/div>\n<div>Nettopaino\/Nettovikt: 75 g<\/div>\n<div><\/div>\n<div>Ainesosat: Nuudelit: <strong>Vehn\u00e4jauho<\/strong> (70%), puhdistettu palmu\u00f6ljy (sis\u00e4lt\u00e4\u00e4 antioksidanttia E319), suola, happamuudens\u00e4\u00e4t\u00f6aineet (E451, E501, E500), sakeuttamisaine (E412), v\u00e4ri (E101(i)). Maustejauhe: Suola, aromivahvenne (E621, E627, E631), sokeri, hiivauute, pippuri, keinotekoinen maku (1,9 %), valkosipulijauhe, purjo, sipulijauhe, happamuudens\u00e4\u00e4t\u00f6aine (E330), limen maku. Mauste\u00f6ljy: Puhdistettu palmu\u00f6ljy (antioksidantti E319), sipuli, valkosipuli, sitruunaruoho, galangal, laakerinlehdet, kurkuma, inkiv\u00e4\u00e4ri, <strong>bankulp\u00e4hkin\u00e4<\/strong>. Chilijauhe. Tuote voi sis\u00e4lt\u00e4\u00e4 my\u00f6s <strong>soijaa<\/strong> ja <strong>kananmunaa<\/strong>.<\/div>\n<div>Ingrediensers: Nudlar: <strong>Vetemj\u00f6l<\/strong> (70 %), raffinerad palmolja (inneh\u00e5ller antioxidant E319), salt, surhetsreglerande medel (E451, E501, E500), f\u00f6rtjockningsmedel (E412), f\u00e4rg\u00e4mne (E101(i)). Kryddpulver: Salt, smakf\u00f6rst\u00e4rkare (E621, E627, E631), socker, j\u00e4stextrakt, peppar, artificiell smak (1,9 %), vitl\u00f6kspulver, purjol\u00f6k, l\u00f6kpulver, surhetsreglerande medel (E330), limesmak. Kryddolja: Raffinerad palmolja (antioxidant E319), l\u00f6k, vitl\u00f6k, citrongr\u00e4s, galangal, lagerblad, gurkmeja, ingef\u00e4ra, <strong>candlen\u00f6t<\/strong>. Chilipulver. Produkten kan \u00e4ven inneh\u00e5lla <strong>soja<\/strong> och <strong>\u00e4gg<\/strong>.<\/div>\n<div><\/div>\n<div>Alkuper\u00e4maa \/ Ursprungsland: Indonesia\/Indonesien<\/div>\n<div><\/div>\n<div>Ravintosis\u00e4lt\u00f6 \/ N\u00e4ringsdeklaration per 100 g: Energia\/energi 1996kJ\/476kcal, rasva\/fett 20,3 g, -josta tyydyttynytt\u00e4\/-varav m\u00e4ttade 8,9 g, hiilihydraatit\/kolhydrater 61,4 g, -josta sokereita\/-varav sockerarter 3,8 g, proteiini\/protein 10,3 g, suola\/salt 4,6 g.<\/div>\n<div><\/div>\n<div>Maahantuoja \/ Import\u00f6r: JK Alho, PL 18, 20251 Turku \/ \u00c5bo, www.indonesianmarket.fi<\/div>\n<\/div>\n","protected":false},"excerpt":{"rendered":"<p>VEGETABLE FLAVOUR Pikanuudelikeitto vihannes maku \/Snabbnudelsoppa med gr\u00f6nsakssmak Nettopaino\/Nettovikt: 75 g Ainesosat: Nuudelit: Vehn\u00e4jauho (70%), puhdistettu palmu\u00f6ljy (sis\u00e4lt\u00e4\u00e4 antioksidanttia E319), suola, happamuudens\u00e4\u00e4t\u00f6aineet (E451, E501, E500), sakeuttamisaine (E412), v\u00e4ri (E101(i)). Maustejauhe: Suola, aromivahvenne (E621, E627, E631), sokeri, hiivauute, pippuri, keinotekoinen maku (1,9 %), valkosipulijauhe, purjo, sipulijauhe, happamuudens\u00e4\u00e4t\u00f6aine (E330), limen maku. Mauste\u00f6ljy: Puhdistettu palmu\u00f6ljy (antioksidantti E319), sipuli,<\/p>\n<div class=\"klb-readmore entry-button\"><a class=\"button\" href=\"https:\/\/www.indonesianmarket.fi\/id\/product\/indomie-mie-kuah-rasa-sayur-75g\/\">Read More<\/a><\/div>\n","protected":false},"featured_media":18822,"template":"","meta":[],"product_brand":[2268],"product_cat":[1621],"product_tag":[],"class_list":{"0":"post-18819","1":"product","2":"type-product","3":"status-publish","4":"has-post-thumbnail","6":"product_brand-indomie","7":"product_cat-mie-instant","9":"first","10":"instock","11":"taxable","12":"shipping-taxable","13":"purchasable","14":"product-type-simple"},"_links":{"self":[{"href":"https:\/\/www.indonesianmarket.fi\/id\/wp-json\/wp\/v2\/product\/18819","targetHints":{"allow":["GET"]}}],"collection":[{"href":"https:\/\/www.indonesianmarket.fi\/id\/wp-json\/wp\/v2\/product"}],"about":[{"href":"https:\/\/www.indonesianmarket.fi\/id\/wp-json\/wp\/v2\/types\/product"}],"version-history":[{"count":7,"href":"https:\/\/www.indonesianmarket.fi\/id\/wp-json\/wp\/v2\/product\/18819\/revisions"}],"predecessor-version":[{"id":34727,"href":"https:\/\/www.indonesianmarket.fi\/id\/wp-json\/wp\/v2\/product\/18819\/revisions\/34727"}],"wp:featuredmedia":[{"embeddable":true,"href":"https:\/\/www.indonesianmarket.fi\/id\/wp-json\/wp\/v2\/media\/18822"}],"wp:attachment":[{"href":"https:\/\/www.indonesianmarket.fi\/id\/wp-json\/wp\/v2\/media?parent=18819"}],"wp:term":[{"taxonomy":"product_brand","embeddable":true,"href":"https:\/\/www.indonesianmarket.fi\/id\/wp-json\/wp\/v2\/product_brand?post=18819"},{"taxonomy":"product_cat","embeddable":true,"href":"https:\/\/www.indonesianmarket.fi\/id\/wp-json\/wp\/v2\/product_cat?post=18819"},{"taxonomy":"product_tag","embeddable":true,"href":"https:\/\/www.indonesianmarket.fi\/id\/wp-json\/wp\/v2\/product_tag?post=18819"}],"curies":[{"name":"wp","href":"https:\/\/api.w.org\/{rel}","templated":true}]}}