{"id":34081,"date":"2026-03-22T22:30:06","date_gmt":"2026-03-22T20:30:06","guid":{"rendered":"https:\/\/www.indonesianmarket.fi\/product\/dua-kuali-rujak-maustetahna-50-g\/"},"modified":"2026-04-16T19:23:45","modified_gmt":"2026-04-16T16:23:45","slug":"dua-kuali-rujak-maustetahna-50-g","status":"publish","type":"product","link":"https:\/\/www.indonesianmarket.fi\/fi\/tuote\/dua-kuali-rujak-maustetahna-50-g\/","title":{"rendered":"Dua kuali RUJAK maustetahna 50 g"},"content":{"rendered":"<p>Rujak maustetahna \/ kryddig pasta<\/p>\n<p>Nettopaino \/ Nettovikt: 50 g<\/p>\n<p>Ainesosat: chili (40 %), salottisipuli (18 %), valkosipuli (12,5 %), sokeri, palmu\u00f6ljy, suola, kurkuma (0,6 %), korianteri (0,6 %), happamuudens\u00e4\u00e4t\u00f6aine sitruunahappo (E330), antioksidantti (E321), s\u00e4il\u00f6nt\u00e4aine (E211).<\/p>\n<p>Ingredienser: chili (40 %), schalottenl\u00f6k (18 %), vitl\u00f6k (12,5 %), socker, palmolja, salt, gurkmeja (0,6 %), koriander (0,6 %), surhetsreglerande medel citronsyra (E330), antioxidant (E321), konserveringsmedel (E211).<\/p>\n<p>S\u00e4ilytysohjeet\/ F\u00f6rvaringsr\u00e5d:S\u00e4ilyt\u00e4 kuivassa ja viile\u00e4ss\u00e4\/F\u00f6rvaras torrt och svalt.<\/p>\n<p>Alkuper\u00e4maa \/ Ursprungsland: Indonesia\/IndonesienRavintosis\u00e4lt\u00f6\/ N\u00e4ringsinneh\u00e5ll 100 g: Energiaa\/Energi 872 kJ (208 kcal), Rasvaa\/Fett 9,7 g, josta tyydyttynyt\u00e4\/varav m\u00e4ttat 5,6 g, Hiilihydraatteja\/Kolhydrater 26 g, josta sokereita\/varav sockerarter 18 g, Proteiinia\/Protein 4 g, Suola\/Salt 8,7 g.<\/p>\n<p>Maahantuoja \/ Import\u00f6r: JK Alho, PL 18, 20251 Turku \/ \u00c5bo www.indonesianmarket.fi<\/p>\n<p>P\u00e4ivit\u00e4mme tuotetietoja aktiivisesti. Suosittelemme kuitenkin tarkistamaan ainesosat aina my\u00f6s myyntipakkauksesta.<\/p>\n","protected":false},"excerpt":{"rendered":"<p>Rujak maustetahna \/ kryddig pasta Nettopaino \/ Nettovikt: 50 g Ainesosat: chili (40 %), salottisipuli (18 %), valkosipuli (12,5 %), sokeri, palmu\u00f6ljy, suola, kurkuma (0,6 %), korianteri (0,6 %), happamuudens\u00e4\u00e4t\u00f6aine sitruunahappo (E330), antioksidantti (E321), s\u00e4il\u00f6nt\u00e4aine (E211). Ingredienser: chili (40 %), schalottenl\u00f6k (18 %), vitl\u00f6k (12,5 %), socker, palmolja, salt, gurkmeja (0,6 %), koriander (0,6 %),<\/p>\n<div class=\"klb-readmore entry-button\"><a class=\"button\" href=\"https:\/\/www.indonesianmarket.fi\/fi\/tuote\/dua-kuali-rujak-maustetahna-50-g\/\">Read More<\/a><\/div>\n","protected":false},"featured_media":33968,"template":"","meta":[],"product_brand":[2256],"product_cat":[1707],"product_tag":[2178],"class_list":{"0":"post-34081","1":"product","2":"type-product","3":"status-publish","4":"has-post-thumbnail","6":"product_brand-dua-kuali","7":"product_cat-mausteseokset","8":"product_tag-uutuus","10":"first","11":"instock","12":"taxable","13":"shipping-taxable","14":"purchasable","15":"product-type-simple"},"_links":{"self":[{"href":"https:\/\/www.indonesianmarket.fi\/fi\/wp-json\/wp\/v2\/product\/34081","targetHints":{"allow":["GET"]}}],"collection":[{"href":"https:\/\/www.indonesianmarket.fi\/fi\/wp-json\/wp\/v2\/product"}],"about":[{"href":"https:\/\/www.indonesianmarket.fi\/fi\/wp-json\/wp\/v2\/types\/product"}],"version-history":[{"count":2,"href":"https:\/\/www.indonesianmarket.fi\/fi\/wp-json\/wp\/v2\/product\/34081\/revisions"}],"predecessor-version":[{"id":34593,"href":"https:\/\/www.indonesianmarket.fi\/fi\/wp-json\/wp\/v2\/product\/34081\/revisions\/34593"}],"wp:featuredmedia":[{"embeddable":true,"href":"https:\/\/www.indonesianmarket.fi\/fi\/wp-json\/wp\/v2\/media\/33968"}],"wp:attachment":[{"href":"https:\/\/www.indonesianmarket.fi\/fi\/wp-json\/wp\/v2\/media?parent=34081"}],"wp:term":[{"taxonomy":"product_brand","embeddable":true,"href":"https:\/\/www.indonesianmarket.fi\/fi\/wp-json\/wp\/v2\/product_brand?post=34081"},{"taxonomy":"product_cat","embeddable":true,"href":"https:\/\/www.indonesianmarket.fi\/fi\/wp-json\/wp\/v2\/product_cat?post=34081"},{"taxonomy":"product_tag","embeddable":true,"href":"https:\/\/www.indonesianmarket.fi\/fi\/wp-json\/wp\/v2\/product_tag?post=34081"}],"curies":[{"name":"wp","href":"https:\/\/api.w.org\/{rel}","templated":true}]}}