{"id":34026,"date":"2026-03-26T16:18:30","date_gmt":"2026-03-26T14:18:30","guid":{"rendered":"https:\/\/www.indonesianmarket.fi\/product\/adarasa-jahe-wangi-inkivaari-juoma-100-g\/"},"modified":"2026-04-17T12:21:57","modified_gmt":"2026-04-17T09:21:57","slug":"adarasa-jahe-wangi-inkivaari-juoma-100-g","status":"publish","type":"product","link":"https:\/\/www.indonesianmarket.fi\/fi\/tuote\/adarasa-jahe-wangi-inkivaari-juoma-100-g\/","title":{"rendered":"Adarasa Jahe Wangi Inkiv\u00e4\u00e4ri juoma 100 g"},"content":{"rendered":"<p>Jahe Wangi Inkiv\u00e4\u00e4rijuomajauhe \/ ingef\u00e4rsdryckspulver<\/p>\n<p>Nettopaino \/ Nettovikt: 125 g (5 x 25 g).<\/p>\n<p>Ainesosat: sokeri, inkiv\u00e4\u00e4ri (20 %), palmusokeri, sitruunaruoho, suola.<\/p>\n<p>Ingredienser: socker, ingef\u00e4ra (20 %), palmsocker, citrongr\u00e4s, salt.<\/p>\n<p>Ravintosis\u00e4lt\u00f6\/ N\u00e4ringsinneh\u00e5ll 100 g: Energiaa\/Energi 1605 kJ (383 kcal), Rasvaa\/Fett 0 g, josta tyydyttynyt\u00e4\/varav m\u00e4ttat 0 g, Hiilihydraatteja\/ Kolhydrater 95 g, josta sokereita\/varav sockerarter 51,7 g, Proteiinia\/Protein 0,84 g, Suola\/Salt 0,2 g.<\/p>\n<p>Alkuper\u00e4maa \/ Ursprungsland: Indonesia\/Indonesien<\/p>\n<p>Maahantuoja \/ Import\u00f6r: JK Alho, PL 18, 20251 Turku \/ \u00c5bo www.indonesianmarket.fi<\/p>\n<p>P\u00e4ivit\u00e4mme tuotetietoja aktiivisesti. Suosittelemme kuitenkin tarkistamaan ainesosat aina my\u00f6s myyntipakkauksesta.<\/p>\n","protected":false},"excerpt":{"rendered":"<p>Jahe Wangi Inkiv\u00e4\u00e4rijuomajauhe \/ ingef\u00e4rsdryckspulver Nettopaino \/ Nettovikt: 125 g (5 x 25 g). Ainesosat: sokeri, inkiv\u00e4\u00e4ri (20 %), palmusokeri, sitruunaruoho, suola. Ingredienser: socker, ingef\u00e4ra (20 %), palmsocker, citrongr\u00e4s, salt. Ravintosis\u00e4lt\u00f6\/ N\u00e4ringsinneh\u00e5ll 100 g: Energiaa\/Energi 1605 kJ (383 kcal), Rasvaa\/Fett 0 g, josta tyydyttynyt\u00e4\/varav m\u00e4ttat 0 g, Hiilihydraatteja\/ Kolhydrater 95 g, josta sokereita\/varav sockerarter 51,7<\/p>\n<div class=\"klb-readmore entry-button\"><a class=\"button\" href=\"https:\/\/www.indonesianmarket.fi\/fi\/tuote\/adarasa-jahe-wangi-inkivaari-juoma-100-g\/\">Read More<\/a><\/div>\n","protected":false},"featured_media":34023,"template":"","meta":[],"product_brand":[2234],"product_cat":[1665],"product_tag":[2178],"class_list":{"0":"post-34026","1":"product","2":"type-product","3":"status-publish","4":"has-post-thumbnail","6":"product_brand-adarasa","7":"product_cat-juomat-kahvit-ja-teet","8":"product_tag-uutuus","10":"first","11":"instock","12":"taxable","13":"shipping-taxable","14":"purchasable","15":"product-type-simple"},"_links":{"self":[{"href":"https:\/\/www.indonesianmarket.fi\/fi\/wp-json\/wp\/v2\/product\/34026","targetHints":{"allow":["GET"]}}],"collection":[{"href":"https:\/\/www.indonesianmarket.fi\/fi\/wp-json\/wp\/v2\/product"}],"about":[{"href":"https:\/\/www.indonesianmarket.fi\/fi\/wp-json\/wp\/v2\/types\/product"}],"version-history":[{"count":5,"href":"https:\/\/www.indonesianmarket.fi\/fi\/wp-json\/wp\/v2\/product\/34026\/revisions"}],"predecessor-version":[{"id":34615,"href":"https:\/\/www.indonesianmarket.fi\/fi\/wp-json\/wp\/v2\/product\/34026\/revisions\/34615"}],"wp:featuredmedia":[{"embeddable":true,"href":"https:\/\/www.indonesianmarket.fi\/fi\/wp-json\/wp\/v2\/media\/34023"}],"wp:attachment":[{"href":"https:\/\/www.indonesianmarket.fi\/fi\/wp-json\/wp\/v2\/media?parent=34026"}],"wp:term":[{"taxonomy":"product_brand","embeddable":true,"href":"https:\/\/www.indonesianmarket.fi\/fi\/wp-json\/wp\/v2\/product_brand?post=34026"},{"taxonomy":"product_cat","embeddable":true,"href":"https:\/\/www.indonesianmarket.fi\/fi\/wp-json\/wp\/v2\/product_cat?post=34026"},{"taxonomy":"product_tag","embeddable":true,"href":"https:\/\/www.indonesianmarket.fi\/fi\/wp-json\/wp\/v2\/product_tag?post=34026"}],"curies":[{"name":"wp","href":"https:\/\/api.w.org\/{rel}","templated":true}]}}