{"id":33105,"date":"2026-02-06T12:17:35","date_gmt":"2026-02-06T10:17:35","guid":{"rendered":"https:\/\/www.indonesianmarket.fi\/product\/inaco-nata-de-coco-mango-maku-200-g\/"},"modified":"2026-03-27T02:49:10","modified_gmt":"2026-03-27T00:49:10","slug":"inaco-nata-de-coco-mango-maku-200-g","status":"publish","type":"product","link":"https:\/\/www.indonesianmarket.fi\/fi\/tuote\/inaco-nata-de-coco-mango-maku-200-g\/","title":{"rendered":"Inaco nata de coco MANGO-maku 200 g"},"content":{"rendered":"<p>Kookoshyytel\u00f6 Mango-maku \/ kokosgel\u00e9 mangosmak<\/p>\n<p>Nettopaino\/Nettovikt: 200 g.<\/p>\n<p>Ainesosat: vesi, nata de coco, sokeri, synteettinen mangoaromi, happamuudens\u00e4\u00e4t\u00f6aineet sitruunahappo (E330) ja omenahappo (E296), s\u00e4il\u00f6nt\u00e4aine kaliumsorbaatti (E202), sakeuttamisaine natriumkarboksimetyyliselluloosa (E466), luonnollinen makeutusaine stevioliglykosidit, suola.<\/p>\n<p>Ingredienser: vatten, nata de coco, socker, syntetisk mangoarom, surhetsreglerande medel citronsyra (E330) och \u00e4ppelsyra (E296), konserveringsmedel kaliumsorbat (E202), f\u00f6rtjockningsmedel natriumkarboximetylcellulosa (E466), naturligt s\u00f6tningsmedel steviolglykosider, salt.<\/p>\n<p>Alkuper\u00e4maa \/ Ursprungsland: Indonesia\/Indonesien.<\/p>\n<p>Ravintosis\u00e4lt\u00f6\/ N\u00e4ringsinneh\u00e5ll 200 g: Energiaa\/Energi 90 kcal, Rasvaa\/Fett 0 g, josta tyydyttynyt\u00e4\/varav m\u00e4ttat 0 g, Hiilihydraatteja\/Kolhydrater 21 g, josta sokereita\/varav sockerarter 17 g, Kuitu\/fibre 4 g, Proteiinia\/Protein 0 g, Suola\/Salt 0,030 g.<\/p>\n<p>Maahantuoja \/ Import\u00f6r: JK Alho, PL 18, 20251 Turku \/ \u00c5bo www.indonesianmarket.fi www.indonesianmarket.fi<\/p>\n<p>P\u00e4ivit\u00e4mme tuotetietoja aktiivisesti. Suosittelemme kuitenkin tarkistamaan ainesosat aina my\u00f6s myyntipakkauksesta. <\/p>\n","protected":false},"excerpt":{"rendered":"<p>Kookoshyytel\u00f6 Mango-maku \/ kokosgel\u00e9 mangosmak Nettopaino\/Nettovikt: 200 g. Ainesosat: vesi, nata de coco, sokeri, synteettinen mangoaromi, happamuudens\u00e4\u00e4t\u00f6aineet sitruunahappo (E330) ja omenahappo (E296), s\u00e4il\u00f6nt\u00e4aine kaliumsorbaatti (E202), sakeuttamisaine natriumkarboksimetyyliselluloosa (E466), luonnollinen makeutusaine stevioliglykosidit, suola. Ingredienser: vatten, nata de coco, socker, syntetisk mangoarom, surhetsreglerande medel citronsyra (E330) och \u00e4ppelsyra (E296), konserveringsmedel kaliumsorbat (E202), f\u00f6rtjockningsmedel natriumkarboximetylcellulosa (E466), naturligt s\u00f6tningsmedel<\/p>\n<div class=\"klb-readmore entry-button\"><a class=\"button\" href=\"https:\/\/www.indonesianmarket.fi\/fi\/tuote\/inaco-nata-de-coco-mango-maku-200-g\/\">Read More<\/a><\/div>\n","protected":false},"featured_media":33060,"template":"","meta":[],"product_brand":[],"product_cat":[1665,1641,1668],"product_tag":[2178],"class_list":{"0":"post-33105","1":"product","2":"type-product","3":"status-publish","4":"has-post-thumbnail","6":"product_cat-juomat-kahvit-ja-teet","7":"product_cat-kookostuotteet","8":"product_cat-livonta","9":"product_tag-uutuus","11":"first","12":"instock","13":"taxable","14":"shipping-taxable","15":"purchasable","16":"product-type-simple"},"_links":{"self":[{"href":"https:\/\/www.indonesianmarket.fi\/fi\/wp-json\/wp\/v2\/product\/33105","targetHints":{"allow":["GET"]}}],"collection":[{"href":"https:\/\/www.indonesianmarket.fi\/fi\/wp-json\/wp\/v2\/product"}],"about":[{"href":"https:\/\/www.indonesianmarket.fi\/fi\/wp-json\/wp\/v2\/types\/product"}],"version-history":[{"count":3,"href":"https:\/\/www.indonesianmarket.fi\/fi\/wp-json\/wp\/v2\/product\/33105\/revisions"}],"predecessor-version":[{"id":34091,"href":"https:\/\/www.indonesianmarket.fi\/fi\/wp-json\/wp\/v2\/product\/33105\/revisions\/34091"}],"wp:featuredmedia":[{"embeddable":true,"href":"https:\/\/www.indonesianmarket.fi\/fi\/wp-json\/wp\/v2\/media\/33060"}],"wp:attachment":[{"href":"https:\/\/www.indonesianmarket.fi\/fi\/wp-json\/wp\/v2\/media?parent=33105"}],"wp:term":[{"taxonomy":"product_brand","embeddable":true,"href":"https:\/\/www.indonesianmarket.fi\/fi\/wp-json\/wp\/v2\/product_brand?post=33105"},{"taxonomy":"product_cat","embeddable":true,"href":"https:\/\/www.indonesianmarket.fi\/fi\/wp-json\/wp\/v2\/product_cat?post=33105"},{"taxonomy":"product_tag","embeddable":true,"href":"https:\/\/www.indonesianmarket.fi\/fi\/wp-json\/wp\/v2\/product_tag?post=33105"}],"curies":[{"name":"wp","href":"https:\/\/api.w.org\/{rel}","templated":true}]}}