{"id":33099,"date":"2026-02-06T12:14:49","date_gmt":"2026-02-06T10:14:49","guid":{"rendered":"https:\/\/www.indonesianmarket.fi\/product\/inaco-nata-de-coco-apelsiinin-maku-200-g\/"},"modified":"2026-03-27T02:49:29","modified_gmt":"2026-03-27T00:49:29","slug":"inaco-nata-de-coco-apelsiinin-maku-200-g","status":"publish","type":"product","link":"https:\/\/www.indonesianmarket.fi\/fi\/tuote\/inaco-nata-de-coco-apelsiinin-maku-200-g\/","title":{"rendered":"Inaco nata de coco APELSIININ maku 200 g"},"content":{"rendered":"<p>Kookoshyytel\u00f6 Apelsiinin maku \/ kokosgel\u00e9 apelsinsmak<\/p>\n<p>Nettopaino\/Nettovikt: 200 g.<\/p>\n<p>Ainesosat: vesi, nata de coco, sokeri, basilikan siemenet, synteettinen appelsiiniaromi, happamuudens\u00e4\u00e4t\u00f6aineet sitruunahappo (E330) ja omenahappo (E296), sakeuttamisaine natriumkarboksimetyyliselluloosa (E466), s\u00e4il\u00f6nt\u00e4aine kaliumsorbaatti (E202), elintarvikev\u00e4ri Sunset Yellow FCF (CI nro 15985) (E110). E110 voi heikent\u00e4\u00e4 lasten aktiivisuutta ja tarkkaavaisuutta. <\/p>\n<p>Ingredienser: vatten, nata de coco, socker, basilikafr\u00f6n, syntetisk apelsinarom, surhetsreglerande medel citronsyra (E330) och \u00e4ppelsyra (E296), f\u00f6rtjockningsmedel natriumkarboximetylcellulosa (E466), konserveringsmedel kaliumsorbat (E202), livsmedelsf\u00e4rg\u00e4mne Sunset Yellow FCF (CI nr 15985) (E110). E110 kan p\u00e5verka barns aktivitet och koncentration negativt. <\/p>\n<p>Alkuper\u00e4maa \/ Ursprungsland: Indonesia\/Indonesien.<\/p>\n<p>Ravintosis\u00e4lt\u00f6\/ N\u00e4ringsinneh\u00e5ll 200 g: Energiaa\/Energi 90 kcal, Rasvaa\/Fett 0 g, josta tyydyttynyt\u00e4\/varav m\u00e4ttat 0 g, Hiilihydraatteja\/Kolhydrater 23 g, josta sokereita\/varav sockerarter 19 g, Kuitu\/fibre 4 g, Proteiinia\/Protein 0 g, Suola\/Salt 0,025 g.<\/p>\n<p>Maahantuoja \/ Import\u00f6r: JK Alho, PL 18, 20251 Turku \/ \u00c5bo www.indonesianmarket.fi www.indonesianmarket.fi<\/p>\n<p>P\u00e4ivit\u00e4mme tuotetietoja aktiivisesti. Suosittelemme kuitenkin tarkistamaan ainesosat aina my\u00f6s myyntipakkauksesta. <\/p>\n","protected":false},"excerpt":{"rendered":"<p>Kookoshyytel\u00f6 Apelsiinin maku \/ kokosgel\u00e9 apelsinsmak Nettopaino\/Nettovikt: 200 g. Ainesosat: vesi, nata de coco, sokeri, basilikan siemenet, synteettinen appelsiiniaromi, happamuudens\u00e4\u00e4t\u00f6aineet sitruunahappo (E330) ja omenahappo (E296), sakeuttamisaine natriumkarboksimetyyliselluloosa (E466), s\u00e4il\u00f6nt\u00e4aine kaliumsorbaatti (E202), elintarvikev\u00e4ri Sunset Yellow FCF (CI nro 15985) (E110). E110 voi heikent\u00e4\u00e4 lasten aktiivisuutta ja tarkkaavaisuutta. Ingredienser: vatten, nata de coco, socker, basilikafr\u00f6n, syntetisk apelsinarom,<\/p>\n<div class=\"klb-readmore entry-button\"><a class=\"button\" href=\"https:\/\/www.indonesianmarket.fi\/fi\/tuote\/inaco-nata-de-coco-apelsiinin-maku-200-g\/\">Read More<\/a><\/div>\n","protected":false},"featured_media":33055,"template":"","meta":[],"product_brand":[],"product_cat":[1665,1641,1668],"product_tag":[2178],"class_list":{"0":"post-33099","1":"product","2":"type-product","3":"status-publish","4":"has-post-thumbnail","6":"product_cat-juomat-kahvit-ja-teet","7":"product_cat-kookostuotteet","8":"product_cat-livonta","9":"product_tag-uutuus","11":"first","12":"instock","13":"taxable","14":"shipping-taxable","15":"purchasable","16":"product-type-simple"},"_links":{"self":[{"href":"https:\/\/www.indonesianmarket.fi\/fi\/wp-json\/wp\/v2\/product\/33099","targetHints":{"allow":["GET"]}}],"collection":[{"href":"https:\/\/www.indonesianmarket.fi\/fi\/wp-json\/wp\/v2\/product"}],"about":[{"href":"https:\/\/www.indonesianmarket.fi\/fi\/wp-json\/wp\/v2\/types\/product"}],"version-history":[{"count":2,"href":"https:\/\/www.indonesianmarket.fi\/fi\/wp-json\/wp\/v2\/product\/33099\/revisions"}],"predecessor-version":[{"id":34092,"href":"https:\/\/www.indonesianmarket.fi\/fi\/wp-json\/wp\/v2\/product\/33099\/revisions\/34092"}],"wp:featuredmedia":[{"embeddable":true,"href":"https:\/\/www.indonesianmarket.fi\/fi\/wp-json\/wp\/v2\/media\/33055"}],"wp:attachment":[{"href":"https:\/\/www.indonesianmarket.fi\/fi\/wp-json\/wp\/v2\/media?parent=33099"}],"wp:term":[{"taxonomy":"product_brand","embeddable":true,"href":"https:\/\/www.indonesianmarket.fi\/fi\/wp-json\/wp\/v2\/product_brand?post=33099"},{"taxonomy":"product_cat","embeddable":true,"href":"https:\/\/www.indonesianmarket.fi\/fi\/wp-json\/wp\/v2\/product_cat?post=33099"},{"taxonomy":"product_tag","embeddable":true,"href":"https:\/\/www.indonesianmarket.fi\/fi\/wp-json\/wp\/v2\/product_tag?post=33099"}],"curies":[{"name":"wp","href":"https:\/\/api.w.org\/{rel}","templated":true}]}}